{"id":2179,"date":"2024-09-20T08:13:40","date_gmt":"2024-09-20T08:13:40","guid":{"rendered":"https:\/\/touchscreenmfg.com\/?post_type=product&#038;p=2179"},"modified":"2024-09-20T08:13:56","modified_gmt":"2024-09-20T08:13:56","slug":"pc-touch-screen","status":"publish","type":"product","link":"https:\/\/touchscreenmfg.com\/pt\/pc-touch-screen\/","title":{"rendered":"Ecr\u00e3 t\u00e1til para PC"},"content":{"rendered":"<h2>Ecr\u00e3s t\u00e1cteis para PC: Uma escolha dur\u00e1vel e vers\u00e1til<\/h2>\n<h3 data-sourcepos=\"5:1-5:39\">Principais vantagens:<\/h3>\n<ul>\n<li><span class=\"citation-0 recitation\">Elevada resist\u00eancia ao impacto:<\/span><span class=\"citation-0 recitation citation-end-0\"> O PC \u00e9 um material altamente resistente ao impacto, o que o torna adequado para dispositivos que possam sofrer choques f\u00edsicos ou quedas.<\/span><\/li>\n<li>Resist\u00eancia \u00e0 temperatura: O PC pode suportar uma vasta gama de temperaturas, o que o torna adequado para aplica\u00e7\u00f5es industriais ou no exterior.<\/li>\n<li><span class=\"citation-1 recitation\">Resist\u00eancia qu\u00edmica:<\/span><span class=\"citation-1 recitation citation-end-1\"> O PC \u00e9 resistente a muitos produtos qu\u00edmicos e solventes, o que o torna dur\u00e1vel em ambientes agressivos.<\/span><\/li>\n<li><span class=\"citation-2 recitation\">Clareza \u00f3tica:<\/span><span class=\"citation-2 recitation citation-end-2\"> O PC oferece uma boa nitidez \u00f3tica, assegurando uma experi\u00eancia t\u00e1til clara e reactiva.<\/span><\/li>\n<\/ul>\n<h3 data-sourcepos=\"12:1-12:37\">Aplica\u00e7\u00f5es:<\/h3>\n<ul>\n<li><span class=\"citation-3 recitation\">Automa\u00e7\u00e3o industrial:<\/span><span class=\"citation-3 recitation citation-end-3\"> Os ecr\u00e3s t\u00e1cteis para PC s\u00e3o amplamente utilizados em pain\u00e9is de controlo e m\u00e1quinas industriais devido \u00e0 sua durabilidade e resist\u00eancia a condi\u00e7\u00f5es adversas.<\/span><\/li>\n<li>Quiosques de exterior: Os ecr\u00e3s t\u00e1cteis de PC s\u00e3o adequados para quiosques e terminais de informa\u00e7\u00e3o no exterior, uma vez que podem suportar a exposi\u00e7\u00e3o aos elementos.<\/li>\n<li>Setor autom\u00f3vel: O PC \u00e9 utilizado em sistemas de infoentretenimento e ecr\u00e3s de navega\u00e7\u00e3o de autom\u00f3veis, onde a durabilidade e a resist\u00eancia \u00e0 temperatura s\u00e3o essenciais.<\/li>\n<li><span class=\"citation-4 recitation\">Dispositivos m\u00e9dicos:<\/span><span class=\"citation-4 recitation citation-end-4\"> Os ecr\u00e3s t\u00e1cteis para PC encontram-se em equipamento m\u00e9dico, como dispositivos de diagn\u00f3stico e sistemas de monitoriza\u00e7\u00e3o de doentes.<\/span><\/li>\n<\/ul>\n<h3 data-sourcepos=\"19:1-19:44\">Compara\u00e7\u00e3o de ecr\u00e3s t\u00e1cteis de PMMA e PC:<\/h3>\n<div class=\"horizontal-scroll-wrapper\">\n<div class=\"table-block-component\">\n<div class=\"table-block\">\n<div class=\"table-content not-end-of-paragraph\">\n<table style=\"height: 170px;\" width=\"612\" data-sourcepos=\"21:1-27:25\">\n<tbody>\n<tr data-sourcepos=\"21:1-21:23\">\n<th data-sourcepos=\"21:1-21:9\">Carater\u00edstica<\/th>\n<th data-sourcepos=\"21:11-21:16\">PMMA<\/th>\n<th data-sourcepos=\"21:18-21:21\">PC<\/th>\n<\/tr>\n<tr data-sourcepos=\"23:1-23:40\">\n<td data-sourcepos=\"23:1-23:19\">Resist\u00eancia ao impacto<\/td>\n<td data-sourcepos=\"23:21-23:26\">Bom<\/td>\n<td data-sourcepos=\"23:28-23:38\">Excelente<\/td>\n<\/tr>\n<tr data-sourcepos=\"24:1-24:45\">\n<td data-sourcepos=\"24:1-24:24\">Resist\u00eancia \u00e0 temperatura<\/td>\n<td data-sourcepos=\"24:26-24:31\">Bom<\/td>\n<td data-sourcepos=\"24:33-24:43\">Excelente<\/td>\n<\/tr>\n<tr data-sourcepos=\"25:1-25:42\">\n<td data-sourcepos=\"25:1-25:21\">Resist\u00eancia qu\u00edmica<\/td>\n<td data-sourcepos=\"25:23-25:28\">Bom<\/td>\n<td data-sourcepos=\"25:30-25:40\">Excelente<\/td>\n<\/tr>\n<tr data-sourcepos=\"26:1-26:38\">\n<td data-sourcepos=\"26:1-26:17\">Clareza \u00f3tica<\/td>\n<td data-sourcepos=\"26:19-26:29\">Excelente<\/td>\n<td data-sourcepos=\"26:31-26:36\">Bom<\/td>\n<\/tr>\n<tr data-sourcepos=\"27:1-27:25\">\n<td data-sourcepos=\"27:1-27:6\">Custo<\/td>\n<td data-sourcepos=\"27:8-27:14\">Inferior<\/td>\n<td data-sourcepos=\"27:16-27:23\">Mais alto<\/td>\n<\/tr>\n<\/tbody>\n<\/table>\n<\/div>\n<\/div>\n<\/div>\n<\/div>","protected":false},"excerpt":{"rendered":"<p>Os ecr\u00e3s t\u00e1cteis de PC (policarbonato) s\u00e3o outra op\u00e7\u00e3o popular para dispositivos electr\u00f3nicos, oferecendo uma excelente durabilidade e resist\u00eancia ao impacto. S\u00e3o frequentemente utilizados em aplica\u00e7\u00f5es em que a durabilidade e a robustez s\u00e3o essenciais.<\/p>\n<p>Em conclus\u00e3o, tanto os ecr\u00e3s t\u00e1cteis de PMMA como os de PC oferecem um excelente desempenho e durabilidade. A escolha entre os dois materiais depende dos requisitos espec\u00edficos da aplica\u00e7\u00e3o. O PMMA \u00e9 geralmente mais econ\u00f3mico e oferece uma excelente clareza \u00f3tica, enquanto o PC \u00e9 conhecido pela sua excecional resist\u00eancia ao impacto e \u00e0 temperatura.<\/p>","protected":false},"featured_media":2180,"template":"","meta":[],"product_cat":[43],"product_tag":[],"_links":{"self":[{"href":"https:\/\/touchscreenmfg.com\/pt\/wp-json\/wp\/v2\/product\/2179"}],"collection":[{"href":"https:\/\/touchscreenmfg.com\/pt\/wp-json\/wp\/v2\/product"}],"about":[{"href":"https:\/\/touchscreenmfg.com\/pt\/wp-json\/wp\/v2\/types\/product"}],"wp:featuredmedia":[{"embeddable":true,"href":"https:\/\/touchscreenmfg.com\/pt\/wp-json\/wp\/v2\/media\/2180"}],"wp:attachment":[{"href":"https:\/\/touchscreenmfg.com\/pt\/wp-json\/wp\/v2\/media?parent=2179"}],"wp:term":[{"taxonomy":"product_cat","embeddable":true,"href":"https:\/\/touchscreenmfg.com\/pt\/wp-json\/wp\/v2\/product_cat?post=2179"},{"taxonomy":"product_tag","embeddable":true,"href":"https:\/\/touchscreenmfg.com\/pt\/wp-json\/wp\/v2\/product_tag?post=2179"}],"curies":[{"name":"wp","href":"https:\/\/api.w.org\/{rel}","templated":true}]}}