{"id":2177,"date":"2024-09-20T08:00:55","date_gmt":"2024-09-20T08:00:55","guid":{"rendered":"https:\/\/touchscreenmfg.com\/?post_type=product&#038;p=2177"},"modified":"2025-03-15T09:13:16","modified_gmt":"2025-03-15T09:13:16","slug":"pmma-touch-screen","status":"publish","type":"product","link":"https:\/\/touchscreenmfg.com\/pt\/pmma-touch-screen\/","title":{"rendered":"Ecr\u00e3 t\u00e1til PMMA"},"content":{"rendered":"<h2>Ecr\u00e3s t\u00e1cteis PMMA: Uma escolha clara e reactiva<\/h2>\n<h3 data-sourcepos=\"5:1-5:38\">Principais vantagens:<\/h3>\n<ul data-sourcepos=\"7:1-8:61\">\n<li data-sourcepos=\"7:1-7:108\">Elevada transpar\u00eancia: <a href=\"https:\/\/nylon-granules.com\/acrylic-sheet\/\" target=\"_blank\" rel=\"noopener\">PMMA<\/a> proporciona uma excelente nitidez e visibilidade, garantindo um ecr\u00e3 claro e n\u00edtido.<\/li>\n<li data-sourcepos=\"8:1-8:61\">Leve: O PMMA \u00e9 um material relativamente leve, o que o torna adequado para dispositivos port\u00e1teis.<\/li>\n<li data-sourcepos=\"9:1-9:97\">Resist\u00eancia a riscos: O PMMA oferece uma boa resist\u00eancia aos riscos, protegendo o ecr\u00e3 de danos.<\/li>\n<li data-sourcepos=\"10:1-10:29\">Resist\u00eancia qu\u00edmica: O PMMA \u00e9 resistente a uma variedade de produtos qu\u00edmicos, o que o torna adequado para utiliza\u00e7\u00e3o em ambientes agressivos.<\/li>\n<li data-sourcepos=\"11:1-12:0\">Econ\u00f3mico: O PMMA \u00e9 geralmente mais econ\u00f3mico em compara\u00e7\u00e3o com outros materiais como o vidro.<\/li>\n<\/ul>\n<h3 data-sourcepos=\"13:1-13:39\">Aplica\u00e7\u00f5es:<\/h3>\n<ul data-sourcepos=\"15:1-17:89\">\n<li data-sourcepos=\"15:1-15:170\">Smartphones e tablets: O PMMA \u00e9 habitualmente utilizado nos ecr\u00e3s t\u00e1cteis de smartphones e tablets devido \u00e0 sua combina\u00e7\u00e3o de clareza, durabilidade e rela\u00e7\u00e3o custo-efic\u00e1cia.<\/li>\n<li data-sourcepos=\"16:1-16:150\">Sistemas de ponto de venda (POS): Os ecr\u00e3s t\u00e1cteis PMMA s\u00e3o amplamente utilizados nos sectores do retalho e da hotelaria para intera\u00e7\u00f5es e transac\u00e7\u00f5es com os clientes.<\/li>\n<li data-sourcepos=\"17:1-17:89\">Automa\u00e7\u00e3o industrial: Os ecr\u00e3s t\u00e1cteis PMMA s\u00e3o utilizados em pain\u00e9is de controlo industrial e m\u00e1quinas para a introdu\u00e7\u00e3o de dados pelo operador.<\/li>\n<li data-sourcepos=\"18:1-19:0\">Dispositivos m\u00e9dicos: Os ecr\u00e3s t\u00e1cteis PMMA encontram-se em equipamento m\u00e9dico, como dispositivos de diagn\u00f3stico e sistemas de monitoriza\u00e7\u00e3o de doentes.<\/li>\n<\/ul>\n<h3 data-sourcepos=\"20:1-20:68\">Embora o PMMA ofere\u00e7a muitas vantagens, tamb\u00e9m tem algumas limita\u00e7\u00f5es:<\/h3>\n<ul data-sourcepos=\"22:1-24:0\">\n<li data-sourcepos=\"22:1-22:86\">Dureza: O PMMA n\u00e3o \u00e9 t\u00e3o duro como o vidro, o que o torna mais suscet\u00edvel a riscos.<\/li>\n<li data-sourcepos=\"23:1-24:0\">Sensibilidade \u00e0 temperatura: O PMMA pode ser afetado por temperaturas extremas, o que pode ter impacto no seu desempenho.<\/li>\n<\/ul>","protected":false},"excerpt":{"rendered":"<p data-sourcepos=\"3:1-3:93\">O PMMA, ou polimetilmetacrilato, \u00e9 um material popular para ecr\u00e3s t\u00e1cteis devido \u00e0s suas excelentes propriedades \u00f3pticas e durabilidade. Os ecr\u00e3s t\u00e1cteis PMMA oferecem uma solu\u00e7\u00e3o clara, reactiva e econ\u00f3mica para v\u00e1rios dispositivos electr\u00f3nicos.<\/p>\n<p data-sourcepos=\"3:1-3:93\">Em geral, os ecr\u00e3s t\u00e1cteis PMMA constituem uma solu\u00e7\u00e3o fi\u00e1vel e econ\u00f3mica para uma vasta gama de aplica\u00e7\u00f5es. A sua combina\u00e7\u00e3o de clareza, durabilidade e pre\u00e7o acess\u00edvel torna-os uma escolha popular na ind\u00fastria eletr\u00f3nica.<\/p>","protected":false},"featured_media":2178,"template":"","meta":[],"product_cat":[43],"product_tag":[],"_links":{"self":[{"href":"https:\/\/touchscreenmfg.com\/pt\/wp-json\/wp\/v2\/product\/2177"}],"collection":[{"href":"https:\/\/touchscreenmfg.com\/pt\/wp-json\/wp\/v2\/product"}],"about":[{"href":"https:\/\/touchscreenmfg.com\/pt\/wp-json\/wp\/v2\/types\/product"}],"wp:featuredmedia":[{"embeddable":true,"href":"https:\/\/touchscreenmfg.com\/pt\/wp-json\/wp\/v2\/media\/2178"}],"wp:attachment":[{"href":"https:\/\/touchscreenmfg.com\/pt\/wp-json\/wp\/v2\/media?parent=2177"}],"wp:term":[{"taxonomy":"product_cat","embeddable":true,"href":"https:\/\/touchscreenmfg.com\/pt\/wp-json\/wp\/v2\/product_cat?post=2177"},{"taxonomy":"product_tag","embeddable":true,"href":"https:\/\/touchscreenmfg.com\/pt\/wp-json\/wp\/v2\/product_tag?post=2177"}],"curies":[{"name":"wp","href":"https:\/\/api.w.org\/{rel}","templated":true}]}}