{"id":1871,"date":"2024-08-07T02:46:18","date_gmt":"2024-08-07T02:46:18","guid":{"rendered":"https:\/\/touchscreenmfg.com\/?post_type=product&#038;p=1871"},"modified":"2024-08-07T02:58:47","modified_gmt":"2024-08-07T02:58:47","slug":"car-light-touch-switch","status":"publish","type":"product","link":"https:\/\/touchscreenmfg.com\/pt\/car-light-touch-switch\/","title":{"rendered":"Interruptor t\u00e1til da luz do autom\u00f3vel"},"content":{"rendered":"<h3><strong><b>Vantagens dos interruptores t\u00e1cteis para luzes de autom\u00f3veis<\/b><\/strong><\/h3>\n<ul>\n<li><strong>Est\u00e9tica melhorada:<\/strong>\u00a0O design elegante e minimalista contribui para um interior de autom\u00f3vel moderno.<\/li>\n<li><strong>Melhoria da usabilidade:<\/strong>\u00a0A interface t\u00e1til intuitiva reduz a distra\u00e7\u00e3o do condutor.<\/li>\n<li><strong>Durabilidade:<\/strong>\u00a0Resistente ao desgaste, garante um desempenho duradouro.<\/li>\n<li><strong>Personaliza\u00e7\u00e3o:<\/strong>\u00a0Pode ser programado com v\u00e1rias fun\u00e7\u00f5es e modos de ilumina\u00e7\u00e3o.<\/li>\n<li><strong>Higiene:<\/strong>\u00a0Mais f\u00e1cil de limpar do que os bot\u00f5es f\u00edsicos.<\/li>\n<\/ul>\n<h3><strong><b>Tipos de interruptores t\u00e1cteis para luzes de autom\u00f3veis<\/b><\/strong><\/h3>\n<ul>\n<li><strong>Interruptores t\u00e1cteis capacitivos:<\/strong>\u00a0Reagir \u00e0s altera\u00e7\u00f5es de capacit\u00e2ncia provocadas pelo corpo humano.<\/li>\n<li><strong>Interruptores t\u00e1cteis resistivos:<\/strong>\u00a0Detetar altera\u00e7\u00f5es na resist\u00eancia el\u00e9ctrica quando pressionado.<\/li>\n<li><strong>Interruptores t\u00e1cteis capacitivos projectados:<\/strong>\u00a0Oferecem maior sensibilidade e precis\u00e3o.<\/li>\n<\/ul>\n<h3><strong><b>Aplica\u00e7\u00f5es em ve\u00edculos<\/b><\/strong><\/h3>\n<p>Os interruptores t\u00e1cteis para luzes de autom\u00f3veis s\u00e3o normalmente utilizados para:<\/p>\n<ul>\n<li><strong>Comandos dos far\u00f3is:<\/strong>\u00a0Ajustar o brilho, os padr\u00f5es de feixe e as fun\u00e7\u00f5es de ligar\/desligar automaticamente.<\/li>\n<li><strong>Ilumina\u00e7\u00e3o interior:<\/strong>\u00a0Controlo da ilumina\u00e7\u00e3o ambiente, das luzes de leitura e da ilumina\u00e7\u00e3o ambiente.<\/li>\n<li><strong>Controlos do painel de instrumentos:<\/strong>\u00a0Funcionamento do controlo da climatiza\u00e7\u00e3o, dos sistemas \u00e1udio e de outras carater\u00edsticas do ve\u00edculo.<\/li>\n<\/ul>","protected":false},"excerpt":{"rendered":"<h3 data-sourcepos=\"5:1-5:37\">Como funcionam os interruptores t\u00e1cteis das luzes dos autom\u00f3veis<\/h3>\n<p data-sourcepos=\"7:1-7:243\"><span class=\"citation-1 recitation citation-end-1\">Os interruptores t\u00e1cteis para autom\u00f3veis utilizam normalmente tecnologia capacitiva ou resistiva para detetar o contacto do dedo.<\/span> Quando um dedo toca na superf\u00edcie do interrutor, cria uma altera\u00e7\u00e3o na capacit\u00e2ncia ou resist\u00eancia, accionando a fun\u00e7\u00e3o desejada.<\/p>","protected":false},"featured_media":1872,"template":"","meta":[],"product_cat":[42],"product_tag":[],"_links":{"self":[{"href":"https:\/\/touchscreenmfg.com\/pt\/wp-json\/wp\/v2\/product\/1871"}],"collection":[{"href":"https:\/\/touchscreenmfg.com\/pt\/wp-json\/wp\/v2\/product"}],"about":[{"href":"https:\/\/touchscreenmfg.com\/pt\/wp-json\/wp\/v2\/types\/product"}],"wp:featuredmedia":[{"embeddable":true,"href":"https:\/\/touchscreenmfg.com\/pt\/wp-json\/wp\/v2\/media\/1872"}],"wp:attachment":[{"href":"https:\/\/touchscreenmfg.com\/pt\/wp-json\/wp\/v2\/media?parent=1871"}],"wp:term":[{"taxonomy":"product_cat","embeddable":true,"href":"https:\/\/touchscreenmfg.com\/pt\/wp-json\/wp\/v2\/product_cat?post=1871"},{"taxonomy":"product_tag","embeddable":true,"href":"https:\/\/touchscreenmfg.com\/pt\/wp-json\/wp\/v2\/product_tag?post=1871"}],"curies":[{"name":"wp","href":"https:\/\/api.w.org\/{rel}","templated":true}]}}