{"id":1862,"date":"2024-08-07T02:42:39","date_gmt":"2024-08-07T02:42:39","guid":{"rendered":"https:\/\/touchscreenmfg.com\/?post_type=product&#038;p=1862"},"modified":"2024-08-07T02:54:53","modified_gmt":"2024-08-07T02:54:53","slug":"car-center-console-touch-film","status":"publish","type":"product","link":"https:\/\/touchscreenmfg.com\/pt\/car-center-console-touch-film\/","title":{"rendered":"Pel\u00edcula t\u00e1til para a consola central do autom\u00f3vel"},"content":{"rendered":"<h3><strong>Aplica\u00e7\u00f5es de pel\u00edcula t\u00e1til<\/strong><\/h3>\n<p id=\"tw-target-text\" class=\"tw-data-text tw-text-large tw-ta\" dir=\"ltr\" data-placeholder=\"Translation\" aria-label=\"Texto traduzido\" data-ved=\"2ahUKEwie_Z3B7OGHAxW_bfUHHYxgEGkQ3ewLegQIERAU\"><span class=\"Y2IQFc\" lang=\"en\">A auto-capacit\u00e2ncia determina se um dedo toca no el\u00e9trodo atrav\u00e9s da dete\u00e7\u00e3o de altera\u00e7\u00f5es na capacit\u00e2ncia eletrost\u00e1tica. A capacit\u00e2ncia \u00e9 digitalizada e detectada de acordo com um determinado ciclo. \u00c9 poss\u00edvel avaliar se um dedo toca no el\u00e9trodo com base na altera\u00e7\u00e3o do valor medido. A MCU efectua ciclos de acordo com um determinado ciclo. A capacit\u00e2ncia do el\u00e9trodo \u00e9 verificada e detectada. Quando o dedo est\u00e1 afastado do el\u00e9trodo, o valor da capacit\u00e2ncia permanece num valor de contagem est\u00e1vel. Quando um dedo se aproxima ou toca no valor da capacit\u00e2ncia, o valor da capacit\u00e2ncia aumenta e o valor da contagem aumenta. Quando o dedo se afasta do el\u00e9trodo, o valor da capacit\u00e2ncia diminui de acordo com o valor de contagem. O valor de contagem que diminui e permanece est\u00e1vel quando o dedo se afasta do el\u00e9trodo \u00e9 designado por valor de base. Sobrepomos um valor limite a este valor base como o valor cr\u00edtico. Quando o valor de contagem \u00e9 superior a este valor cr\u00edtico, o interrutor de avalia\u00e7\u00e3o est\u00e1 ligado. Quando o valor de contagem \u00e9 inferior a este valor cr\u00edtico, o interrutor \u00e9 considerado DESLIGADO.<\/span><\/p>","protected":false},"excerpt":{"rendered":"<h3 id=\"tw-target-text\" class=\"tw-data-text tw-text-large tw-ta\" dir=\"ltr\" data-placeholder=\"Translation\" aria-label=\"Texto traduzido\" data-ved=\"2ahUKEwie_Z3B7OGHAxW_bfUHHYxgEGkQ3ewLegQIERAU\"><strong><span class=\"Y2IQFc\" lang=\"en\">Princ\u00edpio de aplica\u00e7\u00e3o da pel\u00edcula t\u00e1til<\/span><\/strong><\/h3>\n<p>A velocidade de movimento da carga \u00e9 constante, pelo que quanto maior for a capacit\u00e2ncia, maior ser\u00e1 o tempo de carga e descarga e maior ser\u00e1 a quantidade de corrente. Assim, podemos utilizar a dura\u00e7\u00e3o do tempo de carga e descarga e a quantidade de corrente de carga e descarga para avaliar o tamanho do condensador. Desde que exista um estado que possamos alcan\u00e7ar e recolher uma mudan\u00e7a de estado est\u00e1vel, podemos utilizar esta mudan\u00e7a para implementar um sinal de comuta\u00e7\u00e3o.<\/p>","protected":false},"featured_media":1863,"template":"","meta":[],"product_cat":[42],"product_tag":[],"_links":{"self":[{"href":"https:\/\/touchscreenmfg.com\/pt\/wp-json\/wp\/v2\/product\/1862"}],"collection":[{"href":"https:\/\/touchscreenmfg.com\/pt\/wp-json\/wp\/v2\/product"}],"about":[{"href":"https:\/\/touchscreenmfg.com\/pt\/wp-json\/wp\/v2\/types\/product"}],"wp:featuredmedia":[{"embeddable":true,"href":"https:\/\/touchscreenmfg.com\/pt\/wp-json\/wp\/v2\/media\/1863"}],"wp:attachment":[{"href":"https:\/\/touchscreenmfg.com\/pt\/wp-json\/wp\/v2\/media?parent=1862"}],"wp:term":[{"taxonomy":"product_cat","embeddable":true,"href":"https:\/\/touchscreenmfg.com\/pt\/wp-json\/wp\/v2\/product_cat?post=1862"},{"taxonomy":"product_tag","embeddable":true,"href":"https:\/\/touchscreenmfg.com\/pt\/wp-json\/wp\/v2\/product_tag?post=1862"}],"curies":[{"name":"wp","href":"https:\/\/api.w.org\/{rel}","templated":true}]}}