{"id":1627,"date":"2024-06-29T01:18:12","date_gmt":"2024-06-29T01:18:12","guid":{"rendered":"https:\/\/touchscreenmfg.com\/?post_type=product&#038;p=1627"},"modified":"2024-06-29T01:50:18","modified_gmt":"2024-06-29T01:50:18","slug":"planar-resistive-touch-screen","status":"publish","type":"product","link":"https:\/\/touchscreenmfg.com\/pt\/planar-resistive-touch-screen\/","title":{"rendered":"Ecr\u00e3 t\u00e1til resistivo planar"},"content":{"rendered":"<p data-sourcepos=\"3:1-3:111\">Os ecr\u00e3s t\u00e1cteis resistivos planares oferecem uma solu\u00e7\u00e3o comprovada e rent\u00e1vel para aplica\u00e7\u00f5es t\u00e1cteis. Estes ecr\u00e3s t\u00e1cteis duradouros utilizam uma camada sens\u00edvel \u00e0 press\u00e3o que responde ao contacto f\u00edsico, proporcionando uma experi\u00eancia t\u00e1til fi\u00e1vel e intuitiva.<\/p>\n<p data-sourcepos=\"5:1-5:51\"><strong>Carater\u00edsticas principais:<\/strong><\/p>\n<ul data-sourcepos=\"7:1-9:11\">\n<li data-sourcepos=\"7:1-8:0\">\n<p data-sourcepos=\"7:3-7:185\"><strong>Reconhecimento t\u00e1til preciso e reativo:<\/strong> Os ecr\u00e3s t\u00e1cteis resistivos planares permitem uma dete\u00e7\u00e3o precisa do toque, assegurando uma intera\u00e7\u00e3o precisa e reactiva com os ecr\u00e3s t\u00e1cteis.<\/p>\n<\/li>\n<li data-sourcepos=\"9:1-9:11\">\n<p data-sourcepos=\"9:3-9:11\"><strong>Constru\u00e7\u00e3o duradoura:<\/strong> O design robusto dos ecr\u00e3s t\u00e1cteis resistivos resiste a uma utiliza\u00e7\u00e3o intensiva e a ambientes agressivos, tornando-os ideais para aplica\u00e7\u00f5es comerciais e industriais.<\/p>\n<\/li>\n<li data-sourcepos=\"11:1-11:27\">\n<p data-sourcepos=\"11:3-11:27\"><strong>Solu\u00e7\u00e3o rent\u00e1vel:<\/strong> Em compara\u00e7\u00e3o com os ecr\u00e3s t\u00e1cteis capacitivos, os ecr\u00e3s t\u00e1cteis baseados na press\u00e3o oferecem uma op\u00e7\u00e3o mais econ\u00f3mica, especialmente para ecr\u00e3s de maiores dimens\u00f5es.<\/p>\n<\/li>\n<\/ul>\n<p data-sourcepos=\"13:1-13:51\"><strong>Aplica\u00e7\u00f5es:<\/strong><\/p>\n<ul data-sourcepos=\"15:1-18:0\">\n<li data-sourcepos=\"15:1-16:0\">\n<p data-sourcepos=\"15:3-15:180\"><strong>Sistemas de ponto de venda (POS):<\/strong> Os ecr\u00e3s t\u00e1cteis resistivos s\u00e3o amplamente utilizados nos sistemas POS devido \u00e0 sua fiabilidade, acessibilidade e capacidade de resistir a toques frequentes.<\/p>\n<\/li>\n<li data-sourcepos=\"17:1-18:0\">\n<p data-sourcepos=\"17:3-17:177\"><strong>Pain\u00e9is de controlo industrial:<\/strong> Em ambientes industriais, os ecr\u00e3s t\u00e1cteis resistivos constituem uma solu\u00e7\u00e3o robusta e duradoura para controlar m\u00e1quinas e monitorizar processos.<\/p>\n<\/li>\n<li data-sourcepos=\"19:1-20:0\">\n<p data-sourcepos=\"19:3-19:161\"><strong>Quiosques de informa\u00e7\u00e3o ao p\u00fablico:<\/strong> Os ecr\u00e3s t\u00e1cteis resistivos planares permitem a exist\u00eancia de quiosques de informa\u00e7\u00e3o p\u00fablica interactivos, oferecendo uma f\u00e1cil navega\u00e7\u00e3o e acesso \u00e0 informa\u00e7\u00e3o.<\/p>\n<\/li>\n<li data-sourcepos=\"21:1-22:0\">\n<p data-sourcepos=\"21:3-21:176\"><strong>Expositores did\u00e1cticos:<\/strong> Em contextos educativos, os ecr\u00e3s t\u00e1cteis baseados na press\u00e3o facilitam experi\u00eancias de aprendizagem interactivas e envolvem os alunos em actividades baseadas no toque.<\/p>\n<\/li>\n<\/ul>","protected":false},"excerpt":{"rendered":"<p>Os ecr\u00e3s t\u00e1cteis resistivos planares continuam a ser uma escolha popular para uma vasta gama de aplica\u00e7\u00f5es devido ao seu desempenho fi\u00e1vel, acessibilidade e durabilidade. Oferecem uma solu\u00e7\u00e3o comprovada e econ\u00f3mica para ecr\u00e3s t\u00e1cteis, o que os torna um recurso valioso para v\u00e1rias ind\u00fastrias e ambientes.<\/p>","protected":false},"featured_media":1569,"template":"","meta":[],"product_cat":[41],"product_tag":[],"_links":{"self":[{"href":"https:\/\/touchscreenmfg.com\/pt\/wp-json\/wp\/v2\/product\/1627"}],"collection":[{"href":"https:\/\/touchscreenmfg.com\/pt\/wp-json\/wp\/v2\/product"}],"about":[{"href":"https:\/\/touchscreenmfg.com\/pt\/wp-json\/wp\/v2\/types\/product"}],"wp:featuredmedia":[{"embeddable":true,"href":"https:\/\/touchscreenmfg.com\/pt\/wp-json\/wp\/v2\/media\/1569"}],"wp:attachment":[{"href":"https:\/\/touchscreenmfg.com\/pt\/wp-json\/wp\/v2\/media?parent=1627"}],"wp:term":[{"taxonomy":"product_cat","embeddable":true,"href":"https:\/\/touchscreenmfg.com\/pt\/wp-json\/wp\/v2\/product_cat?post=1627"},{"taxonomy":"product_tag","embeddable":true,"href":"https:\/\/touchscreenmfg.com\/pt\/wp-json\/wp\/v2\/product_tag?post=1627"}],"curies":[{"name":"wp","href":"https:\/\/api.w.org\/{rel}","templated":true}]}}