{"id":1626,"date":"2024-06-29T01:13:20","date_gmt":"2024-06-29T01:13:20","guid":{"rendered":"https:\/\/touchscreenmfg.com\/?post_type=product&#038;p=1626"},"modified":"2024-06-29T02:10:54","modified_gmt":"2024-06-29T02:10:54","slug":"4-wire-resistive-touch-screens","status":"publish","type":"product","link":"https:\/\/touchscreenmfg.com\/pt\/4-wire-resistive-touch-screens\/","title":{"rendered":"Ecr\u00e3s t\u00e1cteis resistivos de 4 fios"},"content":{"rendered":"<h2 class=\"\" data-sourcepos=\"4:1-4:104\">Ecr\u00e3s t\u00e1cteis resistivos de 4 fios: Intera\u00e7\u00e3o t\u00e1til fi\u00e1vel e econ\u00f3mica para sinaliza\u00e7\u00e3o interactiva<\/h2>\n<p data-sourcepos=\"6:1-6:51\">Os ecr\u00e3s t\u00e1cteis resistivos de 4 fios constituem uma solu\u00e7\u00e3o comprovada e econ\u00f3mica para a cria\u00e7\u00e3o de solu\u00e7\u00f5es de sinaliza\u00e7\u00e3o envolventes e interactivas. Estes ecr\u00e3s t\u00e1cteis duradouros utilizam uma camada sens\u00edvel \u00e0 press\u00e3o que responde ao contacto f\u00edsico, permitindo uma intera\u00e7\u00e3o intuitiva com ecr\u00e3s interactivos.<\/p>\n<p data-sourcepos=\"8:1-8:51\"><strong>Principais carater\u00edsticas dos ecr\u00e3s t\u00e1cteis resistivos de 4 fios<\/strong><\/p>\n<ul data-sourcepos=\"10:1-10:95\">\n<li data-sourcepos=\"10:1-10:95\">\n<p class=\"\" data-sourcepos=\"10:3-10:183\"><strong class=\"\">Reconhecimento t\u00e1til preciso e reativo:<\/strong> Os ecr\u00e3s t\u00e1cteis resistivos de 4 fios permitem uma dete\u00e7\u00e3o precisa do toque, garantindo uma intera\u00e7\u00e3o precisa e reactiva com a sinaliza\u00e7\u00e3o interactiva.<\/p>\n<\/li>\n<li data-sourcepos=\"12:1-13:0\">\n<p data-sourcepos=\"12:3-12:175\"><strong>Constru\u00e7\u00e3o duradoura:<\/strong> O design robusto dos ecr\u00e3s t\u00e1cteis resistivos de 4 fios resiste a uma utiliza\u00e7\u00e3o intensiva e a ambientes adversos, tornando-os ideais para aplica\u00e7\u00f5es de sinaliza\u00e7\u00e3o p\u00fablica.<\/p>\n<\/li>\n<li data-sourcepos=\"14:1-15:0\">\n<p data-sourcepos=\"14:3-14:170\"><strong>Solu\u00e7\u00e3o rent\u00e1vel:<\/strong> Em compara\u00e7\u00e3o com os ecr\u00e3s t\u00e1cteis capacitivos, os ecr\u00e3s t\u00e1cteis resistivos de 4 fios oferecem uma op\u00e7\u00e3o mais econ\u00f3mica, especialmente para ecr\u00e3s de maiores dimens\u00f5es.<\/p>\n<\/li>\n<\/ul>\n<p data-sourcepos=\"16:1-16:51\"><strong>Aplica\u00e7\u00f5es dos ecr\u00e3s t\u00e1cteis resistivos de 4 fios:<\/strong><\/p>\n<ul data-sourcepos=\"18:1-20:26\">\n<li data-sourcepos=\"18:1-19:0\">\n<p data-sourcepos=\"18:3-18:195\"><strong>Sinaliza\u00e7\u00e3o digital interactiva:<\/strong> Os ecr\u00e3s t\u00e1cteis resistivos de 4 fios s\u00e3o amplamente utilizados na sinaliza\u00e7\u00e3o digital interactiva, permitindo aos espectadores interagir com o conte\u00fado, fazer selec\u00e7\u00f5es e aceder a informa\u00e7\u00f5es.<\/p>\n<\/li>\n<li data-sourcepos=\"20:1-20:26\">\n<p data-sourcepos=\"20:3-20:26\"><strong>Expositores de retalho e de hotelaria:<\/strong> Em ambientes de retalho e hotelaria, os ecr\u00e3s t\u00e1cteis resistivos de 4 fios melhoram os quiosques de autosservi\u00e7o, permitindo que os clientes consultem facilmente os produtos, fa\u00e7am encomendas e efectuem pagamentos.<\/p>\n<\/li>\n<li data-sourcepos=\"22:1-23:0\">\n<p data-sourcepos=\"22:3-22:194\"><strong>Quiosques de informa\u00e7\u00e3o ao p\u00fablico:<\/strong> Os ecr\u00e3s t\u00e1cteis resistivos de 4 fios facilitam os quiosques de informa\u00e7\u00e3o p\u00fablica interactivos, proporcionando aos visitantes um acesso f\u00e1cil a mapas, diret\u00f3rios e outras informa\u00e7\u00f5es.<\/p>\n<\/li>\n<li data-sourcepos=\"24:1-25:0\">\n<p data-sourcepos=\"24:3-24:196\"><strong>Exposi\u00e7\u00f5es em museus e exposi\u00e7\u00f5es:<\/strong> Os ecr\u00e3s t\u00e1cteis resistivos de 4 fios melhoram os ecr\u00e3s de museus e exposi\u00e7\u00f5es, permitindo que os visitantes explorem as exposi\u00e7\u00f5es de forma interactiva e aprendam mais sobre os artefactos.<\/p>\n<\/li>\n<\/ul>","protected":false},"excerpt":{"rendered":"<p>Os ecr\u00e3s t\u00e1cteis resistivos de 4 fios continuam a ser uma escolha popular para sinaliza\u00e7\u00e3o interactiva devido ao seu desempenho fi\u00e1vel, acessibilidade e durabilidade. Oferecem uma solu\u00e7\u00e3o comprovada e econ\u00f3mica para ecr\u00e3s t\u00e1cteis, o que os torna um recurso valioso para v\u00e1rias aplica\u00e7\u00f5es de sinaliza\u00e7\u00e3o.<\/p>","protected":false},"featured_media":1546,"template":"","meta":[],"product_cat":[41],"product_tag":[],"_links":{"self":[{"href":"https:\/\/touchscreenmfg.com\/pt\/wp-json\/wp\/v2\/product\/1626"}],"collection":[{"href":"https:\/\/touchscreenmfg.com\/pt\/wp-json\/wp\/v2\/product"}],"about":[{"href":"https:\/\/touchscreenmfg.com\/pt\/wp-json\/wp\/v2\/types\/product"}],"wp:featuredmedia":[{"embeddable":true,"href":"https:\/\/touchscreenmfg.com\/pt\/wp-json\/wp\/v2\/media\/1546"}],"wp:attachment":[{"href":"https:\/\/touchscreenmfg.com\/pt\/wp-json\/wp\/v2\/media?parent=1626"}],"wp:term":[{"taxonomy":"product_cat","embeddable":true,"href":"https:\/\/touchscreenmfg.com\/pt\/wp-json\/wp\/v2\/product_cat?post=1626"},{"taxonomy":"product_tag","embeddable":true,"href":"https:\/\/touchscreenmfg.com\/pt\/wp-json\/wp\/v2\/product_tag?post=1626"}],"curies":[{"name":"wp","href":"https:\/\/api.w.org\/{rel}","templated":true}]}}