{"id":1625,"date":"2024-06-29T01:12:48","date_gmt":"2024-06-29T01:12:48","guid":{"rendered":"https:\/\/touchscreenmfg.com\/?post_type=product&#038;p=1625"},"modified":"2024-06-29T02:14:44","modified_gmt":"2024-06-29T02:14:44","slug":"5-wire-resistive-touch-screens","status":"publish","type":"product","link":"https:\/\/touchscreenmfg.com\/pt\/5-wire-resistive-touch-screens\/","title":{"rendered":"Ecr\u00e3s t\u00e1cteis resistivos de 5 fios"},"content":{"rendered":"<h2 class=\"\" data-sourcepos=\"1:1-1:95\">Ecr\u00e3s t\u00e1cteis resistivos de 5 fios: Maior durabilidade para quadros e ecr\u00e3s inteligentes interactivos<\/h2>\n<p data-sourcepos=\"3:1-3:87\">Os ecr\u00e3s t\u00e1cteis resistivos de 5 fios elevam a experi\u00eancia de intera\u00e7\u00e3o t\u00e1til para quadros e ecr\u00e3s inteligentes interactivos, oferecendo maior durabilidade, precis\u00e3o e acessibilidade. Estes ecr\u00e3s t\u00e1cteis avan\u00e7ados utilizam um design \u00fanico com um fio de dete\u00e7\u00e3o adicional, proporcionando v\u00e1rias vantagens em rela\u00e7\u00e3o aos tradicionais ecr\u00e3s t\u00e1cteis resistivos de 4 fios.<\/p>\n<p data-sourcepos=\"5:1-5:51\"><strong>Principais carater\u00edsticas dos ecr\u00e3s t\u00e1cteis resistivos de 5 fios<\/strong><\/p>\n<ul data-sourcepos=\"7:1-7:60\">\n<li data-sourcepos=\"7:1-7:60\">\n<p data-sourcepos=\"7:3-7:199\"><strong>Durabilidade superior:<\/strong> O fio de dete\u00e7\u00e3o adicional nos ecr\u00e3s t\u00e1cteis resistivos de 5 fios aumenta a durabilidade, tornando-os resistentes a riscos e contaminantes, ideais para ambientes com muito tr\u00e1fego.<\/p>\n<\/li>\n<li data-sourcepos=\"9:1-9:45\">\n<p data-sourcepos=\"9:3-9:45\"><strong>Distor\u00e7\u00e3o de borda reduzida:<\/strong> O fio extra ajuda a compensar a distor\u00e7\u00e3o das margens, um problema comum em ecr\u00e3s interactivos de maiores dimens\u00f5es, garantindo uma precis\u00e3o de toque consistente em todo o ecr\u00e3.<\/p>\n<\/li>\n<li data-sourcepos=\"11:1-12:0\">\n<p data-sourcepos=\"11:3-11:164\"><strong>Desempenho est\u00e1vel:<\/strong> Os ecr\u00e3s t\u00e1cteis resistivos de 5 fios proporcionam um desempenho est\u00e1vel mesmo em ambientes dif\u00edceis, como os que t\u00eam muita luz ambiente ou p\u00f3.<\/p>\n<\/li>\n<li data-sourcepos=\"13:1-14:0\">\n<p data-sourcepos=\"13:3-13:167\"><strong>Solu\u00e7\u00e3o rent\u00e1vel:<\/strong> Em compara\u00e7\u00e3o com os ecr\u00e3s t\u00e1cteis capacitivos, os ecr\u00e3s t\u00e1cteis resistivos de 5 fios oferecem uma solu\u00e7\u00e3o mais econ\u00f3mica para ecr\u00e3s interactivos de grandes dimens\u00f5es.<\/p>\n<\/li>\n<\/ul>\n<p data-sourcepos=\"15:1-15:51\"><strong>Aplica\u00e7\u00f5es dos ecr\u00e3s t\u00e1cteis resistivos de 5 fios:<\/strong><\/p>\n<ul data-sourcepos=\"17:1-24:0\">\n<li data-sourcepos=\"17:1-18:0\">\n<p data-sourcepos=\"17:3-17:212\"><strong>Quadros inteligentes interactivos:<\/strong> Os ecr\u00e3s t\u00e1cteis resistivos de 5 fios s\u00e3o ideais para quadros inteligentes interactivos utilizados em salas de aula, salas de confer\u00eancia e centros de forma\u00e7\u00e3o, permitindo a aprendizagem e apresenta\u00e7\u00f5es em colabora\u00e7\u00e3o.<\/p>\n<\/li>\n<li data-sourcepos=\"19:1-20:0\">\n<p data-sourcepos=\"19:3-19:225\"><strong>Sinal\u00e9tica digital e quiosques:<\/strong> No retalho, hotelaria e espa\u00e7os p\u00fablicos, os ecr\u00e3s t\u00e1cteis resistivos de 5 fios melhoram a sinaliza\u00e7\u00e3o digital e os quiosques, permitindo aos utilizadores interagir com o conte\u00fado, fazer selec\u00e7\u00f5es e aceder a informa\u00e7\u00f5es.<\/p>\n<\/li>\n<li data-sourcepos=\"21:1-22:0\">\n<p data-sourcepos=\"21:3-21:179\"><strong>Sistemas de Controlo Industrial:<\/strong> Os ecr\u00e3s t\u00e1cteis resistivos de 5 fios constituem uma solu\u00e7\u00e3o fi\u00e1vel e duradoura para controlar m\u00e1quinas e monitorizar processos em ambientes industriais.<\/p>\n<\/li>\n<li data-sourcepos=\"23:1-24:0\">\n<p data-sourcepos=\"23:3-23:193\"><strong>Sistemas de imagiologia m\u00e9dica:<\/strong> A durabilidade e a precis\u00e3o dos ecr\u00e3s t\u00e1cteis resistivos de 5 fios tornam-nos adequados para sistemas de imagiologia m\u00e9dica, permitindo aos m\u00e9dicos interagir com as imagens com precis\u00e3o.<\/p>\n<\/li>\n<\/ul>","protected":false},"excerpt":{"rendered":"<p>Os ecr\u00e3s t\u00e1cteis resistivos de 5 fios oferecem uma combina\u00e7\u00e3o atraente de durabilidade, precis\u00e3o e acessibilidade, o que os torna a escolha preferida para uma vasta gama de aplica\u00e7\u00f5es de quadros e ecr\u00e3s inteligentes interactivos. Proporcionam uma solu\u00e7\u00e3o fi\u00e1vel e econ\u00f3mica para ecr\u00e3s t\u00e1cteis, melhorando a participa\u00e7\u00e3o do utilizador e a produtividade em v\u00e1rios ambientes.<\/p>","protected":false},"featured_media":1548,"template":"","meta":[],"product_cat":[41],"product_tag":[],"_links":{"self":[{"href":"https:\/\/touchscreenmfg.com\/pt\/wp-json\/wp\/v2\/product\/1625"}],"collection":[{"href":"https:\/\/touchscreenmfg.com\/pt\/wp-json\/wp\/v2\/product"}],"about":[{"href":"https:\/\/touchscreenmfg.com\/pt\/wp-json\/wp\/v2\/types\/product"}],"wp:featuredmedia":[{"embeddable":true,"href":"https:\/\/touchscreenmfg.com\/pt\/wp-json\/wp\/v2\/media\/1548"}],"wp:attachment":[{"href":"https:\/\/touchscreenmfg.com\/pt\/wp-json\/wp\/v2\/media?parent=1625"}],"wp:term":[{"taxonomy":"product_cat","embeddable":true,"href":"https:\/\/touchscreenmfg.com\/pt\/wp-json\/wp\/v2\/product_cat?post=1625"},{"taxonomy":"product_tag","embeddable":true,"href":"https:\/\/touchscreenmfg.com\/pt\/wp-json\/wp\/v2\/product_tag?post=1625"}],"curies":[{"name":"wp","href":"https:\/\/api.w.org\/{rel}","templated":true}]}}