{"id":1624,"date":"2024-06-29T01:09:51","date_gmt":"2024-06-29T01:09:51","guid":{"rendered":"https:\/\/touchscreenmfg.com\/?post_type=product&#038;p=1624"},"modified":"2024-06-29T02:07:12","modified_gmt":"2024-06-29T02:07:12","slug":"8-wire-resistive-touch-screens","status":"publish","type":"product","link":"https:\/\/touchscreenmfg.com\/pt\/8-wire-resistive-touch-screens\/","title":{"rendered":"Ecr\u00e3s t\u00e1cteis resistivos de 8 fios"},"content":{"rendered":"<h2 class=\"\" data-sourcepos=\"1:1-1:78\">Ecr\u00e3s t\u00e1cteis resistivos de 8 fios: Precis\u00e3o melhorada para monitores de ecr\u00e3 t\u00e1til<\/h2>\n<p data-sourcepos=\"3:1-3:106\">Os ecr\u00e3s t\u00e1cteis resistivos de 8 fios elevam a experi\u00eancia de intera\u00e7\u00e3o t\u00e1til para monitores t\u00e1cteis, oferecendo maior precis\u00e3o, durabilidade e acessibilidade. Estes ecr\u00e3s t\u00e1cteis avan\u00e7ados utilizam um design \u00fanico com fios de dete\u00e7\u00e3o adicionais, proporcionando v\u00e1rias vantagens em rela\u00e7\u00e3o aos tradicionais ecr\u00e3s t\u00e1cteis resistivos de 4 fios.<\/p>\n<p data-sourcepos=\"5:1-5:51\"><strong>Principais carater\u00edsticas dos ecr\u00e3s t\u00e1cteis resistivos de 8 fios<\/strong><\/p>\n<ul data-sourcepos=\"7:1-7:94\">\n<li data-sourcepos=\"7:1-7:94\">\n<p data-sourcepos=\"7:3-7:186\"><strong>Precis\u00e3o superior:<\/strong> Os fios de dete\u00e7\u00e3o adicionais nos ecr\u00e3s t\u00e1cteis resistivos de 8 fios permitem uma dete\u00e7\u00e3o de toque mais precisa, resultando numa experi\u00eancia de toque mais precisa e reactiva.<\/p>\n<\/li>\n<li data-sourcepos=\"9:1-9:103\">\n<p data-sourcepos=\"9:3-9:103\"><strong>Distor\u00e7\u00e3o de borda reduzida:<\/strong> Os fios adicionais ajudam a compensar a distor\u00e7\u00e3o das margens, um problema comum em monitores t\u00e1cteis de maiores dimens\u00f5es, garantindo uma precis\u00e3o de toque consistente em todo o ecr\u00e3.<\/p>\n<\/li>\n<li data-sourcepos=\"11:1-12:0\">\n<p data-sourcepos=\"11:3-11:164\"><strong>Desempenho est\u00e1vel:<\/strong> Os ecr\u00e3s t\u00e1cteis resistivos de 8 fios proporcionam um desempenho est\u00e1vel mesmo em ambientes dif\u00edceis, como os que t\u00eam muita luz ambiente ou p\u00f3.<\/p>\n<\/li>\n<li data-sourcepos=\"13:1-14:0\">\n<p data-sourcepos=\"13:3-13:168\"><strong>Solu\u00e7\u00e3o rent\u00e1vel:<\/strong> Em compara\u00e7\u00e3o com os ecr\u00e3s t\u00e1cteis capacitivos, os ecr\u00e3s t\u00e1cteis resistivos de 8 fios oferecem uma solu\u00e7\u00e3o mais econ\u00f3mica para monitores t\u00e1cteis de grandes dimens\u00f5es.<\/p>\n<\/li>\n<\/ul>\n<p data-sourcepos=\"15:1-15:51\"><strong>Aplica\u00e7\u00f5es dos ecr\u00e3s t\u00e1cteis resistivos de 8 fios:<\/strong><\/p>\n<ul data-sourcepos=\"17:1-17:32\">\n<li data-sourcepos=\"17:1-17:32\">\n<p class=\"\" data-sourcepos=\"17:3-17:213\"><strong class=\"\">Pain\u00e9is planos interactivos:<\/strong> Os ecr\u00e3s t\u00e1cteis resistivos de 8 fios s\u00e3o ideais para pain\u00e9is planos interactivos utilizados em salas de confer\u00eancias, salas de aula e espa\u00e7os p\u00fablicos, permitindo uma colabora\u00e7\u00e3o e partilha de informa\u00e7\u00f5es sem problemas.<\/p>\n<\/li>\n<li data-sourcepos=\"19:1-20:0\">\n<p data-sourcepos=\"19:3-19:180\"><strong>Sistemas de Controlo Industrial:<\/strong> Em ambientes industriais, os ecr\u00e3s t\u00e1cteis resistivos de 8 fios constituem uma solu\u00e7\u00e3o fi\u00e1vel e duradoura para controlar m\u00e1quinas e monitorizar processos.<\/p>\n<\/li>\n<li data-sourcepos=\"21:1-22:0\">\n<p data-sourcepos=\"21:3-21:217\"><strong>Quiosques de retalho e de hotelaria:<\/strong> Os ecr\u00e3s t\u00e1cteis resistivos de 8 fios melhoram os quiosques de autosservi\u00e7o em ambientes de retalho e hotelaria, permitindo aos clientes aceder facilmente a informa\u00e7\u00f5es, fazer encomendas e efetuar pagamentos.<\/p>\n<\/li>\n<li data-sourcepos=\"23:1-24:0\">\n<p data-sourcepos=\"23:3-23:208\"><strong>Expositores did\u00e1cticos:<\/strong> Os ecr\u00e3s t\u00e1cteis resistivos de 8 fios facilitam as experi\u00eancias de aprendizagem interactiva em ambientes educativos, envolvendo os alunos em actividades baseadas no toque e melhorando a sua compreens\u00e3o.<\/p>\n<\/li>\n<\/ul>","protected":false},"excerpt":{"rendered":"<p>Os ecr\u00e3s t\u00e1cteis resistivos de 8 fios oferecem uma combina\u00e7\u00e3o atraente de precis\u00e3o, durabilidade e acessibilidade, tornando-os a escolha preferida para uma vasta gama de aplica\u00e7\u00f5es de monitores t\u00e1cteis. Proporcionam uma solu\u00e7\u00e3o fi\u00e1vel e econ\u00f3mica para ecr\u00e3s interactivos, melhorando a participa\u00e7\u00e3o dos utilizadores e a produtividade em v\u00e1rios ambientes.<\/p>","protected":false},"featured_media":1550,"template":"","meta":[],"product_cat":[41],"product_tag":[],"_links":{"self":[{"href":"https:\/\/touchscreenmfg.com\/pt\/wp-json\/wp\/v2\/product\/1624"}],"collection":[{"href":"https:\/\/touchscreenmfg.com\/pt\/wp-json\/wp\/v2\/product"}],"about":[{"href":"https:\/\/touchscreenmfg.com\/pt\/wp-json\/wp\/v2\/types\/product"}],"wp:featuredmedia":[{"embeddable":true,"href":"https:\/\/touchscreenmfg.com\/pt\/wp-json\/wp\/v2\/media\/1550"}],"wp:attachment":[{"href":"https:\/\/touchscreenmfg.com\/pt\/wp-json\/wp\/v2\/media?parent=1624"}],"wp:term":[{"taxonomy":"product_cat","embeddable":true,"href":"https:\/\/touchscreenmfg.com\/pt\/wp-json\/wp\/v2\/product_cat?post=1624"},{"taxonomy":"product_tag","embeddable":true,"href":"https:\/\/touchscreenmfg.com\/pt\/wp-json\/wp\/v2\/product_tag?post=1624"}],"curies":[{"name":"wp","href":"https:\/\/api.w.org\/{rel}","templated":true}]}}