{"id":1621,"date":"2024-06-29T01:06:11","date_gmt":"2024-06-29T01:06:11","guid":{"rendered":"https:\/\/touchscreenmfg.com\/manufacturer\/pdp-display-cover-glass\/"},"modified":"2024-06-29T02:20:27","modified_gmt":"2024-06-29T02:20:27","slug":"pdp-display-cover-glass","status":"publish","type":"product","link":"https:\/\/touchscreenmfg.com\/pt\/pdp-display-cover-glass\/","title":{"rendered":"Vidro da tampa do ecr\u00e3 PDP"},"content":{"rendered":"<p data-sourcepos=\"3:1-3:86\"><strong>Proteja o ecr\u00e3 do seu PDP contra riscos, brilho e danos<\/strong><\/p>\n<p data-sourcepos=\"5:1-5:157\">O vidro de cobertura do ecr\u00e3 PDP \u00e9 uma camada protetora especificamente concebida para o ecr\u00e3 dos dispositivos de jogos PDP. Pode potencialmente oferecer as seguintes carater\u00edsticas:<\/p>\n<ul data-sourcepos=\"7:1-7:36\">\n<li data-sourcepos=\"7:1-7:36\">\n<p class=\"\" data-sourcepos=\"7:3-7:285\"><strong class=\"\">Resist\u00eancia aos riscos e ao impacto:<\/strong> Tal como um protetor de ecr\u00e3 de vidro temperado, um vidro de cobertura de ecr\u00e3 PDP visa proteger o ecr\u00e3 de riscos, arranh\u00f5es e impactos acidentais. Isto \u00e9 particularmente importante para os dispositivos port\u00e1teis de jogos, que s\u00e3o mais suscept\u00edveis a choques e quedas.<\/p>\n<\/li>\n<li data-sourcepos=\"9:1-10:0\">\n<p data-sourcepos=\"9:3-9:168\"><strong>Clareza melhorada:<\/strong> Um vidro de cobertura de ecr\u00e3 PDP de alta qualidade deve manter uma excelente nitidez \u00f3tica, garantindo que os visuais dos jogos permanecem n\u00edtidos e sem distor\u00e7\u00f5es.<\/p>\n<\/li>\n<li data-sourcepos=\"11:1-12:0\">\n<p data-sourcepos=\"11:3-11:242\"><strong>Resist\u00eancia ao encandeamento:<\/strong> Se o dispositivo de jogos PDP tiver um ecr\u00e3 brilhante, um vidro de cobertura do ecr\u00e3 PDP resistente ao brilho pode ajudar a minimizar os reflexos das fontes de luz ambiente, melhorando a visibilidade do ecr\u00e3, especialmente em ambientes com muita luz.<\/p>\n<\/li>\n<li data-sourcepos=\"13:1-13:44\">\n<p data-sourcepos=\"13:3-13:44\"><strong>Compatibilidade de toque:<\/strong> Se o dispositivo de jogo PDP tiver um ecr\u00e3 t\u00e1til, o vidro de cobertura deve ser concebido para ser compat\u00edvel com o toque, permitindo uma intera\u00e7\u00e3o perfeita com o ecr\u00e3 t\u00e1til.<\/p>\n<\/li>\n<\/ul>","protected":false},"excerpt":{"rendered":"<p>O PDP Display Cover Glass pode ser um acess\u00f3rio valioso para os jogadores que pretendem proteger o ecr\u00e3 do seu dispositivo e manter uma experi\u00eancia de jogo \u00f3ptima.<\/p>","protected":false},"featured_media":1582,"template":"","meta":[],"product_cat":[15],"product_tag":[],"_links":{"self":[{"href":"https:\/\/touchscreenmfg.com\/pt\/wp-json\/wp\/v2\/product\/1621"}],"collection":[{"href":"https:\/\/touchscreenmfg.com\/pt\/wp-json\/wp\/v2\/product"}],"about":[{"href":"https:\/\/touchscreenmfg.com\/pt\/wp-json\/wp\/v2\/types\/product"}],"wp:featuredmedia":[{"embeddable":true,"href":"https:\/\/touchscreenmfg.com\/pt\/wp-json\/wp\/v2\/media\/1582"}],"wp:attachment":[{"href":"https:\/\/touchscreenmfg.com\/pt\/wp-json\/wp\/v2\/media?parent=1621"}],"wp:term":[{"taxonomy":"product_cat","embeddable":true,"href":"https:\/\/touchscreenmfg.com\/pt\/wp-json\/wp\/v2\/product_cat?post=1621"},{"taxonomy":"product_tag","embeddable":true,"href":"https:\/\/touchscreenmfg.com\/pt\/wp-json\/wp\/v2\/product_tag?post=1621"}],"curies":[{"name":"wp","href":"https:\/\/api.w.org\/{rel}","templated":true}]}}