{"id":1620,"date":"2024-06-29T01:06:11","date_gmt":"2024-06-29T01:06:11","guid":{"rendered":"https:\/\/touchscreenmfg.com\/manufacturer\/anti-reflective-glass\/"},"modified":"2024-06-29T02:25:34","modified_gmt":"2024-06-29T02:25:34","slug":"anti-reflective-glass","status":"publish","type":"product","link":"https:\/\/touchscreenmfg.com\/pt\/anti-reflective-glass\/","title":{"rendered":"Vidro antirreflexo"},"content":{"rendered":"<h2 class=\"\" data-sourcepos=\"1:1-1:93\">Vidro antirreflexo: Aumenta a nitidez e reduz o encandeamento para uma experi\u00eancia visual superior<\/h2>\n<p data-sourcepos=\"3:1-3:52\">O vidro antirreflexo, tamb\u00e9m conhecido como vidro antirreflexo ou vidro n\u00e3o-refletor, \u00e9 um tipo de vidro tratado com um revestimento especial para minimizar os reflexos e melhorar a transmiss\u00e3o da luz. Este revestimento interrompe a reflex\u00e3o das ondas de luz, reduzindo a quantidade de brilho e reflexos indesejados que podem impedir uma vis\u00e3o clara.<\/p>\n<p data-sourcepos=\"5:1-5:42\"><strong>Principais carater\u00edsticas do vidro antirreflexo:<\/strong><\/p>\n<ul data-sourcepos=\"7:1-7:23\">\n<li data-sourcepos=\"7:1-7:23\">\n<p data-sourcepos=\"7:3-7:165\"><strong>Clareza melhorada:<\/strong> O vidro AR reduz significativamente os reflexos da superf\u00edcie, permitindo uma visualiza\u00e7\u00e3o mais clara e precisa dos objectos ou imagens por detr\u00e1s do vidro.<\/p>\n<\/li>\n<li data-sourcepos=\"9:1-9:46\">\n<p data-sourcepos=\"9:3-9:46\"><strong>Redu\u00e7\u00e3o da tens\u00e3o ocular:<\/strong> Ao minimizar o brilho, o vidro AR ajuda a reduzir a tens\u00e3o ocular, tornando mais confort\u00e1vel a visualiza\u00e7\u00e3o de ecr\u00e3s, monitores e outras superf\u00edcies de vidro durante longos per\u00edodos.<\/p>\n<\/li>\n<li data-sourcepos=\"11:1-12:0\">\n<p data-sourcepos=\"11:3-11:135\"><strong>Qualidade de imagem melhorada:<\/strong> O vidro AR melhora a qualidade geral da imagem ao reduzir os reflexos que podem distorcer ou obscurecer a vis\u00e3o.<\/p>\n<\/li>\n<\/ul>\n<p data-sourcepos=\"13:1-13:42\"><strong>Aplica\u00e7\u00f5es do vidro antirreflexo:<\/strong><\/p>\n<ul data-sourcepos=\"15:1-17:28\">\n<li data-sourcepos=\"15:1-16:0\">\n<p data-sourcepos=\"15:3-15:165\"><strong>\u00d3culos:<\/strong> Os revestimentos AR s\u00e3o normalmente utilizados em \u00f3culos e \u00f3culos de sol para reduzir o brilho da luz solar, dos far\u00f3is e de outras fontes, melhorando a vis\u00e3o e o conforto.<\/p>\n<\/li>\n<li data-sourcepos=\"17:1-17:28\">\n<p data-sourcepos=\"17:3-17:28\"><strong>Dispositivos electr\u00f3nicos:<\/strong> O vidro AR \u00e9 amplamente utilizado em smartphones, tablets, computadores port\u00e1teis e outros dispositivos electr\u00f3nicos para melhorar a nitidez do ecr\u00e3 e reduzir o cansa\u00e7o visual.<\/p>\n<\/li>\n<li data-sourcepos=\"19:1-20:0\">\n<p data-sourcepos=\"19:3-19:163\"><strong>Exposi\u00e7\u00f5es em museus e galerias:<\/strong> O vidro AR \u00e9 utilizado em exposi\u00e7\u00f5es de museus e galerias para proteger as obras de arte dos reflexos e proporcionar uma vis\u00e3o mais clara aos visitantes.<\/p>\n<\/li>\n<li data-sourcepos=\"21:1-22:0\">\n<p data-sourcepos=\"21:3-21:157\"><strong>Aplica\u00e7\u00f5es arquitect\u00f3nicas:<\/strong> O vidro AR pode ser utilizado em janelas, clarab\u00f3ias e outros elementos arquitect\u00f3nicos para reduzir o brilho e melhorar a efici\u00eancia energ\u00e9tica.<\/p>\n<\/li>\n<\/ul>\n<p data-sourcepos=\"23:1-23:316\"><strong>Vidro temperado antirreflexo<\/strong> \u00e9 um tipo de vidro AR que tamb\u00e9m \u00e9 refor\u00e7ado atrav\u00e9s de um processo de t\u00eampera, tornando-o mais resistente a quebras e riscos. Esta combina\u00e7\u00e3o de propriedades antirreflexo e de prote\u00e7\u00e3o faz com que seja a escolha ideal para aplica\u00e7\u00f5es em que tanto a nitidez como a durabilidade s\u00e3o essenciais.<\/p>\n<p data-sourcepos=\"25:1-25:141\"><strong>Vidro antirreflexo<\/strong> \u00e9 outro termo para vidro antirreflexo. \u00c9 frequentemente utilizado como sin\u00f3nimo de \"vidro AR\" e \"vidro n\u00e3o refletor\".<\/p>","protected":false},"excerpt":{"rendered":"<p>O vidro antirreflexo \u00e9 uma tecnologia valiosa que oferece benef\u00edcios significativos para v\u00e1rias aplica\u00e7\u00f5es. Aumenta a claridade, reduz o brilho e melhora a est\u00e9tica, tornando-o uma escolha preferida para situa\u00e7\u00f5es em que a visibilidade e a experi\u00eancia do utilizador s\u00e3o essenciais.<\/p>","protected":false},"featured_media":1581,"template":"","meta":[],"product_cat":[15],"product_tag":[],"_links":{"self":[{"href":"https:\/\/touchscreenmfg.com\/pt\/wp-json\/wp\/v2\/product\/1620"}],"collection":[{"href":"https:\/\/touchscreenmfg.com\/pt\/wp-json\/wp\/v2\/product"}],"about":[{"href":"https:\/\/touchscreenmfg.com\/pt\/wp-json\/wp\/v2\/types\/product"}],"wp:featuredmedia":[{"embeddable":true,"href":"https:\/\/touchscreenmfg.com\/pt\/wp-json\/wp\/v2\/media\/1581"}],"wp:attachment":[{"href":"https:\/\/touchscreenmfg.com\/pt\/wp-json\/wp\/v2\/media?parent=1620"}],"wp:term":[{"taxonomy":"product_cat","embeddable":true,"href":"https:\/\/touchscreenmfg.com\/pt\/wp-json\/wp\/v2\/product_cat?post=1620"},{"taxonomy":"product_tag","embeddable":true,"href":"https:\/\/touchscreenmfg.com\/pt\/wp-json\/wp\/v2\/product_tag?post=1620"}],"curies":[{"name":"wp","href":"https:\/\/api.w.org\/{rel}","templated":true}]}}