{"id":1619,"date":"2024-06-29T01:06:11","date_gmt":"2024-06-29T01:06:11","guid":{"rendered":"https:\/\/touchscreenmfg.com\/manufacturer\/aio-pc-cover-glass\/"},"modified":"2024-06-29T02:32:50","modified_gmt":"2024-06-29T02:32:50","slug":"aio-pc-cover-glass","status":"publish","type":"product","link":"https:\/\/touchscreenmfg.com\/pt\/aio-pc-cover-glass\/","title":{"rendered":"Vidro da tampa do PC AIO"},"content":{"rendered":"<h2 class=\"\" data-sourcepos=\"3:1-3:89\">Vidro de cobertura para PC AIO: Melhore a est\u00e9tica do seu PC AIO com uma prote\u00e7\u00e3o elegante e moderna<\/h2>\n<p data-sourcepos=\"5:1-5:54\">O vidro de cobertura do PC AIO, tamb\u00e9m conhecido como vidro de cobertura 3D, \u00e9 um painel de vidro de qualidade superior concebido para melhorar o aspeto e proteger o seu PC All-in-One (AIO). Estas elegantes coberturas de vidro oferecem uma combina\u00e7\u00e3o \u00fanica de atrativo est\u00e9tico e benef\u00edcios funcionais, transformando o seu PC AIO numa pe\u00e7a central do seu espa\u00e7o de trabalho ou configura\u00e7\u00e3o de entretenimento dom\u00e9stico.<\/p>\n<p data-sourcepos=\"7:1-7:39\"><strong>Carater\u00edsticas principais :<\/strong><\/p>\n<ul data-sourcepos=\"9:1-9:9\">\n<li data-sourcepos=\"9:1-9:9\">\n<p data-sourcepos=\"9:3-9:199\"><strong>Design elegante e moderno:<\/strong> A AIO PC Cover Glass apresenta um design elegante e moderno que complementa a est\u00e9tica minimalista dos PCs AIO, acrescentando um toque de eleg\u00e2ncia e sofistica\u00e7\u00e3o \u00e0 sua configura\u00e7\u00e3o.<\/p>\n<\/li>\n<li data-sourcepos=\"11:1-12:0\">\n<p data-sourcepos=\"11:3-11:189\"><strong>Apelo visual melhorado:<\/strong> O vidro transparente permite que os componentes internos do seu PC AIO brilhem, criando um efeito visualmente deslumbrante que mostra a tecnologia no seu interior.<\/p>\n<\/li>\n<li data-sourcepos=\"13:1-13:125\">\n<p data-sourcepos=\"13:3-13:125\"><strong>Design de arestas 3D:<\/strong> Muitos pain\u00e9is de vidro da tampa do PC AIO apresentam um design de arestas 3D que se curva graciosamente \u00e0 volta das arestas do seu PC AIO, proporcionando um aspeto suave e requintado.<\/p>\n<\/li>\n<li data-sourcepos=\"15:1-16:0\">\n<p data-sourcepos=\"15:3-15:211\"><strong>Resist\u00eancia aos riscos e ao impacto:<\/strong> Normalmente, \u00e9 feito de vidro temperado, que \u00e9 altamente resistente a riscos, impactos e impress\u00f5es digitais, garantindo uma prote\u00e7\u00e3o duradoura para o seu PC AIO.<\/p>\n<\/li>\n<\/ul>\n<p data-sourcepos=\"17:1-17:39\"><strong>Aplica\u00e7\u00f5es:<\/strong><\/p>\n<ul data-sourcepos=\"19:1-24:0\">\n<li data-sourcepos=\"19:1-20:0\">\n<p data-sourcepos=\"19:3-19:171\"><strong>PCs AIO:<\/strong> O vidro da tampa do PC AIO foi especificamente concebido para PCs AIO, proporcionando um ajuste perfeito e melhorando o aspeto geral destes computadores de secret\u00e1ria compactos.<\/p>\n<\/li>\n<li data-sourcepos=\"21:1-22:0\">\n<p data-sourcepos=\"21:3-21:207\"><strong>Centros de entretenimento dom\u00e9stico:<\/strong> Os PCs AIO s\u00e3o frequentemente utilizados como parte de centros de entretenimento dom\u00e9stico e podem elevar o aspeto est\u00e9tico destas configura\u00e7\u00f5es, tornando-as num ponto focal da divis\u00e3o.<\/p>\n<\/li>\n<li data-sourcepos=\"23:1-24:0\">\n<p data-sourcepos=\"23:3-23:174\"><strong>Espa\u00e7os de trabalho:<\/strong> Os PCs AIO tamb\u00e9m est\u00e3o a tornar-se cada vez mais populares nos espa\u00e7os de trabalho, e o vidro de cobertura para PCs AIO pode dar um toque de profissionalismo e estilo a qualquer ambiente de escrit\u00f3rio.<\/p>\n<\/li>\n<\/ul>","protected":false},"excerpt":{"rendered":"<p>A AIO PC Cover Glass \u00e9 um complemento valioso para qualquer PC AIO, oferecendo uma combina\u00e7\u00e3o de melhoria est\u00e9tica e prote\u00e7\u00e3o funcional. Com o seu design elegante, detalhes de extremidade em 3D e propriedades anti-riscos, o vidro da tampa do PC AIO transforma o seu PC AIO numa pe\u00e7a de refer\u00eancia elegante e protegida.<\/p>","protected":false},"featured_media":1580,"template":"","meta":[],"product_cat":[15],"product_tag":[],"_links":{"self":[{"href":"https:\/\/touchscreenmfg.com\/pt\/wp-json\/wp\/v2\/product\/1619"}],"collection":[{"href":"https:\/\/touchscreenmfg.com\/pt\/wp-json\/wp\/v2\/product"}],"about":[{"href":"https:\/\/touchscreenmfg.com\/pt\/wp-json\/wp\/v2\/types\/product"}],"wp:featuredmedia":[{"embeddable":true,"href":"https:\/\/touchscreenmfg.com\/pt\/wp-json\/wp\/v2\/media\/1580"}],"wp:attachment":[{"href":"https:\/\/touchscreenmfg.com\/pt\/wp-json\/wp\/v2\/media?parent=1619"}],"wp:term":[{"taxonomy":"product_cat","embeddable":true,"href":"https:\/\/touchscreenmfg.com\/pt\/wp-json\/wp\/v2\/product_cat?post=1619"},{"taxonomy":"product_tag","embeddable":true,"href":"https:\/\/touchscreenmfg.com\/pt\/wp-json\/wp\/v2\/product_tag?post=1619"}],"curies":[{"name":"wp","href":"https:\/\/api.w.org\/{rel}","templated":true}]}}