{"id":1618,"date":"2024-06-29T01:06:11","date_gmt":"2024-06-29T01:06:11","guid":{"rendered":"https:\/\/touchscreenmfg.com\/manufacturer\/cover-lens\/"},"modified":"2024-06-29T02:42:53","modified_gmt":"2024-06-29T02:42:53","slug":"cover-lens","status":"publish","type":"product","link":"https:\/\/touchscreenmfg.com\/pt\/cover-lens\/","title":{"rendered":"Lente de cobertura"},"content":{"rendered":"<h2 class=\"\" data-sourcepos=\"1:1-1:69\">Lentes de cobertura: Proteger e melhorar as lentes \u00f3pticas com precis\u00e3o<\/h2>\n<p data-sourcepos=\"3:1-3:129\">Como lentes de prote\u00e7\u00e3o, s\u00e3o componentes \u00f3pticos colocados sobre lentes prim\u00e1rias para as proteger de riscos, poeiras e outros elementos prejudiciais. Desempenham um papel crucial em v\u00e1rias aplica\u00e7\u00f5es, assegurando a longevidade e o desempenho \u00f3timo dos sistemas \u00f3pticos.<\/p>\n<p data-sourcepos=\"5:1-5:30\"><strong>Carater\u00edsticas principais:<\/strong><\/p>\n<ul data-sourcepos=\"7:1-9:14\">\n<li data-sourcepos=\"7:1-8:0\">\n<p data-sourcepos=\"7:3-7:154\"><strong>Prote\u00e7\u00e3o:<\/strong> As lentes de cobertura funcionam como uma barreira, protegendo as lentes prim\u00e1rias de riscos, abras\u00f5es e outros danos f\u00edsicos causados por factores externos.<\/p>\n<\/li>\n<li data-sourcepos=\"9:1-9:14\">\n<p data-sourcepos=\"9:3-9:14\"><strong>Durabilidade:<\/strong> S\u00e3o normalmente fabricados a partir de materiais duradouros como o vidro ou o pl\u00e1stico, garantindo que podem suportar uma utiliza\u00e7\u00e3o regular e ambientes adversos.<\/p>\n<\/li>\n<li data-sourcepos=\"11:1-11:41\">\n<p data-sourcepos=\"11:3-11:41\"><strong>Clareza \u00f3tica:<\/strong> As lentes de cobertura de alta qualidade mant\u00eam uma excelente nitidez \u00f3tica, permitindo a passagem da luz sem distor\u00e7\u00e3o, preservando a qualidade de imagem da lente principal.<\/p>\n<\/li>\n<li data-sourcepos=\"13:1-14:0\">\n<p data-sourcepos=\"13:3-13:133\"><strong>Versatilidade:<\/strong> Est\u00e3o dispon\u00edveis em v\u00e1rias formas, tamanhos e espessuras para se adaptarem a uma vasta gama de aplica\u00e7\u00f5es \u00f3pticas.<\/p>\n<\/li>\n<\/ul>\n<p data-sourcepos=\"15:1-15:33\"><strong>Aplica\u00e7\u00f5es:<\/strong><\/p>\n<ul data-sourcepos=\"17:1-21:47\">\n<li data-sourcepos=\"17:1-18:0\">\n<p data-sourcepos=\"17:3-17:177\"><strong>Lentes para c\u00e2maras e c\u00e2maras de v\u00eddeo:<\/strong> As lentes de cobertura s\u00e3o essenciais para proteger as lentes das c\u00e2maras e c\u00e2maras de v\u00eddeo contra riscos, p\u00f3 e impress\u00f5es digitais, garantindo imagens n\u00edtidas e claras.<\/p>\n<\/li>\n<li data-sourcepos=\"19:1-20:0\">\n<p data-sourcepos=\"19:3-19:169\"><strong>Bin\u00f3culos e telesc\u00f3pios:<\/strong> As lentes de cobertura protegem as lentes objectivas e oculares dos bin\u00f3culos e telesc\u00f3pios, evitando danos provocados pelo p\u00f3, humidade e impactos.<\/p>\n<\/li>\n<li data-sourcepos=\"21:1-21:47\">\n<p data-sourcepos=\"21:3-21:47\"><strong>Dispositivos m\u00e9dicos:<\/strong> S\u00e3o utilizados em dispositivos m\u00e9dicos como microsc\u00f3pios e endosc\u00f3pios para proteger os delicados componentes \u00f3pticos de contamina\u00e7\u00e3o e danos.<\/p>\n<\/li>\n<li data-sourcepos=\"23:1-24:0\">\n<p data-sourcepos=\"23:3-23:161\"><strong>Aplica\u00e7\u00f5es industriais:<\/strong> S\u00e3o utilizados em ambientes industriais para proteger sensores, lasers e outros componentes \u00f3pticos de ambientes agressivos.<\/p>\n<\/li>\n<\/ul>\n<p data-sourcepos=\"25:1-25:269\">O polimento de lentes \u00f3pticas \u00e9 um processo crucial que assegura que as lentes de cobertura mant\u00eam a sua clareza \u00f3tica e transmitem a luz sem distor\u00e7\u00e3o. O polimento remove as imperfei\u00e7\u00f5es e irregularidades microsc\u00f3picas da superf\u00edcie da lente, resultando num acabamento liso e claro.<\/p>","protected":false},"excerpt":{"rendered":"<p>A lente de cobertura \u00e9 um investimento valioso para qualquer dispositivo com um ecr\u00e3 t\u00e1til ou delicado. Proporciona uma prote\u00e7\u00e3o essencial e melhora potencialmente a experi\u00eancia do utilizador.<\/p>","protected":false},"featured_media":1579,"template":"","meta":[],"product_cat":[15],"product_tag":[],"_links":{"self":[{"href":"https:\/\/touchscreenmfg.com\/pt\/wp-json\/wp\/v2\/product\/1618"}],"collection":[{"href":"https:\/\/touchscreenmfg.com\/pt\/wp-json\/wp\/v2\/product"}],"about":[{"href":"https:\/\/touchscreenmfg.com\/pt\/wp-json\/wp\/v2\/types\/product"}],"wp:featuredmedia":[{"embeddable":true,"href":"https:\/\/touchscreenmfg.com\/pt\/wp-json\/wp\/v2\/media\/1579"}],"wp:attachment":[{"href":"https:\/\/touchscreenmfg.com\/pt\/wp-json\/wp\/v2\/media?parent=1618"}],"wp:term":[{"taxonomy":"product_cat","embeddable":true,"href":"https:\/\/touchscreenmfg.com\/pt\/wp-json\/wp\/v2\/product_cat?post=1618"},{"taxonomy":"product_tag","embeddable":true,"href":"https:\/\/touchscreenmfg.com\/pt\/wp-json\/wp\/v2\/product_tag?post=1618"}],"curies":[{"name":"wp","href":"https:\/\/api.w.org\/{rel}","templated":true}]}}