{"id":1617,"date":"2024-06-29T01:06:11","date_gmt":"2024-06-29T01:06:11","guid":{"rendered":"https:\/\/touchscreenmfg.com\/manufacturer\/gaming-glass\/"},"modified":"2024-06-29T02:51:17","modified_gmt":"2024-06-29T02:51:17","slug":"gaming-glass","status":"publish","type":"product","link":"https:\/\/touchscreenmfg.com\/pt\/gaming-glass\/","title":{"rendered":"Vidro para jogos"},"content":{"rendered":"<h2 class=\"\" data-sourcepos=\"1:1-1:81\">Vidro para jogos: Melhore a sua experi\u00eancia de jogo com prote\u00e7\u00e3o ocular e conforto<\/h2>\n<p data-sourcepos=\"3:1-3:118\">Os \u00f3culos para jogos, tamb\u00e9m conhecidos como \u00f3culos de jogador, s\u00e3o \u00f3culos especializados concebidos para melhorar o conforto e reduzir a tens\u00e3o ocular durante sess\u00f5es de jogo prolongadas. Estes \u00f3culos apresentam normalmente v\u00e1rias carater\u00edsticas-chave que satisfazem as necessidades espec\u00edficas dos jogadores.<\/p>\n<p data-sourcepos=\"5:1-5:35\"><strong>Carater\u00edsticas principais:<\/strong><\/p>\n<ul data-sourcepos=\"7:1-9:66\">\n<li data-sourcepos=\"7:1-8:0\">\n<p data-sourcepos=\"7:3-7:300\"><strong>Lentes de prote\u00e7\u00e3o contra a luz azul:<\/strong> Muitas vezes, incorporam lentes de bloqueio da luz azul que filtram uma parte da luz azul emitida pelos ecr\u00e3s digitais. A luz azul pode perturbar os padr\u00f5es de sono e contribuir para a fadiga ocular, pelo que a redu\u00e7\u00e3o da exposi\u00e7\u00e3o pode aumentar o conforto e o bem-estar geral.<\/p>\n<\/li>\n<li data-sourcepos=\"9:1-9:66\">\n<p data-sourcepos=\"9:3-9:66\"><strong>Revestimento antirreflexo:<\/strong> Normalmente, possuem um revestimento antirreflexo que minimiza os reflexos das fontes de luz ambiente, reduzindo a fadiga ocular e melhorando a visibilidade do ecr\u00e3, especialmente em ambientes pouco iluminados.<\/p>\n<\/li>\n<li data-sourcepos=\"11:1-12:0\">\n<p data-sourcepos=\"11:3-11:176\"><strong>Molduras confort\u00e1veis:<\/strong> S\u00e3o normalmente concebidos com arma\u00e7\u00f5es leves e confort\u00e1veis para minimizar o peso e a press\u00e3o sobre o rosto durante longas sess\u00f5es de jogo.<\/p>\n<\/li>\n<li data-sourcepos=\"13:1-14:0\">\n<p data-sourcepos=\"13:3-13:159\"><strong>Variedade de estilos:<\/strong> Existem numa vasta gama de estilos para se adaptarem a diferentes prefer\u00eancias, desde designs elegantes e modernos a arma\u00e7\u00f5es mais tradicionais.<\/p>\n<\/li>\n<\/ul>\n<p data-sourcepos=\"15:1-15:35\"><strong>Aplica\u00e7\u00f5es:<\/strong><\/p>\n<ul data-sourcepos=\"17:1-19:78\">\n<li data-sourcepos=\"17:1-18:0\">\n<p data-sourcepos=\"17:3-17:119\"><strong>Jogos para PC:<\/strong> S\u00e3o utilizados principalmente por jogadores de PC que passam longos per\u00edodos a olhar para os ecr\u00e3s dos computadores.<\/p>\n<\/li>\n<li data-sourcepos=\"19:1-19:78\">\n<p data-sourcepos=\"19:3-19:78\"><strong>Jogos de consola:<\/strong> Os jogadores que jogam em consolas tamb\u00e9m podem beneficiar dos \u00f3culos para jogos, especialmente se jogarem em salas escuras ou durante longas horas.<\/p>\n<\/li>\n<li data-sourcepos=\"21:1-22:0\">\n<p data-sourcepos=\"21:3-21:166\"><strong>Jogos competitivos:<\/strong> Os jogadores profissionais e competitivos utilizam frequentemente \u00f3culos para jogos para manter a concentra\u00e7\u00e3o ideal e reduzir a tens\u00e3o ocular durante sess\u00f5es de jogo intensas.<\/p>\n<\/li>\n<\/ul>","protected":false},"excerpt":{"rendered":"<p>Os vidros para jogos s\u00e3o protectores de vidro temperado concebidos especificamente para dispositivos de jogos. Tal como os protectores de vidro temperado normais, destinam-se a proteger o ecr\u00e3 delicado de um dispositivo de jogos contra riscos e impactos.<\/p>","protected":false},"featured_media":1578,"template":"","meta":[],"product_cat":[15],"product_tag":[],"_links":{"self":[{"href":"https:\/\/touchscreenmfg.com\/pt\/wp-json\/wp\/v2\/product\/1617"}],"collection":[{"href":"https:\/\/touchscreenmfg.com\/pt\/wp-json\/wp\/v2\/product"}],"about":[{"href":"https:\/\/touchscreenmfg.com\/pt\/wp-json\/wp\/v2\/types\/product"}],"wp:featuredmedia":[{"embeddable":true,"href":"https:\/\/touchscreenmfg.com\/pt\/wp-json\/wp\/v2\/media\/1578"}],"wp:attachment":[{"href":"https:\/\/touchscreenmfg.com\/pt\/wp-json\/wp\/v2\/media?parent=1617"}],"wp:term":[{"taxonomy":"product_cat","embeddable":true,"href":"https:\/\/touchscreenmfg.com\/pt\/wp-json\/wp\/v2\/product_cat?post=1617"},{"taxonomy":"product_tag","embeddable":true,"href":"https:\/\/touchscreenmfg.com\/pt\/wp-json\/wp\/v2\/product_tag?post=1617"}],"curies":[{"name":"wp","href":"https:\/\/api.w.org\/{rel}","templated":true}]}}