{"id":1615,"date":"2024-06-29T01:06:11","date_gmt":"2024-06-29T01:06:11","guid":{"rendered":"https:\/\/touchscreenmfg.com\/manufacturer\/chemically-tempered-cover-glass\/"},"modified":"2024-06-29T03:26:40","modified_gmt":"2024-06-29T03:26:40","slug":"chemically-tempered-cover-glass","status":"publish","type":"product","link":"https:\/\/touchscreenmfg.com\/pt\/chemically-tempered-cover-glass\/","title":{"rendered":"Vidro de cobertura temperado quimicamente"},"content":{"rendered":"<h2 class=\"\" data-sourcepos=\"1:1-1:91\">Vidro de cobertura temperado quimicamente: Aumentar a durabilidade e a clareza dos dispositivos electr\u00f3nicos<\/h2>\n<p data-sourcepos=\"3:1-3:72\">O vidro de cobertura temperado quimicamente, tamb\u00e9m conhecido como vidro com troca i\u00f3nica, \u00e9 um tipo de vidro que foi submetido a um tratamento qu\u00edmico para aumentar a sua resist\u00eancia e durabilidade. Este processo, que normalmente envolve a troca de i\u00f5es de s\u00f3dio no vidro por i\u00f5es de pot\u00e1ssio, cria uma camada de tens\u00e3o de compress\u00e3o na superf\u00edcie, tornando o vidro mais resistente a riscos, impactos e choques t\u00e9rmicos.<\/p>\n<p data-sourcepos=\"5:1-5:49\"><strong>Carater\u00edsticas principais:<\/strong><\/p>\n<ul data-sourcepos=\"7:1-9:1\">\n<li data-sourcepos=\"7:1-8:0\">\n<p data-sourcepos=\"7:3-7:166\"><strong>For\u00e7a melhorada:<\/strong> \u00c9 normalmente seis a oito vezes mais forte do que o vidro normal, tornando-o menos suscet\u00edvel de se partir e riscar.<\/p>\n<\/li>\n<li data-sourcepos=\"9:1-9:1\">\n<p data-sourcepos=\"9:3-9:140\"><strong>Clareza \u00f3tica:<\/strong> O processo de troca i\u00f3nica n\u00e3o altera as propriedades \u00f3pticas do vidro, preservando a sua transpar\u00eancia e clareza.<\/p>\n<\/li>\n<li data-sourcepos=\"11:1-12:0\">\n<p data-sourcepos=\"11:3-11:145\"><strong>Versatilidade:<\/strong> Pode ser cortado e moldado em v\u00e1rias formas, o que o torna adequado para uma vasta gama de aplica\u00e7\u00f5es.<\/p>\n<\/li>\n<li data-sourcepos=\"13:1-14:0\">\n<p data-sourcepos=\"13:3-13:163\"><strong>Magreza:<\/strong> Pode ser produzido em sec\u00e7\u00f5es mais finas do que o vidro temperado termicamente, permitindo dispositivos mais leves e elegantes.<\/p>\n<\/li>\n<\/ul>\n<p data-sourcepos=\"15:1-15:52\"><strong>Aplica\u00e7\u00f5es:<\/strong><\/p>\n<ul data-sourcepos=\"17:1-19:1\">\n<li data-sourcepos=\"17:1-18:0\">\n<p data-sourcepos=\"17:3-17:184\"><strong>Smartphones e Tablets:<\/strong>\u00c9 amplamente utilizado em smartphones e tablets para proteger os ecr\u00e3s delicados de riscos, impactos e quedas acidentais.<\/p>\n<\/li>\n<li data-sourcepos=\"19:1-19:1\">\n<p data-sourcepos=\"19:3-19:159\"><strong>Computadores port\u00e1teis e dispositivos port\u00e1teis:<\/strong> Os computadores port\u00e1teis, os tablets e outros dispositivos port\u00e1teis utilizam frequentemente vidro de cobertura temperado quimicamente para os seus ecr\u00e3s e ecr\u00e3s t\u00e1cteis.<\/p>\n<\/li>\n<li data-sourcepos=\"21:1-22:0\">\n<p data-sourcepos=\"21:3-21:151\"><strong>Ecr\u00e3s para autom\u00f3veis:<\/strong> Est\u00e1 a ser cada vez mais utilizado em ecr\u00e3s de autom\u00f3veis devido \u00e0 sua durabilidade e clareza \u00f3tica.<\/p>\n<\/li>\n<li data-sourcepos=\"23:1-24:0\">\n<p data-sourcepos=\"23:3-23:160\"><strong>Rel\u00f3gios inteligentes e artigos de vestu\u00e1rio:<\/strong> Os rel\u00f3gios inteligentes e outros dispositivos port\u00e1teis beneficiam da resist\u00eancia a riscos e da for\u00e7a do vidro de cobertura temperado quimicamente.<\/p>\n<\/li>\n<\/ul>\n<p data-sourcepos=\"25:1-25:27\"><strong>Corte de vidro temperado:<\/strong><\/p>\n<p data-sourcepos=\"27:1-27:276\">O corte de vidro temperado quimicamente requer t\u00e9cnicas e equipamentos especializados devido \u00e0 sua maior resist\u00eancia e potencial de quebra se mal manuseado. Os servi\u00e7os profissionais de corte de vidro s\u00e3o recomendados para um corte preciso e seguro do vidro temperado quimicamente.<\/p>","protected":false},"excerpt":{"rendered":"<p>O vidro de cobertura temperado quimicamente tornou-se uma escolha preferida para proteger e melhorar os ecr\u00e3s de v\u00e1rios dispositivos electr\u00f3nicos. A sua combina\u00e7\u00e3o de resist\u00eancia, clareza \u00f3tica e versatilidade torna-o um componente essencial da tecnologia moderna.<\/p>","protected":false},"featured_media":1576,"template":"","meta":[],"product_cat":[15],"product_tag":[],"_links":{"self":[{"href":"https:\/\/touchscreenmfg.com\/pt\/wp-json\/wp\/v2\/product\/1615"}],"collection":[{"href":"https:\/\/touchscreenmfg.com\/pt\/wp-json\/wp\/v2\/product"}],"about":[{"href":"https:\/\/touchscreenmfg.com\/pt\/wp-json\/wp\/v2\/types\/product"}],"wp:featuredmedia":[{"embeddable":true,"href":"https:\/\/touchscreenmfg.com\/pt\/wp-json\/wp\/v2\/media\/1576"}],"wp:attachment":[{"href":"https:\/\/touchscreenmfg.com\/pt\/wp-json\/wp\/v2\/media?parent=1615"}],"wp:term":[{"taxonomy":"product_cat","embeddable":true,"href":"https:\/\/touchscreenmfg.com\/pt\/wp-json\/wp\/v2\/product_cat?post=1615"},{"taxonomy":"product_tag","embeddable":true,"href":"https:\/\/touchscreenmfg.com\/pt\/wp-json\/wp\/v2\/product_tag?post=1615"}],"curies":[{"name":"wp","href":"https:\/\/api.w.org\/{rel}","templated":true}]}}