{"id":1614,"date":"2024-06-29T01:06:11","date_gmt":"2024-06-29T01:06:11","guid":{"rendered":"https:\/\/touchscreenmfg.com\/manufacturer\/physically-tempered-cover-glass\/"},"modified":"2024-06-29T03:30:56","modified_gmt":"2024-06-29T03:30:56","slug":"physically-tempered-cover-glass","status":"publish","type":"product","link":"https:\/\/touchscreenmfg.com\/pt\/physically-tempered-cover-glass\/","title":{"rendered":"Vidro de cobertura temperado fisicamente"},"content":{"rendered":"<h2 class=\"\" data-sourcepos=\"1:1-1:100\">Vidro de cobertura temperado fisicamente: Prote\u00e7\u00e3o robusta e maior durabilidade para dispositivos electr\u00f3nicos<\/h2>\n<p data-sourcepos=\"3:1-3:96\">O vidro de cobertura temperado fisicamente, tamb\u00e9m conhecido como vidro temperado termicamente, \u00e9 um tipo de vidro que foi submetido a um processo de tratamento t\u00e9rmico para aumentar a sua resist\u00eancia e durabilidade. Este processo, que normalmente envolve o r\u00e1pido aquecimento e arrefecimento do vidro, cria uma camada de tens\u00e3o compressiva na superf\u00edcie, tornando o vidro mais resistente a riscos, impactos e choques t\u00e9rmicos.<\/p>\n<p data-sourcepos=\"5:1-5:52\"><strong>Carater\u00edsticas principais do vidro de cobertura temperado fisicamente:<\/strong><\/p>\n<ul data-sourcepos=\"7:1-7:27\">\n<li data-sourcepos=\"7:1-7:27\">\n<p data-sourcepos=\"7:3-7:183\"><strong>For\u00e7a excecional:<\/strong> O vidro de cobertura fisicamente temperado \u00e9 normalmente quatro a cinco vezes mais forte do que o vidro normal, proporcionando uma prote\u00e7\u00e3o superior contra quebras e riscos.<\/p>\n<\/li>\n<li data-sourcepos=\"9:1-9:54\">\n<p data-sourcepos=\"9:3-9:54\"><strong>Clareza \u00f3tica:<\/strong> O processo de tratamento t\u00e9rmico n\u00e3o altera as propriedades \u00f3pticas do vidro, mantendo a sua transpar\u00eancia e clareza.<\/p>\n<\/li>\n<li data-sourcepos=\"11:1-12:0\">\n<p data-sourcepos=\"11:3-11:145\"><strong>Versatilidade:<\/strong> O vidro de cobertura temperado fisicamente pode ser cortado e moldado em v\u00e1rias formas, tornando-o adequado para uma vasta gama de aplica\u00e7\u00f5es.<\/p>\n<\/li>\n<li data-sourcepos=\"13:1-14:0\">\n<p data-sourcepos=\"13:3-13:171\"><strong>Op\u00e7\u00f5es mais finas:<\/strong> O vidro de cobertura temperado fisicamente pode ser produzido em sec\u00e7\u00f5es mais finas do que o vidro temperado quimicamente, permitindo dispositivos mais elegantes e mais leves.<\/p>\n<\/li>\n<\/ul>\n<p data-sourcepos=\"15:1-15:52\"><strong>Aplica\u00e7\u00f5es do vidro de cobertura temperado fisicamente:<\/strong><\/p>\n<ul data-sourcepos=\"17:1-19:98\">\n<li data-sourcepos=\"17:1-18:0\">\n<p data-sourcepos=\"17:3-17:184\"><strong>Smartphones e Tablets:<\/strong> O vidro de cobertura temperado \u00e9 amplamente utilizado em smartphones e tablets para proteger os ecr\u00e3s delicados de riscos, impactos e quedas acidentais.<\/p>\n<\/li>\n<li data-sourcepos=\"19:1-19:98\">\n<p data-sourcepos=\"19:3-19:98\"><strong>Aplica\u00e7\u00f5es arquitect\u00f3nicas:<\/strong> O vidro de cobertura temperado fisicamente \u00e9 utilizado em v\u00e1rias aplica\u00e7\u00f5es arquitect\u00f3nicas, como janelas, portas e divis\u00f3rias, devido \u00e0s suas carater\u00edsticas de resist\u00eancia e seguran\u00e7a.<\/p>\n<\/li>\n<li data-sourcepos=\"21:1-22:0\">\n<p data-sourcepos=\"21:3-21:151\"><strong>Ecr\u00e3s para autom\u00f3veis:<\/strong> O vidro de cobertura temperado fisicamente \u00e9 cada vez mais utilizado em ecr\u00e3s de autom\u00f3veis devido \u00e0 sua durabilidade e clareza \u00f3tica.<\/p>\n<\/li>\n<li data-sourcepos=\"23:1-24:0\">\n<p data-sourcepos=\"23:3-23:154\"><strong>Pain\u00e9is de aparelhos:<\/strong> Os electrodom\u00e9sticos, como os frigor\u00edficos e os fornos, utilizam frequentemente vidro de cobertura temperado para os seus pain\u00e9is de controlo e ecr\u00e3s.<\/p>\n<\/li>\n<\/ul>\n<p data-sourcepos=\"25:1-25:28\"><strong>Processo de t\u00eampera do vidro:<\/strong><\/p>\n<p data-sourcepos=\"27:1-27:309\">O processo de t\u00eampera do vidro de cobertura temperado fisicamente envolve o aquecimento do vidro a uma temperatura de cerca de 600-700\u00b0C e, em seguida, o arrefecimento r\u00e1pido com jactos de ar frio. Esta r\u00e1pida mudan\u00e7a de temperatura cria uma camada de tens\u00e3o de compress\u00e3o na superf\u00edcie, tornando o vidro mais resistente \u00e0 tens\u00e3o e \u00e0 quebra<\/p>","protected":false},"excerpt":{"rendered":"<p>O vidro de cobertura temperado fisicamente tornou-se um elemento b\u00e1sico na prote\u00e7\u00e3o de dispositivos electr\u00f3nicos e aplica\u00e7\u00f5es arquitect\u00f3nicas. A sua excecional resist\u00eancia, clareza \u00f3tica e versatilidade fazem dele um componente essencial na tecnologia e constru\u00e7\u00e3o modernas.<\/p>","protected":false},"featured_media":1575,"template":"","meta":[],"product_cat":[15],"product_tag":[],"_links":{"self":[{"href":"https:\/\/touchscreenmfg.com\/pt\/wp-json\/wp\/v2\/product\/1614"}],"collection":[{"href":"https:\/\/touchscreenmfg.com\/pt\/wp-json\/wp\/v2\/product"}],"about":[{"href":"https:\/\/touchscreenmfg.com\/pt\/wp-json\/wp\/v2\/types\/product"}],"wp:featuredmedia":[{"embeddable":true,"href":"https:\/\/touchscreenmfg.com\/pt\/wp-json\/wp\/v2\/media\/1575"}],"wp:attachment":[{"href":"https:\/\/touchscreenmfg.com\/pt\/wp-json\/wp\/v2\/media?parent=1614"}],"wp:term":[{"taxonomy":"product_cat","embeddable":true,"href":"https:\/\/touchscreenmfg.com\/pt\/wp-json\/wp\/v2\/product_cat?post=1614"},{"taxonomy":"product_tag","embeddable":true,"href":"https:\/\/touchscreenmfg.com\/pt\/wp-json\/wp\/v2\/product_tag?post=1614"}],"curies":[{"name":"wp","href":"https:\/\/api.w.org\/{rel}","templated":true}]}}