{"id":1613,"date":"2024-06-29T01:06:11","date_gmt":"2024-06-29T01:06:11","guid":{"rendered":"https:\/\/touchscreenmfg.com\/manufacturer\/3d-bent-glass\/"},"modified":"2024-06-29T03:36:43","modified_gmt":"2024-06-29T03:36:43","slug":"3d-bent-glass","status":"publish","type":"product","link":"https:\/\/touchscreenmfg.com\/pt\/3d-bent-glass\/","title":{"rendered":"Vidro curvo 3D"},"content":{"rendered":"<h2 class=\"\" data-sourcepos=\"1:1-1:66\">Vidro curvo 3D: Moldar o futuro dos ecr\u00e3s elegantes e duradouros<\/h2>\n<p data-sourcepos=\"3:1-3:67\">O 3D Bent Glass, tamb\u00e9m conhecido como vidro de cobertura curvo, \u00e9 um tipo de vidro revolucion\u00e1rio que est\u00e1 a transformar o design e a funcionalidade dos dispositivos electr\u00f3nicos. Ao contr\u00e1rio do vidro de cobertura plano tradicional, o vidro curvo 3D apresenta uma forma curva que se adapta perfeitamente aos contornos dos ecr\u00e3s curvos modernos. Este design inovador oferece uma s\u00e9rie de vantagens em rela\u00e7\u00e3o ao vidro de cobertura plano, tornando-o na escolha preferida dos fabricantes e dos consumidores.<\/p>\n<p data-sourcepos=\"5:1-5:19\"><strong>Carater\u00edsticas principais:<\/strong><\/p>\n<ul data-sourcepos=\"7:1-7:153\">\n<li data-sourcepos=\"7:1-7:153\">\n<p class=\"\" data-sourcepos=\"7:3-7:169\"><strong class=\"\">Design fino e elegante:<\/strong> O vidro curvo 3D melhora a est\u00e9tica dos dispositivos, criando uma superf\u00edcie suave e cont\u00ednua que se funde na perfei\u00e7\u00e3o com o ecr\u00e3 curvo.<\/p>\n<\/li>\n<li data-sourcepos=\"9:1-10:0\">\n<p data-sourcepos=\"9:3-9:176\"><strong>Maior durabilidade:<\/strong> A forma curva do vidro 3D Bent Glass proporciona um melhor suporte estrutural, tornando-o mais resistente a impactos e riscos em compara\u00e7\u00e3o com o vidro de cobertura plano.<\/p>\n<\/li>\n<li data-sourcepos=\"11:1-12:0\">\n<p data-sourcepos=\"11:3-11:159\"><strong>Ecr\u00e3 de ponta a ponta melhorado:<\/strong> O 3D Bent Glass permite a cria\u00e7\u00e3o de ecr\u00e3s de ponta a ponta, maximizando a \u00e1rea de visualiza\u00e7\u00e3o e criando uma experi\u00eancia de utiliza\u00e7\u00e3o mais envolvente.<\/p>\n<\/li>\n<li data-sourcepos=\"13:1-13:131\">\n<p data-sourcepos=\"13:3-13:131\"><strong>Compatibilidade com ecr\u00e3s t\u00e1cteis:<\/strong> O 3D Bent Glass \u00e9 totalmente compat\u00edvel com a tecnologia de ecr\u00e3 t\u00e1til, assegurando uma intera\u00e7\u00e3o t\u00e1til sem falhas.<\/p>\n<\/li>\n<\/ul>\n<p data-sourcepos=\"15:1-15:27\"><strong>Vidro temperado para dobrar:<\/strong><\/p>\n<p data-sourcepos=\"17:1-17:284\">O processo de cria\u00e7\u00e3o do vidro curvo 3D envolve o aquecimento do vidro temperado a uma temperatura elevada e, em seguida, a sua moldagem na forma desejada utilizando moldes e equipamento especializados. Este processo garante que o vidro mant\u00e9m a sua resist\u00eancia e durabilidade enquanto atinge a curvatura desejada.<\/p>\n<p data-sourcepos=\"19:1-19:34\"><strong>Aplica\u00e7\u00f5es:<\/strong><\/p>\n<ul data-sourcepos=\"21:1-28:0\">\n<li data-sourcepos=\"21:1-22:0\">\n<p data-sourcepos=\"21:3-21:134\"><strong>Smartphones:<\/strong> \u00c9 amplamente utilizado em smartphones topo de gama, contribuindo para os seus designs elegantes e constru\u00e7\u00e3o duradoura.<\/p>\n<\/li>\n<li data-sourcepos=\"23:1-24:0\">\n<p data-sourcepos=\"23:3-23:117\"><strong>Comprimidos:<\/strong> Os tablets incorporam cada vez mais vidro curvo 3D para os seus ecr\u00e3s maiores e para uma melhor experi\u00eancia do utilizador.<\/p>\n<\/li>\n<li data-sourcepos=\"25:1-26:0\">\n<p data-sourcepos=\"25:3-25:112\"><strong>Computadores port\u00e1teis:<\/strong> Alguns computadores port\u00e1teis de topo incluem vidro 3D Bent Glass para os seus ecr\u00e3s t\u00e1cteis e est\u00e9tica elegante.<\/p>\n<\/li>\n<li data-sourcepos=\"27:1-28:0\">\n<p data-sourcepos=\"27:3-27:145\"><strong>Smartwatches:<\/strong> Est\u00e1 a ser introduzido nos smartwatches, proporcionando uma cobertura mais duradoura e visualmente mais apelativa para os seus ecr\u00e3s.<\/p>\n<\/li>\n<\/ul>","protected":false},"excerpt":{"rendered":"<p>O vidro curvo 3D \u00e9 um fator de mudan\u00e7a no mundo dos dispositivos electr\u00f3nicos, oferecendo uma combina\u00e7\u00e3o de design elegante, maior durabilidade e melhores capacidades de visualiza\u00e7\u00e3o. \u00c0 medida que a tecnologia avan\u00e7a, o vidro curvo 3D est\u00e1 pronto para se tornar ainda mais predominante, moldando o futuro dos smartphones, tablets, computadores port\u00e1teis e outros dispositivos.<\/p>","protected":false},"featured_media":1574,"template":"","meta":[],"product_cat":[15],"product_tag":[],"_links":{"self":[{"href":"https:\/\/touchscreenmfg.com\/pt\/wp-json\/wp\/v2\/product\/1613"}],"collection":[{"href":"https:\/\/touchscreenmfg.com\/pt\/wp-json\/wp\/v2\/product"}],"about":[{"href":"https:\/\/touchscreenmfg.com\/pt\/wp-json\/wp\/v2\/types\/product"}],"wp:featuredmedia":[{"embeddable":true,"href":"https:\/\/touchscreenmfg.com\/pt\/wp-json\/wp\/v2\/media\/1574"}],"wp:attachment":[{"href":"https:\/\/touchscreenmfg.com\/pt\/wp-json\/wp\/v2\/media?parent=1613"}],"wp:term":[{"taxonomy":"product_cat","embeddable":true,"href":"https:\/\/touchscreenmfg.com\/pt\/wp-json\/wp\/v2\/product_cat?post=1613"},{"taxonomy":"product_tag","embeddable":true,"href":"https:\/\/touchscreenmfg.com\/pt\/wp-json\/wp\/v2\/product_tag?post=1613"}],"curies":[{"name":"wp","href":"https:\/\/api.w.org\/{rel}","templated":true}]}}