{"id":1608,"date":"2024-06-29T01:06:10","date_gmt":"2024-06-29T01:06:10","guid":{"rendered":"https:\/\/touchscreenmfg.com\/manufacturer\/touch-screen-lens\/"},"modified":"2024-06-29T03:53:36","modified_gmt":"2024-06-29T03:53:36","slug":"touch-screen-lens","status":"publish","type":"product","link":"https:\/\/touchscreenmfg.com\/pt\/touch-screen-lens\/","title":{"rendered":"Lente de ecr\u00e3 t\u00e1til"},"content":{"rendered":"<h2 class=\"\" data-sourcepos=\"3:1-3:76\">Lentes para ecr\u00e3s t\u00e1cteis: Proteger e melhorar a experi\u00eancia do ecr\u00e3 t\u00e1til<\/h2>\n<p data-sourcepos=\"5:1-5:166\">As lentes para ecr\u00e3s t\u00e1cteis, tamb\u00e9m conhecidas como capas para ecr\u00e3s t\u00e1cteis ou pel\u00edculas de prote\u00e7\u00e3o, s\u00e3o camadas transparentes aplicadas sobre ecr\u00e3s t\u00e1cteis para os proteger de riscos, impactos e outros danos. Estes escudos protectores desempenham um papel crucial na preserva\u00e7\u00e3o da integridade e funcionalidade dos ecr\u00e3s t\u00e1cteis, assegurando uma experi\u00eancia de utiliza\u00e7\u00e3o suave e reactiva.<\/p>\n<p data-sourcepos=\"7:1-7:40\"><strong>Carater\u00edsticas principais:<\/strong><\/p>\n<ul data-sourcepos=\"9:1-9:121\">\n<li data-sourcepos=\"9:1-9:121\">\n<p class=\"\" data-sourcepos=\"9:3-9:191\"><strong class=\"\">Resist\u00eancia aos riscos:<\/strong> As lentes para ecr\u00e3s t\u00e1cteis foram concebidas para resistir aos riscos da utiliza\u00e7\u00e3o quotidiana, como chaves, moedas e outros objectos, evitando danos na delicada superf\u00edcie do ecr\u00e3.<\/p>\n<\/li>\n<li data-sourcepos=\"11:1-12:0\">\n<p data-sourcepos=\"11:3-11:156\"><strong>Prote\u00e7\u00e3o contra impactos:<\/strong> Estas pel\u00edculas de prote\u00e7\u00e3o podem absorver e dispersar a for\u00e7a dos impactos, reduzindo o risco de fissuras e fracturas no ecr\u00e3 t\u00e1til.<\/p>\n<\/li>\n<li data-sourcepos=\"13:1-14:0\">\n<p data-sourcepos=\"13:3-13:242\"><strong>Antirreflexo e redu\u00e7\u00e3o de manchas:<\/strong> Algumas lentes para ecr\u00e3s t\u00e1cteis possuem revestimentos antirreflexo que minimizam os reflexos e melhoram a visibilidade em ambientes com muita luz. Podem tamb\u00e9m ter propriedades anti-manchas para reduzir as impress\u00f5es digitais e as manchas.<\/p>\n<\/li>\n<li data-sourcepos=\"15:1-15:56\">\n<p data-sourcepos=\"15:3-15:56\"><strong>Compatibilidade com a sensibilidade ao toque:<\/strong> As lentes para ecr\u00e3s t\u00e1cteis s\u00e3o normalmente concebidas para manter a sensibilidade ao toque do ecr\u00e3, garantindo uma intera\u00e7\u00e3o e uma capacidade de resposta perfeitas.<\/p>\n<\/li>\n<\/ul>\n<p data-sourcepos=\"17:1-17:40\"><strong>Aplica\u00e7\u00f5es:<\/strong><\/p>\n<ul data-sourcepos=\"19:1-26:0\">\n<li data-sourcepos=\"19:1-20:0\">\n<p data-sourcepos=\"19:3-19:154\"><strong>Smartphones e Tablets:<\/strong> As lentes para ecr\u00e3s t\u00e1cteis s\u00e3o amplamente utilizadas em smartphones e tablets para proteger os seus valiosos ecr\u00e3s do desgaste di\u00e1rio.<\/p>\n<\/li>\n<li data-sourcepos=\"21:1-22:0\">\n<p data-sourcepos=\"21:3-21:135\"><strong>Computadores port\u00e1teis e de secret\u00e1ria:<\/strong> Os computadores port\u00e1teis com ecr\u00e3 t\u00e1til e os computadores de secret\u00e1ria tudo-em-um (AIO) beneficiam frequentemente da prote\u00e7\u00e3o das lentes para ecr\u00e3 t\u00e1til.<\/p>\n<\/li>\n<li data-sourcepos=\"23:1-24:0\">\n<p data-sourcepos=\"23:3-23:203\"><strong>Quiosques e ecr\u00e3s interactivos:<\/strong> Os quiosques e ecr\u00e3s interactivos acess\u00edveis ao p\u00fablico s\u00e3o particularmente vulner\u00e1veis a riscos e impactos, pelo que as lentes para ecr\u00e3s t\u00e1cteis s\u00e3o essenciais para a sua prote\u00e7\u00e3o.<\/p>\n<\/li>\n<li data-sourcepos=\"25:1-26:0\">\n<p data-sourcepos=\"25:3-25:185\"><strong>Sistemas de ponto de venda (POS):<\/strong> Os sistemas POS com ecr\u00e3 t\u00e1til dependem de lentes de ecr\u00e3 t\u00e1til para proteger os seus ecr\u00e3s de danos, garantindo um funcionamento ininterrupto em ambientes de retalho.<\/p>\n<\/li>\n<\/ul>","protected":false},"excerpt":{"rendered":"<p>As lentes para ecr\u00e3s t\u00e1cteis funcionam como uma barreira protetora vital para os ecr\u00e3s t\u00e1cteis, prolongando a sua vida \u00fatil e preservando a sua funcionalidade. A sua capacidade de evitar riscos, impactos e manchas garante uma experi\u00eancia de utilizador consistente e agrad\u00e1vel numa vasta gama de aplica\u00e7\u00f5es.<\/p>","protected":false},"featured_media":1568,"template":"","meta":[],"product_cat":[41],"product_tag":[],"_links":{"self":[{"href":"https:\/\/touchscreenmfg.com\/pt\/wp-json\/wp\/v2\/product\/1608"}],"collection":[{"href":"https:\/\/touchscreenmfg.com\/pt\/wp-json\/wp\/v2\/product"}],"about":[{"href":"https:\/\/touchscreenmfg.com\/pt\/wp-json\/wp\/v2\/types\/product"}],"wp:featuredmedia":[{"embeddable":true,"href":"https:\/\/touchscreenmfg.com\/pt\/wp-json\/wp\/v2\/media\/1568"}],"wp:attachment":[{"href":"https:\/\/touchscreenmfg.com\/pt\/wp-json\/wp\/v2\/media?parent=1608"}],"wp:term":[{"taxonomy":"product_cat","embeddable":true,"href":"https:\/\/touchscreenmfg.com\/pt\/wp-json\/wp\/v2\/product_cat?post=1608"},{"taxonomy":"product_tag","embeddable":true,"href":"https:\/\/touchscreenmfg.com\/pt\/wp-json\/wp\/v2\/product_tag?post=1608"}],"curies":[{"name":"wp","href":"https:\/\/api.w.org\/{rel}","templated":true}]}}