{"id":2179,"date":"2024-09-20T08:13:40","date_gmt":"2024-09-20T08:13:40","guid":{"rendered":"https:\/\/touchscreenmfg.com\/?post_type=product&#038;p=2179"},"modified":"2024-09-20T08:13:56","modified_gmt":"2024-09-20T08:13:56","slug":"pc-touch-screen","status":"publish","type":"product","link":"https:\/\/touchscreenmfg.com\/pl\/pc-touch-screen\/","title":{"rendered":"Ekran dotykowy PC"},"content":{"rendered":"<h2>Ekrany dotykowe PC: Trwa\u0142y i wszechstronny wyb\u00f3r<\/h2>\n<h3 data-sourcepos=\"5:1-5:39\">G\u0142\u00f3wne zalety:<\/h3>\n<ul>\n<li><span class=\"citation-0 recitation\">Wysoka odporno\u015b\u0107 na uderzenia:<\/span><span class=\"citation-0 recitation citation-end-0\"> PC jest materia\u0142em wysoce odpornym na uderzenia, dzi\u0119ki czemu nadaje si\u0119 do urz\u0105dze\u0144, kt\u00f3re mog\u0105 by\u0107 nara\u017cone na fizyczne wstrz\u0105sy lub upadki.<\/span><\/li>\n<li>Odporno\u015b\u0107 na temperatur\u0119: PC mo\u017ce wytrzyma\u0107 szeroki zakres temperatur, dzi\u0119ki czemu nadaje si\u0119 do zastosowa\u0144 zewn\u0119trznych lub przemys\u0142owych.<\/li>\n<li><span class=\"citation-1 recitation\">Odporno\u015b\u0107 chemiczna:<\/span><span class=\"citation-1 recitation citation-end-1\"> PC jest odporny na wiele chemikali\u00f3w i rozpuszczalnik\u00f3w, dzi\u0119ki czemu jest trwa\u0142y w trudnych warunkach.<\/span><\/li>\n<li><span class=\"citation-2 recitation\">Przejrzysto\u015b\u0107 optyczna:<\/span><span class=\"citation-2 recitation citation-end-2\"> PC oferuje dobr\u0105 przejrzysto\u015b\u0107 optyczn\u0105, zapewniaj\u0105c wyra\u017ane i responsywne wra\u017cenia dotykowe.<\/span><\/li>\n<\/ul>\n<h3 data-sourcepos=\"12:1-12:37\">Zastosowania:<\/h3>\n<ul>\n<li><span class=\"citation-3 recitation\">Automatyka przemys\u0142owa:<\/span><span class=\"citation-3 recitation citation-end-3\"> Ekrany dotykowe PC s\u0105 szeroko stosowane w przemys\u0142owych panelach sterowania i maszynach ze wzgl\u0119du na ich trwa\u0142o\u015b\u0107 i odporno\u015b\u0107 na trudne warunki.<\/span><\/li>\n<li>Kioski zewn\u0119trzne: Ekrany dotykowe PC nadaj\u0105 si\u0119 do zewn\u0119trznych kiosk\u00f3w i terminali informacyjnych, poniewa\u017c s\u0105 odporne na dzia\u0142anie czynnik\u00f3w atmosferycznych.<\/li>\n<li>Motoryzacja: Komputery PC s\u0105 wykorzystywane w samochodowych systemach informacyjno-rozrywkowych i ekranach nawigacyjnych, gdzie trwa\u0142o\u015b\u0107 i odporno\u015b\u0107 na temperatur\u0119 maj\u0105 kluczowe znaczenie.<\/li>\n<li><span class=\"citation-4 recitation\">Urz\u0105dzenia medyczne:<\/span><span class=\"citation-4 recitation citation-end-4\"> Ekrany dotykowe PC znajduj\u0105 zastosowanie w sprz\u0119cie medycznym, takim jak urz\u0105dzenia diagnostyczne i systemy monitorowania pacjent\u00f3w.<\/span><\/li>\n<\/ul>\n<h3 data-sourcepos=\"19:1-19:44\">Por\u00f3wnanie ekran\u00f3w dotykowych PMMA i PC:<\/h3>\n<div class=\"horizontal-scroll-wrapper\">\n<div class=\"table-block-component\">\n<div class=\"table-block\">\n<div class=\"table-content not-end-of-paragraph\">\n<table style=\"height: 170px;\" width=\"612\" data-sourcepos=\"21:1-27:25\">\n<tbody>\n<tr data-sourcepos=\"21:1-21:23\">\n<th data-sourcepos=\"21:1-21:9\">Cecha<\/th>\n<th data-sourcepos=\"21:11-21:16\">PMMA<\/th>\n<th data-sourcepos=\"21:18-21:21\">PC<\/th>\n<\/tr>\n<tr data-sourcepos=\"23:1-23:40\">\n<td data-sourcepos=\"23:1-23:19\">Odporno\u015b\u0107 na uderzenia<\/td>\n<td data-sourcepos=\"23:21-23:26\">Dobry<\/td>\n<td data-sourcepos=\"23:28-23:38\">Doskona\u0142y<\/td>\n<\/tr>\n<tr data-sourcepos=\"24:1-24:45\">\n<td data-sourcepos=\"24:1-24:24\">Odporno\u015b\u0107 na temperatur\u0119<\/td>\n<td data-sourcepos=\"24:26-24:31\">Dobry<\/td>\n<td data-sourcepos=\"24:33-24:43\">Doskona\u0142y<\/td>\n<\/tr>\n<tr data-sourcepos=\"25:1-25:42\">\n<td data-sourcepos=\"25:1-25:21\">Odporno\u015b\u0107 chemiczna<\/td>\n<td data-sourcepos=\"25:23-25:28\">Dobry<\/td>\n<td data-sourcepos=\"25:30-25:40\">Doskona\u0142y<\/td>\n<\/tr>\n<tr data-sourcepos=\"26:1-26:38\">\n<td data-sourcepos=\"26:1-26:17\">Przejrzysto\u015b\u0107 optyczna<\/td>\n<td data-sourcepos=\"26:19-26:29\">Doskona\u0142y<\/td>\n<td data-sourcepos=\"26:31-26:36\">Dobry<\/td>\n<\/tr>\n<tr data-sourcepos=\"27:1-27:25\">\n<td data-sourcepos=\"27:1-27:6\">Koszt<\/td>\n<td data-sourcepos=\"27:8-27:14\">Ni\u017cszy<\/td>\n<td data-sourcepos=\"27:16-27:23\">Wy\u017cszy<\/td>\n<\/tr>\n<\/tbody>\n<\/table>\n<\/div>\n<\/div>\n<\/div>\n<\/div>","protected":false},"excerpt":{"rendered":"<p>Ekrany dotykowe z PC (poliw\u0119glanu) to kolejna popularna opcja dla urz\u0105dze\u0144 elektronicznych, oferuj\u0105ca doskona\u0142\u0105 trwa\u0142o\u015b\u0107 i odporno\u015b\u0107 na uderzenia. S\u0105 one cz\u0119sto u\u017cywane w aplikacjach, w kt\u00f3rych trwa\u0142o\u015b\u0107 i wytrzyma\u0142o\u015b\u0107 s\u0105 niezb\u0119dne.<\/p>\n<p>Podsumowuj\u0105c, zar\u00f3wno ekrany dotykowe PMMA, jak i PC oferuj\u0105 doskona\u0142\u0105 wydajno\u015b\u0107 i trwa\u0142o\u015b\u0107. Wyb\u00f3r pomi\u0119dzy tymi dwoma materia\u0142ami zale\u017cy od konkretnych wymaga\u0144 aplikacji. PMMA jest generalnie bardziej op\u0142acalny i oferuje doskona\u0142\u0105 przejrzysto\u015b\u0107 optyczn\u0105, podczas gdy PC jest znany z wyj\u0105tkowej odporno\u015bci na uderzenia i temperatur\u0119.<\/p>","protected":false},"featured_media":2180,"template":"","meta":[],"product_cat":[43],"product_tag":[],"_links":{"self":[{"href":"https:\/\/touchscreenmfg.com\/pl\/wp-json\/wp\/v2\/product\/2179"}],"collection":[{"href":"https:\/\/touchscreenmfg.com\/pl\/wp-json\/wp\/v2\/product"}],"about":[{"href":"https:\/\/touchscreenmfg.com\/pl\/wp-json\/wp\/v2\/types\/product"}],"wp:featuredmedia":[{"embeddable":true,"href":"https:\/\/touchscreenmfg.com\/pl\/wp-json\/wp\/v2\/media\/2180"}],"wp:attachment":[{"href":"https:\/\/touchscreenmfg.com\/pl\/wp-json\/wp\/v2\/media?parent=2179"}],"wp:term":[{"taxonomy":"product_cat","embeddable":true,"href":"https:\/\/touchscreenmfg.com\/pl\/wp-json\/wp\/v2\/product_cat?post=2179"},{"taxonomy":"product_tag","embeddable":true,"href":"https:\/\/touchscreenmfg.com\/pl\/wp-json\/wp\/v2\/product_tag?post=2179"}],"curies":[{"name":"wp","href":"https:\/\/api.w.org\/{rel}","templated":true}]}}