{"id":2177,"date":"2024-09-20T08:00:55","date_gmt":"2024-09-20T08:00:55","guid":{"rendered":"https:\/\/touchscreenmfg.com\/?post_type=product&#038;p=2177"},"modified":"2025-03-15T09:13:16","modified_gmt":"2025-03-15T09:13:16","slug":"pmma-touch-screen","status":"publish","type":"product","link":"https:\/\/touchscreenmfg.com\/pl\/pmma-touch-screen\/","title":{"rendered":"Ekran dotykowy PMMA"},"content":{"rendered":"<h2>Ekrany dotykowe PMMA: Wyra\u017any i responsywny wyb\u00f3r<\/h2>\n<h3 data-sourcepos=\"5:1-5:38\">G\u0142\u00f3wne zalety:<\/h3>\n<ul data-sourcepos=\"7:1-8:61\">\n<li data-sourcepos=\"7:1-7:108\">Wysoka przejrzysto\u015b\u0107: <a href=\"https:\/\/nylon-granules.com\/acrylic-sheet\/\" target=\"_blank\" rel=\"noopener\">PMMA<\/a> zapewnia doskona\u0142\u0105 przejrzysto\u015b\u0107 i widoczno\u015b\u0107, gwarantuj\u0105c wyra\u017any i ostry obraz.<\/li>\n<li data-sourcepos=\"8:1-8:61\">Lekko\u015b\u0107: PMMA jest stosunkowo lekkim materia\u0142em, dzi\u0119ki czemu nadaje si\u0119 do urz\u0105dze\u0144 przeno\u015bnych.<\/li>\n<li data-sourcepos=\"9:1-9:97\">Odporno\u015b\u0107 na zarysowania: PMMA zapewnia dobr\u0105 odporno\u015b\u0107 na zarysowania, chroni\u0105c ekran przed uszkodzeniem.<\/li>\n<li data-sourcepos=\"10:1-10:29\">Odporno\u015b\u0107 chemiczna: PMMA jest odporny na r\u00f3\u017cne chemikalia, dzi\u0119ki czemu nadaje si\u0119 do stosowania w trudnych warunkach.<\/li>\n<li data-sourcepos=\"11:1-12:0\">Op\u0142acalno\u015b\u0107: PMMA jest generalnie bardziej op\u0142acalny w por\u00f3wnaniu z innymi materia\u0142ami, takimi jak szk\u0142o.<\/li>\n<\/ul>\n<h3 data-sourcepos=\"13:1-13:39\">Zastosowania:<\/h3>\n<ul data-sourcepos=\"15:1-17:89\">\n<li data-sourcepos=\"15:1-15:170\">Smartfony i tablety: PMMA jest powszechnie stosowany w ekranach dotykowych smartfon\u00f3w i tablet\u00f3w ze wzgl\u0119du na po\u0142\u0105czenie przejrzysto\u015bci, trwa\u0142o\u015bci i op\u0142acalno\u015bci.<\/li>\n<li data-sourcepos=\"16:1-16:150\">Systemy punkt\u00f3w sprzeda\u017cy (POS): Ekrany dotykowe PMMA s\u0105 szeroko stosowane w handlu detalicznym i hotelarstwie do interakcji z klientami i transakcji.<\/li>\n<li data-sourcepos=\"17:1-17:89\">Automatyka przemys\u0142owa: Ekrany dotykowe PMMA s\u0105 u\u017cywane w przemys\u0142owych panelach sterowania i maszynach do wprowadzania danych przez operatora.<\/li>\n<li data-sourcepos=\"18:1-19:0\">Urz\u0105dzenia medyczne: Ekrany dotykowe PMMA znajduj\u0105 zastosowanie w sprz\u0119cie medycznym, takim jak urz\u0105dzenia diagnostyczne i systemy monitorowania pacjent\u00f3w.<\/li>\n<\/ul>\n<h3 data-sourcepos=\"20:1-20:68\">Chocia\u017c PMMA oferuje wiele zalet, ma r\u00f3wnie\u017c pewne ograniczenia:<\/h3>\n<ul data-sourcepos=\"22:1-24:0\">\n<li data-sourcepos=\"22:1-22:86\">Twardo\u015b\u0107: PMMA nie jest tak twarde jak szk\u0142o, przez co jest bardziej podatne na zarysowania.<\/li>\n<li data-sourcepos=\"23:1-24:0\">Wra\u017cliwo\u015b\u0107 na temperatur\u0119: Na PMMA mog\u0105 mie\u0107 wp\u0142yw ekstremalne temperatury, kt\u00f3re mog\u0105 wp\u0142ywa\u0107 na jego wydajno\u015b\u0107.<\/li>\n<\/ul>","protected":false},"excerpt":{"rendered":"<p data-sourcepos=\"3:1-3:93\">PMMA, czyli polimetakrylan metylu, jest popularnym materia\u0142em na ekrany dotykowe ze wzgl\u0119du na jego doskona\u0142e w\u0142a\u015bciwo\u015bci optyczne i trwa\u0142o\u015b\u0107. Ekrany dotykowe PMMA oferuj\u0105 wyra\u017ane, responsywne i ekonomiczne rozwi\u0105zanie dla r\u00f3\u017cnych urz\u0105dze\u0144 elektronicznych.<\/p>\n<p data-sourcepos=\"3:1-3:93\">Og\u00f3lnie rzecz bior\u0105c, ekrany dotykowe PMMA stanowi\u0105 niezawodne i ekonomiczne rozwi\u0105zanie dla szerokiego zakresu zastosowa\u0144. Po\u0142\u0105czenie przejrzysto\u015bci, trwa\u0142o\u015bci i przyst\u0119pnej ceny sprawia, \u017ce s\u0105 one popularnym wyborem w bran\u017cy elektronicznej.<\/p>","protected":false},"featured_media":2178,"template":"","meta":[],"product_cat":[43],"product_tag":[],"_links":{"self":[{"href":"https:\/\/touchscreenmfg.com\/pl\/wp-json\/wp\/v2\/product\/2177"}],"collection":[{"href":"https:\/\/touchscreenmfg.com\/pl\/wp-json\/wp\/v2\/product"}],"about":[{"href":"https:\/\/touchscreenmfg.com\/pl\/wp-json\/wp\/v2\/types\/product"}],"wp:featuredmedia":[{"embeddable":true,"href":"https:\/\/touchscreenmfg.com\/pl\/wp-json\/wp\/v2\/media\/2178"}],"wp:attachment":[{"href":"https:\/\/touchscreenmfg.com\/pl\/wp-json\/wp\/v2\/media?parent=2177"}],"wp:term":[{"taxonomy":"product_cat","embeddable":true,"href":"https:\/\/touchscreenmfg.com\/pl\/wp-json\/wp\/v2\/product_cat?post=2177"},{"taxonomy":"product_tag","embeddable":true,"href":"https:\/\/touchscreenmfg.com\/pl\/wp-json\/wp\/v2\/product_tag?post=2177"}],"curies":[{"name":"wp","href":"https:\/\/api.w.org\/{rel}","templated":true}]}}