{"id":1862,"date":"2024-08-07T02:42:39","date_gmt":"2024-08-07T02:42:39","guid":{"rendered":"https:\/\/touchscreenmfg.com\/?post_type=product&#038;p=1862"},"modified":"2024-08-07T02:54:53","modified_gmt":"2024-08-07T02:54:53","slug":"car-center-console-touch-film","status":"publish","type":"product","link":"https:\/\/touchscreenmfg.com\/pl\/car-center-console-touch-film\/","title":{"rendered":"Folia dotykowa na konsol\u0119 \u015brodkow\u0105 samochodu"},"content":{"rendered":"<h3><strong>Aplikacje z foli\u0105 dotykow\u0105<\/strong><\/h3>\n<p id=\"tw-target-text\" class=\"tw-data-text tw-text-large tw-ta\" dir=\"ltr\" data-placeholder=\"Translation\" aria-label=\"Przet\u0142umaczony tekst\" data-ved=\"2ahUKEwie_Z3B7OGHAxW_bfUHHYxgEGkQ3ewLegQIERAU\"><span class=\"Y2IQFc\" lang=\"en\">Samopojemno\u015b\u0107 okre\u015bla, czy palec dotyka elektrody, wykrywaj\u0105c zmiany pojemno\u015bci elektrostatycznej. Pojemno\u015b\u0107 jest skanowana i wykrywana zgodnie z okre\u015blonym cyklem. Na podstawie zmiany zmierzonej warto\u015bci mo\u017cna oceni\u0107, czy palec dotyka elektrody. MCU wykonuje cykle zgodnie z okre\u015blonym cyklem. Pojemno\u015b\u0107 elektrody jest skanowana i wykrywana. Gdy palec znajduje si\u0119 z dala od elektrody, warto\u015b\u0107 pojemno\u015bci pozostaje na stabilnym poziomie. Gdy palec zbli\u017ca si\u0119 lub dotyka warto\u015bci pojemno\u015bci, warto\u015b\u0107 pojemno\u015bci wzrasta, a warto\u015b\u0107 zliczania wzrasta. Gdy palec oddala si\u0119 od elektrody, warto\u015b\u0107 pojemno\u015bci zmniejsza si\u0119 o warto\u015b\u0107 zliczania. Warto\u015b\u0107 zliczania, kt\u00f3ra spada i pozostaje na sta\u0142ym poziomie, gdy palec znajduje si\u0119 z dala od elektrody, nazywana jest warto\u015bci\u0105 bazow\u0105. Na t\u0119 warto\u015b\u0107 bazow\u0105 nak\u0142adamy warto\u015b\u0107 progow\u0105 jako warto\u015b\u0107 krytyczn\u0105. Gdy warto\u015b\u0107 zliczania jest wy\u017csza ni\u017c warto\u015b\u0107 krytyczna, prze\u0142\u0105cznik oceny jest w\u0142\u0105czony. Gdy warto\u015b\u0107 zliczania jest poni\u017cej tej warto\u015bci krytycznej, prze\u0142\u0105cznik jest oceniany jako WY\u0141\u0104CZONY.<\/span><\/p>","protected":false},"excerpt":{"rendered":"<h3 id=\"tw-target-text\" class=\"tw-data-text tw-text-large tw-ta\" dir=\"ltr\" data-placeholder=\"Translation\" aria-label=\"Przet\u0142umaczony tekst\" data-ved=\"2ahUKEwie_Z3B7OGHAxW_bfUHHYxgEGkQ3ewLegQIERAU\"><strong><span class=\"Y2IQFc\" lang=\"en\">Zasada implementacji folii dotykowej<\/span><\/strong><\/h3>\n<p>Pr\u0119dko\u015b\u0107 poruszania si\u0119 \u0142adunku jest sta\u0142a, wi\u0119c im wi\u0119ksza pojemno\u015b\u0107, tym d\u0142u\u017cszy czas \u0142adowania i roz\u0142adowywania oraz wi\u0119kszy pr\u0105d. Dlatego mo\u017cemy u\u017cy\u0107 d\u0142ugo\u015bci czasu \u0142adowania i roz\u0142adowywania oraz ilo\u015bci pr\u0105du \u0142adowania i roz\u0142adowywania, aby oceni\u0107 rozmiar kondensatora. Dop\u00f3ki istnieje stan, kt\u00f3ry mo\u017cemy osi\u0105gn\u0105\u0107 i zebra\u0107 stabiln\u0105 zmian\u0119 stanu, mo\u017cemy wykorzysta\u0107 t\u0119 zmian\u0119 do zaimplementowania sygna\u0142u prze\u0142\u0105czaj\u0105cego.<\/p>","protected":false},"featured_media":1863,"template":"","meta":[],"product_cat":[42],"product_tag":[],"_links":{"self":[{"href":"https:\/\/touchscreenmfg.com\/pl\/wp-json\/wp\/v2\/product\/1862"}],"collection":[{"href":"https:\/\/touchscreenmfg.com\/pl\/wp-json\/wp\/v2\/product"}],"about":[{"href":"https:\/\/touchscreenmfg.com\/pl\/wp-json\/wp\/v2\/types\/product"}],"wp:featuredmedia":[{"embeddable":true,"href":"https:\/\/touchscreenmfg.com\/pl\/wp-json\/wp\/v2\/media\/1863"}],"wp:attachment":[{"href":"https:\/\/touchscreenmfg.com\/pl\/wp-json\/wp\/v2\/media?parent=1862"}],"wp:term":[{"taxonomy":"product_cat","embeddable":true,"href":"https:\/\/touchscreenmfg.com\/pl\/wp-json\/wp\/v2\/product_cat?post=1862"},{"taxonomy":"product_tag","embeddable":true,"href":"https:\/\/touchscreenmfg.com\/pl\/wp-json\/wp\/v2\/product_tag?post=1862"}],"curies":[{"name":"wp","href":"https:\/\/api.w.org\/{rel}","templated":true}]}}