{"id":1627,"date":"2024-06-29T01:18:12","date_gmt":"2024-06-29T01:18:12","guid":{"rendered":"https:\/\/touchscreenmfg.com\/?post_type=product&#038;p=1627"},"modified":"2024-06-29T01:50:18","modified_gmt":"2024-06-29T01:50:18","slug":"planar-resistive-touch-screen","status":"publish","type":"product","link":"https:\/\/touchscreenmfg.com\/pl\/planar-resistive-touch-screen\/","title":{"rendered":"Planarny rezystancyjny ekran dotykowy"},"content":{"rendered":"<p data-sourcepos=\"3:1-3:111\">Rezystancyjne ekrany dotykowe Planar to sprawdzone i ekonomiczne rozwi\u0105zanie dla aplikacji dotykowych. Te wytrzyma\u0142e ekrany dotykowe wykorzystuj\u0105 warstw\u0119 wra\u017cliw\u0105 na nacisk, kt\u00f3ra reaguje na fizyczny kontakt, zapewniaj\u0105c niezawodne i intuicyjne wra\u017cenia dotykowe.<\/p>\n<p data-sourcepos=\"5:1-5:51\"><strong>Kluczowe cechy:<\/strong><\/p>\n<ul data-sourcepos=\"7:1-9:11\">\n<li data-sourcepos=\"7:1-8:0\">\n<p data-sourcepos=\"7:3-7:185\"><strong>Dok\u0142adne i czu\u0142e rozpoznawanie dotyku:<\/strong> Planarne rezystancyjne ekrany dotykowe zapewniaj\u0105 precyzyjne wykrywanie dotyku, zapewniaj\u0105c dok\u0142adn\u0105 i responsywn\u0105 interakcj\u0119 z ekranami dotykowymi.<\/p>\n<\/li>\n<li data-sourcepos=\"9:1-9:11\">\n<p data-sourcepos=\"9:3-9:11\"><strong>Wytrzyma\u0142a konstrukcja:<\/strong> Solidna konstrukcja rezystancyjnych ekran\u00f3w dotykowych wytrzymuje intensywne u\u017cytkowanie i trudne warunki, co czyni je idealnymi do zastosowa\u0144 komercyjnych i przemys\u0142owych.<\/p>\n<\/li>\n<li data-sourcepos=\"11:1-11:27\">\n<p data-sourcepos=\"11:3-11:27\"><strong>Ekonomiczne rozwi\u0105zanie:<\/strong> W por\u00f3wnaniu do pojemno\u015bciowych ekran\u00f3w dotykowych, ekrany dotykowe oparte na nacisku oferuj\u0105 bardziej przyst\u0119pn\u0105 cenowo opcj\u0119, szczeg\u00f3lnie w przypadku wi\u0119kszych rozmiar\u00f3w wy\u015bwietlaczy.<\/p>\n<\/li>\n<\/ul>\n<p data-sourcepos=\"13:1-13:51\"><strong>Zastosowania:<\/strong><\/p>\n<ul data-sourcepos=\"15:1-18:0\">\n<li data-sourcepos=\"15:1-16:0\">\n<p data-sourcepos=\"15:3-15:180\"><strong>Systemy punkt\u00f3w sprzeda\u017cy (POS):<\/strong> Rezystancyjne ekrany dotykowe s\u0105 szeroko stosowane w systemach POS ze wzgl\u0119du na ich niezawodno\u015b\u0107, przyst\u0119pn\u0105 cen\u0119 i odporno\u015b\u0107 na cz\u0119ste dotykanie.<\/p>\n<\/li>\n<li data-sourcepos=\"17:1-18:0\">\n<p data-sourcepos=\"17:3-17:177\"><strong>Przemys\u0142owe panele sterowania:<\/strong> W warunkach przemys\u0142owych rezystancyjne ekrany dotykowe stanowi\u0105 wytrzyma\u0142e i trwa\u0142e rozwi\u0105zanie do sterowania maszynami i monitorowania proces\u00f3w.<\/p>\n<\/li>\n<li data-sourcepos=\"19:1-20:0\">\n<p data-sourcepos=\"19:3-19:161\"><strong>Kioski informacji publicznej:<\/strong> Planarne rezystancyjne ekrany dotykowe umo\u017cliwiaj\u0105 interaktywne kioski informacji publicznej, oferuj\u0105c \u0142atw\u0105 nawigacj\u0119 i dost\u0119p do informacji.<\/p>\n<\/li>\n<li data-sourcepos=\"21:1-22:0\">\n<p data-sourcepos=\"21:3-21:176\"><strong>Wy\u015bwietlacze edukacyjne:<\/strong> W \u015brodowiskach edukacyjnych ekrany dotykowe oparte na nacisku u\u0142atwiaj\u0105 interaktywne do\u015bwiadczenia edukacyjne i anga\u017cuj\u0105 uczni\u00f3w w dzia\u0142ania oparte na dotyku.<\/p>\n<\/li>\n<\/ul>","protected":false},"excerpt":{"rendered":"<p>Planarne rezystancyjne ekrany dotykowe s\u0105 nadal popularnym wyborem dla szerokiego zakresu zastosowa\u0144 ze wzgl\u0119du na ich niezawodn\u0105 wydajno\u015b\u0107, przyst\u0119pn\u0105 cen\u0119 i trwa\u0142o\u015b\u0107. Stanowi\u0105 one sprawdzone i op\u0142acalne rozwi\u0105zanie dla wy\u015bwietlaczy dotykowych, dzi\u0119ki czemu s\u0105 cennym zasobem dla r\u00f3\u017cnych bran\u017c i \u015brodowisk.<\/p>","protected":false},"featured_media":1569,"template":"","meta":[],"product_cat":[41],"product_tag":[],"_links":{"self":[{"href":"https:\/\/touchscreenmfg.com\/pl\/wp-json\/wp\/v2\/product\/1627"}],"collection":[{"href":"https:\/\/touchscreenmfg.com\/pl\/wp-json\/wp\/v2\/product"}],"about":[{"href":"https:\/\/touchscreenmfg.com\/pl\/wp-json\/wp\/v2\/types\/product"}],"wp:featuredmedia":[{"embeddable":true,"href":"https:\/\/touchscreenmfg.com\/pl\/wp-json\/wp\/v2\/media\/1569"}],"wp:attachment":[{"href":"https:\/\/touchscreenmfg.com\/pl\/wp-json\/wp\/v2\/media?parent=1627"}],"wp:term":[{"taxonomy":"product_cat","embeddable":true,"href":"https:\/\/touchscreenmfg.com\/pl\/wp-json\/wp\/v2\/product_cat?post=1627"},{"taxonomy":"product_tag","embeddable":true,"href":"https:\/\/touchscreenmfg.com\/pl\/wp-json\/wp\/v2\/product_tag?post=1627"}],"curies":[{"name":"wp","href":"https:\/\/api.w.org\/{rel}","templated":true}]}}