{"id":1626,"date":"2024-06-29T01:13:20","date_gmt":"2024-06-29T01:13:20","guid":{"rendered":"https:\/\/touchscreenmfg.com\/?post_type=product&#038;p=1626"},"modified":"2024-06-29T02:10:54","modified_gmt":"2024-06-29T02:10:54","slug":"4-wire-resistive-touch-screens","status":"publish","type":"product","link":"https:\/\/touchscreenmfg.com\/pl\/4-wire-resistive-touch-screens\/","title":{"rendered":"4-przewodowe rezystancyjne ekrany dotykowe"},"content":{"rendered":"<h2 class=\"\" data-sourcepos=\"4:1-4:104\">4-przewodowe rezystancyjne ekrany dotykowe: Niezawodna i ekonomiczna interakcja dotykowa dla interaktywnych oznakowa\u0144<\/h2>\n<p data-sourcepos=\"6:1-6:51\">4-przewodowe rezystancyjne ekrany dotykowe stanowi\u0105 sprawdzone i niedrogie rozwi\u0105zanie do tworzenia anga\u017cuj\u0105cych i interaktywnych rozwi\u0105za\u0144 signage. Te wytrzyma\u0142e ekrany dotykowe wykorzystuj\u0105 warstw\u0119 wra\u017cliw\u0105 na nacisk, kt\u00f3ra reaguje na fizyczny kontakt, umo\u017cliwiaj\u0105c intuicyjn\u0105 interakcj\u0119 z interaktywnymi wy\u015bwietlaczami.<\/p>\n<p data-sourcepos=\"8:1-8:51\"><strong>Kluczowe cechy 4-przewodowych rezystancyjnych ekran\u00f3w dotykowych:<\/strong><\/p>\n<ul data-sourcepos=\"10:1-10:95\">\n<li data-sourcepos=\"10:1-10:95\">\n<p class=\"\" data-sourcepos=\"10:3-10:183\"><strong class=\"\">Dok\u0142adne i czu\u0142e rozpoznawanie dotyku:<\/strong> 4-przewodowe rezystancyjne ekrany dotykowe zapewniaj\u0105 precyzyjne wykrywanie dotyku, zapewniaj\u0105c dok\u0142adn\u0105 i responsywn\u0105 interakcj\u0119 z interaktywnymi oznakowaniami.<\/p>\n<\/li>\n<li data-sourcepos=\"12:1-13:0\">\n<p data-sourcepos=\"12:3-12:175\"><strong>Wytrzyma\u0142a konstrukcja:<\/strong> Solidna konstrukcja 4-przewodowych rezystancyjnych ekran\u00f3w dotykowych jest odporna na intensywne u\u017cytkowanie i trudne warunki, dzi\u0119ki czemu idealnie nadaj\u0105 si\u0119 do zastosowa\u0144 zwi\u0105zanych z oznakowaniem publicznym.<\/p>\n<\/li>\n<li data-sourcepos=\"14:1-15:0\">\n<p data-sourcepos=\"14:3-14:170\"><strong>Ekonomiczne rozwi\u0105zanie:<\/strong> W por\u00f3wnaniu do pojemno\u015bciowych ekran\u00f3w dotykowych, 4-przewodowe rezystancyjne ekrany dotykowe oferuj\u0105 bardziej przyst\u0119pn\u0105 cenowo opcj\u0119, szczeg\u00f3lnie w przypadku wi\u0119kszych rozmiar\u00f3w wy\u015bwietlaczy.<\/p>\n<\/li>\n<\/ul>\n<p data-sourcepos=\"16:1-16:51\"><strong>Zastosowania 4-przewodowych rezystancyjnych ekran\u00f3w dotykowych:<\/strong><\/p>\n<ul data-sourcepos=\"18:1-20:26\">\n<li data-sourcepos=\"18:1-19:0\">\n<p data-sourcepos=\"18:3-18:195\"><strong>Interaktywne oznakowanie cyfrowe:<\/strong> 4-przewodowe rezystancyjne ekrany dotykowe s\u0105 szeroko stosowane w interaktywnych oznakowaniach cyfrowych, umo\u017cliwiaj\u0105c widzom anga\u017cowanie si\u0119 w tre\u015bci, dokonywanie wybor\u00f3w i uzyskiwanie dost\u0119pu do informacji.<\/p>\n<\/li>\n<li data-sourcepos=\"20:1-20:26\">\n<p data-sourcepos=\"20:3-20:26\"><strong>Wy\u015bwietlacze dla handlu detalicznego i hotelarstwa:<\/strong> W handlu detalicznym i hotelarstwie 4-przewodowe rezystancyjne ekrany dotykowe usprawniaj\u0105 samoobs\u0142ugowe kioski, umo\u017cliwiaj\u0105c klientom \u0142atwe przegl\u0105danie produkt\u00f3w, sk\u0142adanie zam\u00f3wie\u0144 i dokonywanie p\u0142atno\u015bci.<\/p>\n<\/li>\n<li data-sourcepos=\"22:1-23:0\">\n<p data-sourcepos=\"22:3-22:194\"><strong>Kioski informacji publicznej:<\/strong> 4-przewodowe rezystancyjne ekrany dotykowe u\u0142atwiaj\u0105 korzystanie z interaktywnych kiosk\u00f3w informacji publicznej, zapewniaj\u0105c odwiedzaj\u0105cym \u0142atwy dost\u0119p do map, katalog\u00f3w i innych informacji.<\/p>\n<\/li>\n<li data-sourcepos=\"24:1-25:0\">\n<p data-sourcepos=\"24:3-24:196\"><strong>Eksponaty muzealne i wystawowe:<\/strong> 4-przewodowe rezystancyjne ekrany dotykowe wzbogacaj\u0105 ekspozycje muzealne i wystawowe, umo\u017cliwiaj\u0105c zwiedzaj\u0105cym interaktywne eksplorowanie eksponat\u00f3w i poznawanie artefakt\u00f3w.<\/p>\n<\/li>\n<\/ul>","protected":false},"excerpt":{"rendered":"<p>4-przewodowe rezystancyjne ekrany dotykowe s\u0105 nadal popularnym wyborem dla interaktywnych oznakowa\u0144 ze wzgl\u0119du na ich niezawodn\u0105 wydajno\u015b\u0107, przyst\u0119pn\u0105 cen\u0119 i trwa\u0142o\u015b\u0107. Oferuj\u0105 one sprawdzone i op\u0142acalne rozwi\u0105zanie dla wy\u015bwietlaczy dotykowych, co czyni je cennym zasobem dla r\u00f3\u017cnych zastosowa\u0144 signage.<\/p>","protected":false},"featured_media":1546,"template":"","meta":[],"product_cat":[41],"product_tag":[],"_links":{"self":[{"href":"https:\/\/touchscreenmfg.com\/pl\/wp-json\/wp\/v2\/product\/1626"}],"collection":[{"href":"https:\/\/touchscreenmfg.com\/pl\/wp-json\/wp\/v2\/product"}],"about":[{"href":"https:\/\/touchscreenmfg.com\/pl\/wp-json\/wp\/v2\/types\/product"}],"wp:featuredmedia":[{"embeddable":true,"href":"https:\/\/touchscreenmfg.com\/pl\/wp-json\/wp\/v2\/media\/1546"}],"wp:attachment":[{"href":"https:\/\/touchscreenmfg.com\/pl\/wp-json\/wp\/v2\/media?parent=1626"}],"wp:term":[{"taxonomy":"product_cat","embeddable":true,"href":"https:\/\/touchscreenmfg.com\/pl\/wp-json\/wp\/v2\/product_cat?post=1626"},{"taxonomy":"product_tag","embeddable":true,"href":"https:\/\/touchscreenmfg.com\/pl\/wp-json\/wp\/v2\/product_tag?post=1626"}],"curies":[{"name":"wp","href":"https:\/\/api.w.org\/{rel}","templated":true}]}}