{"id":1625,"date":"2024-06-29T01:12:48","date_gmt":"2024-06-29T01:12:48","guid":{"rendered":"https:\/\/touchscreenmfg.com\/?post_type=product&#038;p=1625"},"modified":"2024-06-29T02:14:44","modified_gmt":"2024-06-29T02:14:44","slug":"5-wire-resistive-touch-screens","status":"publish","type":"product","link":"https:\/\/touchscreenmfg.com\/pl\/5-wire-resistive-touch-screens\/","title":{"rendered":"5-przewodowe rezystancyjne ekrany dotykowe"},"content":{"rendered":"<h2 class=\"\" data-sourcepos=\"1:1-1:95\">5-przewodowe rezystancyjne ekrany dotykowe: Zwi\u0119kszona wytrzyma\u0142o\u015b\u0107 interaktywnych inteligentnych tablic i ekran\u00f3w<\/h2>\n<p data-sourcepos=\"3:1-3:87\">5-przewodowe rezystancyjne ekrany dotykowe podnosz\u0105 jako\u015b\u0107 interakcji dotykowej dla interaktywnych inteligentnych tablic i ekran\u00f3w, oferuj\u0105c zwi\u0119kszon\u0105 trwa\u0142o\u015b\u0107, precyzj\u0119 i przyst\u0119pn\u0105 cen\u0119. Te zaawansowane ekrany dotykowe wykorzystuj\u0105 unikaln\u0105 konstrukcj\u0119 z dodatkowym przewodem czujnikowym, zapewniaj\u0105c kilka zalet w por\u00f3wnaniu z tradycyjnymi 4-przewodowymi rezystancyjnymi ekranami dotykowymi.<\/p>\n<p data-sourcepos=\"5:1-5:51\"><strong>Kluczowe cechy 5-przewodowych rezystancyjnych ekran\u00f3w dotykowych:<\/strong><\/p>\n<ul data-sourcepos=\"7:1-7:60\">\n<li data-sourcepos=\"7:1-7:60\">\n<p data-sourcepos=\"7:3-7:199\"><strong>Najwy\u017csza trwa\u0142o\u015b\u0107:<\/strong> Dodatkowy przew\u00f3d czujnikowy w 5-przewodowych rezystancyjnych ekranach dotykowych zwi\u0119ksza trwa\u0142o\u015b\u0107, czyni\u0105c je odpornymi na zarysowania i zanieczyszczenia, idealnymi do \u015brodowisk o du\u017cym nat\u0119\u017ceniu ruchu.<\/p>\n<\/li>\n<li data-sourcepos=\"9:1-9:45\">\n<p data-sourcepos=\"9:3-9:45\"><strong>Zmniejszone zniekszta\u0142cenia kraw\u0119dzi:<\/strong> Dodatkowy przew\u00f3d pomaga skompensowa\u0107 zniekszta\u0142cenia kraw\u0119dzi, co jest cz\u0119stym problemem w przypadku wi\u0119kszych ekran\u00f3w interaktywnych, zapewniaj\u0105c sp\u00f3jn\u0105 dok\u0142adno\u015b\u0107 dotyku na ca\u0142ym wy\u015bwietlaczu.<\/p>\n<\/li>\n<li data-sourcepos=\"11:1-12:0\">\n<p data-sourcepos=\"11:3-11:164\"><strong>Stabilna wydajno\u015b\u0107:<\/strong> 5-przewodowe rezystancyjne ekrany dotykowe zapewniaj\u0105 stabiln\u0105 prac\u0119 nawet w trudnych warunkach, takich jak silne o\u015bwietlenie otoczenia lub zapylenie.<\/p>\n<\/li>\n<li data-sourcepos=\"13:1-14:0\">\n<p data-sourcepos=\"13:3-13:167\"><strong>Ekonomiczne rozwi\u0105zanie:<\/strong> W por\u00f3wnaniu do pojemno\u015bciowych ekran\u00f3w dotykowych, 5-przewodowe rezystancyjne ekrany dotykowe oferuj\u0105 bardziej op\u0142acalne rozwi\u0105zanie dla du\u017cych ekran\u00f3w interaktywnych.<\/p>\n<\/li>\n<\/ul>\n<p data-sourcepos=\"15:1-15:51\"><strong>Zastosowania 5-przewodowych rezystancyjnych ekran\u00f3w dotykowych:<\/strong><\/p>\n<ul data-sourcepos=\"17:1-24:0\">\n<li data-sourcepos=\"17:1-18:0\">\n<p data-sourcepos=\"17:3-17:212\"><strong>Interaktywne tablice inteligentne:<\/strong> 5-przewodowe rezystancyjne ekrany dotykowe s\u0105 idealne do interaktywnych inteligentnych tablic u\u017cywanych w klasach, salach konferencyjnych i centrach szkoleniowych, umo\u017cliwiaj\u0105c wsp\u00f3ln\u0105 nauk\u0119 i prezentacje.<\/p>\n<\/li>\n<li data-sourcepos=\"19:1-20:0\">\n<p data-sourcepos=\"19:3-19:225\"><strong>Digital Signage i kioski:<\/strong> W handlu detalicznym, hotelarstwie i miejscach publicznych 5-przewodowe rezystancyjne ekrany dotykowe ulepszaj\u0105 cyfrowe oznakowanie i kioski, umo\u017cliwiaj\u0105c u\u017cytkownikom interakcj\u0119 z tre\u015bci\u0105, dokonywanie wybor\u00f3w i dost\u0119p do informacji.<\/p>\n<\/li>\n<li data-sourcepos=\"21:1-22:0\">\n<p data-sourcepos=\"21:3-21:179\"><strong>Przemys\u0142owe systemy sterowania:<\/strong> 5-przewodowe rezystancyjne ekrany dotykowe stanowi\u0105 niezawodne i trwa\u0142e rozwi\u0105zanie do sterowania maszynami i monitorowania proces\u00f3w w \u015brodowisku przemys\u0142owym.<\/p>\n<\/li>\n<li data-sourcepos=\"23:1-24:0\">\n<p data-sourcepos=\"23:3-23:193\"><strong>Systemy obrazowania medycznego:<\/strong> Trwa\u0142o\u015b\u0107 i precyzja 5-przewodowych rezystancyjnych ekran\u00f3w dotykowych sprawia, \u017ce nadaj\u0105 si\u0119 one do system\u00f3w obrazowania medycznego, umo\u017cliwiaj\u0105c lekarzom precyzyjn\u0105 interakcj\u0119 z obrazami.<\/p>\n<\/li>\n<\/ul>","protected":false},"excerpt":{"rendered":"<p>5-przewodowe rezystancyjne ekrany dotykowe oferuj\u0105 atrakcyjne po\u0142\u0105czenie trwa\u0142o\u015bci, precyzji i przyst\u0119pnej ceny, co czyni je preferowanym wyborem dla szerokiej gamy interaktywnych inteligentnych tablic i aplikacji ekranowych. Zapewniaj\u0105 niezawodne i ekonomiczne rozwi\u0105zanie dla wy\u015bwietlaczy dotykowych, zwi\u0119kszaj\u0105c zaanga\u017cowanie u\u017cytkownik\u00f3w i produktywno\u015b\u0107 w r\u00f3\u017cnych \u015brodowiskach.<\/p>","protected":false},"featured_media":1548,"template":"","meta":[],"product_cat":[41],"product_tag":[],"_links":{"self":[{"href":"https:\/\/touchscreenmfg.com\/pl\/wp-json\/wp\/v2\/product\/1625"}],"collection":[{"href":"https:\/\/touchscreenmfg.com\/pl\/wp-json\/wp\/v2\/product"}],"about":[{"href":"https:\/\/touchscreenmfg.com\/pl\/wp-json\/wp\/v2\/types\/product"}],"wp:featuredmedia":[{"embeddable":true,"href":"https:\/\/touchscreenmfg.com\/pl\/wp-json\/wp\/v2\/media\/1548"}],"wp:attachment":[{"href":"https:\/\/touchscreenmfg.com\/pl\/wp-json\/wp\/v2\/media?parent=1625"}],"wp:term":[{"taxonomy":"product_cat","embeddable":true,"href":"https:\/\/touchscreenmfg.com\/pl\/wp-json\/wp\/v2\/product_cat?post=1625"},{"taxonomy":"product_tag","embeddable":true,"href":"https:\/\/touchscreenmfg.com\/pl\/wp-json\/wp\/v2\/product_tag?post=1625"}],"curies":[{"name":"wp","href":"https:\/\/api.w.org\/{rel}","templated":true}]}}