{"id":1624,"date":"2024-06-29T01:09:51","date_gmt":"2024-06-29T01:09:51","guid":{"rendered":"https:\/\/touchscreenmfg.com\/?post_type=product&#038;p=1624"},"modified":"2024-06-29T02:07:12","modified_gmt":"2024-06-29T02:07:12","slug":"8-wire-resistive-touch-screens","status":"publish","type":"product","link":"https:\/\/touchscreenmfg.com\/pl\/8-wire-resistive-touch-screens\/","title":{"rendered":"8-przewodowe rezystancyjne ekrany dotykowe"},"content":{"rendered":"<h2 class=\"\" data-sourcepos=\"1:1-1:78\">8-przewodowe rezystancyjne ekrany dotykowe: Zwi\u0119kszona precyzja monitor\u00f3w dotykowych<\/h2>\n<p data-sourcepos=\"3:1-3:106\">8-przewodowe rezystancyjne ekrany dotykowe podnosz\u0105 jako\u015b\u0107 interakcji dotykowej w monitorach dotykowych, oferuj\u0105c zwi\u0119kszon\u0105 precyzj\u0119, trwa\u0142o\u015b\u0107 i przyst\u0119pn\u0105 cen\u0119. Te zaawansowane ekrany dotykowe wykorzystuj\u0105 unikaln\u0105 konstrukcj\u0119 z dodatkowymi przewodami czujnikowymi, zapewniaj\u0105c kilka zalet w por\u00f3wnaniu z tradycyjnymi 4-przewodowymi rezystancyjnymi ekranami dotykowymi.<\/p>\n<p data-sourcepos=\"5:1-5:51\"><strong>Kluczowe cechy 8-przewodowych rezystancyjnych ekran\u00f3w dotykowych:<\/strong><\/p>\n<ul data-sourcepos=\"7:1-7:94\">\n<li data-sourcepos=\"7:1-7:94\">\n<p data-sourcepos=\"7:3-7:186\"><strong>Najwy\u017csza dok\u0142adno\u015b\u0107:<\/strong> Dodatkowe przewody czujnikowe w 8-przewodowych rezystancyjnych ekranach dotykowych umo\u017cliwiaj\u0105 bardziej precyzyjne wykrywanie dotyku, co przek\u0142ada si\u0119 na dok\u0142adniejsze i bardziej responsywne wra\u017cenia dotykowe.<\/p>\n<\/li>\n<li data-sourcepos=\"9:1-9:103\">\n<p data-sourcepos=\"9:3-9:103\"><strong>Zmniejszone zniekszta\u0142cenia kraw\u0119dzi:<\/strong> Dodatkowe przewody pomagaj\u0105 skompensowa\u0107 zniekszta\u0142cenia kraw\u0119dzi, co jest cz\u0119stym problemem w wi\u0119kszych monitorach dotykowych, zapewniaj\u0105c sp\u00f3jn\u0105 dok\u0142adno\u015b\u0107 dotyku na ca\u0142ym ekranie.<\/p>\n<\/li>\n<li data-sourcepos=\"11:1-12:0\">\n<p data-sourcepos=\"11:3-11:164\"><strong>Stabilna wydajno\u015b\u0107:<\/strong> 8-przewodowe rezystancyjne ekrany dotykowe zapewniaj\u0105 stabiln\u0105 prac\u0119 nawet w trudnych warunkach, takich jak silne o\u015bwietlenie otoczenia lub zapylenie.<\/p>\n<\/li>\n<li data-sourcepos=\"13:1-14:0\">\n<p data-sourcepos=\"13:3-13:168\"><strong>Ekonomiczne rozwi\u0105zanie:<\/strong> W por\u00f3wnaniu do pojemno\u015bciowych ekran\u00f3w dotykowych, 8-przewodowe rezystancyjne ekrany dotykowe oferuj\u0105 bardziej op\u0142acalne rozwi\u0105zanie dla du\u017cych monitor\u00f3w dotykowych.<\/p>\n<\/li>\n<\/ul>\n<p data-sourcepos=\"15:1-15:51\"><strong>Zastosowania 8-przewodowych rezystancyjnych ekran\u00f3w dotykowych:<\/strong><\/p>\n<ul data-sourcepos=\"17:1-17:32\">\n<li data-sourcepos=\"17:1-17:32\">\n<p class=\"\" data-sourcepos=\"17:3-17:213\"><strong class=\"\">Interaktywne p\u0142askie panele:<\/strong> 8-przewodowe rezystancyjne ekrany dotykowe s\u0105 idealne do interaktywnych p\u0142askich paneli u\u017cywanych w salach konferencyjnych, klasach i przestrzeniach publicznych, umo\u017cliwiaj\u0105c p\u0142ynn\u0105 wsp\u00f3\u0142prac\u0119 i udost\u0119pnianie informacji.<\/p>\n<\/li>\n<li data-sourcepos=\"19:1-20:0\">\n<p data-sourcepos=\"19:3-19:180\"><strong>Przemys\u0142owe systemy sterowania:<\/strong> W warunkach przemys\u0142owych 8-przewodowe rezystancyjne ekrany dotykowe stanowi\u0105 niezawodne i trwa\u0142e rozwi\u0105zanie do sterowania maszynami i monitorowania proces\u00f3w.<\/p>\n<\/li>\n<li data-sourcepos=\"21:1-22:0\">\n<p data-sourcepos=\"21:3-21:217\"><strong>Kioski detaliczne i hotelarskie:<\/strong> 8-przewodowe rezystancyjne ekrany dotykowe ulepszaj\u0105 samoobs\u0142ugowe kioski w \u015brodowiskach detalicznych i hotelarskich, umo\u017cliwiaj\u0105c klientom \u0142atwy dost\u0119p do informacji, sk\u0142adanie zam\u00f3wie\u0144 i dokonywanie p\u0142atno\u015bci.<\/p>\n<\/li>\n<li data-sourcepos=\"23:1-24:0\">\n<p data-sourcepos=\"23:3-23:208\"><strong>Wy\u015bwietlacze edukacyjne:<\/strong> 8-przewodowe rezystancyjne ekrany dotykowe u\u0142atwiaj\u0105 interaktywn\u0105 nauk\u0119 w plac\u00f3wkach edukacyjnych, anga\u017cuj\u0105c uczni\u00f3w w dzia\u0142ania oparte na dotyku i zwi\u0119kszaj\u0105c ich zrozumienie.<\/p>\n<\/li>\n<\/ul>","protected":false},"excerpt":{"rendered":"<p>8-przewodowe rezystancyjne ekrany dotykowe oferuj\u0105 atrakcyjne po\u0142\u0105czenie precyzji, trwa\u0142o\u015bci i przyst\u0119pnej ceny, co czyni je preferowanym wyborem dla szerokiej gamy zastosowa\u0144 monitor\u00f3w dotykowych. Stanowi\u0105 niezawodne i ekonomiczne rozwi\u0105zanie dla interaktywnych wy\u015bwietlaczy, zwi\u0119kszaj\u0105c zaanga\u017cowanie u\u017cytkownik\u00f3w i produktywno\u015b\u0107 w r\u00f3\u017cnych \u015brodowiskach.<\/p>","protected":false},"featured_media":1550,"template":"","meta":[],"product_cat":[41],"product_tag":[],"_links":{"self":[{"href":"https:\/\/touchscreenmfg.com\/pl\/wp-json\/wp\/v2\/product\/1624"}],"collection":[{"href":"https:\/\/touchscreenmfg.com\/pl\/wp-json\/wp\/v2\/product"}],"about":[{"href":"https:\/\/touchscreenmfg.com\/pl\/wp-json\/wp\/v2\/types\/product"}],"wp:featuredmedia":[{"embeddable":true,"href":"https:\/\/touchscreenmfg.com\/pl\/wp-json\/wp\/v2\/media\/1550"}],"wp:attachment":[{"href":"https:\/\/touchscreenmfg.com\/pl\/wp-json\/wp\/v2\/media?parent=1624"}],"wp:term":[{"taxonomy":"product_cat","embeddable":true,"href":"https:\/\/touchscreenmfg.com\/pl\/wp-json\/wp\/v2\/product_cat?post=1624"},{"taxonomy":"product_tag","embeddable":true,"href":"https:\/\/touchscreenmfg.com\/pl\/wp-json\/wp\/v2\/product_tag?post=1624"}],"curies":[{"name":"wp","href":"https:\/\/api.w.org\/{rel}","templated":true}]}}