{"id":1621,"date":"2024-06-29T01:06:11","date_gmt":"2024-06-29T01:06:11","guid":{"rendered":"https:\/\/touchscreenmfg.com\/manufacturer\/pdp-display-cover-glass\/"},"modified":"2024-06-29T02:20:27","modified_gmt":"2024-06-29T02:20:27","slug":"pdp-display-cover-glass","status":"publish","type":"product","link":"https:\/\/touchscreenmfg.com\/pl\/pdp-display-cover-glass\/","title":{"rendered":"Szk\u0142o pokrywy wy\u015bwietlacza PDP"},"content":{"rendered":"<p data-sourcepos=\"3:1-3:86\"><strong>Ochrona wy\u015bwietlacza PDP przed zarysowaniami, odblaskami i uszkodzeniami<\/strong><\/p>\n<p data-sourcepos=\"5:1-5:157\">PDP Display Cover Glass to warstwa ochronna zaprojektowana specjalnie dla wy\u015bwietlaczy urz\u0105dze\u0144 do gier PDP. Potencjalnie mo\u017ce ona oferowa\u0107 nast\u0119puj\u0105ce funkcje:<\/p>\n<ul data-sourcepos=\"7:1-7:36\">\n<li data-sourcepos=\"7:1-7:36\">\n<p class=\"\" data-sourcepos=\"7:3-7:285\"><strong class=\"\">Odporno\u015b\u0107 na zarysowania i uderzenia:<\/strong> Podobnie jak os\u0142ona ekranu ze szk\u0142a hartowanego, PDP Display Cover Glass ma na celu ochron\u0119 wy\u015bwietlacza przed zarysowaniami, zadrapaniami i przypadkowymi uderzeniami. Jest to szczeg\u00f3lnie wa\u017cne w przypadku przeno\u015bnych urz\u0105dze\u0144 do gier, kt\u00f3re s\u0105 bardziej podatne na uderzenia i upadki.<\/p>\n<\/li>\n<li data-sourcepos=\"9:1-10:0\">\n<p data-sourcepos=\"9:3-9:168\"><strong>Zwi\u0119kszona przejrzysto\u015b\u0107:<\/strong> Wysokiej jako\u015bci szk\u0142o pokrywy wy\u015bwietlacza PDP powinno zachowa\u0107 doskona\u0142\u0105 przejrzysto\u015b\u0107 optyczn\u0105, zapewniaj\u0105c, \u017ce obraz w grach pozostanie ostry i niezak\u0142\u00f3cony.<\/p>\n<\/li>\n<li data-sourcepos=\"11:1-12:0\">\n<p data-sourcepos=\"11:3-11:242\"><strong>Odporno\u015b\u0107 na ol\u015bnienie:<\/strong> Je\u015bli urz\u0105dzenie do gier PDP ma b\u0142yszcz\u0105cy wy\u015bwietlacz, odporne na odblaski szk\u0142o PDP Display Cover Glass mo\u017ce pom\u00f3c zminimalizowa\u0107 odbicia od \u017ar\u00f3de\u0142 \u015bwiat\u0142a otoczenia, poprawiaj\u0105c widoczno\u015b\u0107 ekranu, szczeg\u00f3lnie w jasno o\u015bwietlonych \u015brodowiskach.<\/p>\n<\/li>\n<li data-sourcepos=\"13:1-13:44\">\n<p data-sourcepos=\"13:3-13:44\"><strong>Kompatybilno\u015b\u0107 dotykowa:<\/strong> Je\u015bli urz\u0105dzenie do gier PDP jest wyposa\u017cone w ekran dotykowy, szyba pokrywy powinna by\u0107 zaprojektowana tak, aby by\u0142a kompatybilna z dotykiem, umo\u017cliwiaj\u0105c p\u0142ynn\u0105 interakcj\u0119 z ekranem dotykowym.<\/p>\n<\/li>\n<\/ul>","protected":false},"excerpt":{"rendered":"<p>PDP Display Cover Glass mo\u017ce by\u0107 cennym akcesorium dla graczy, kt\u00f3rzy chc\u0105 chroni\u0107 wy\u015bwietlacz swojego urz\u0105dzenia i zachowa\u0107 optymalne wra\u017cenia z gry.<\/p>","protected":false},"featured_media":1582,"template":"","meta":[],"product_cat":[15],"product_tag":[],"_links":{"self":[{"href":"https:\/\/touchscreenmfg.com\/pl\/wp-json\/wp\/v2\/product\/1621"}],"collection":[{"href":"https:\/\/touchscreenmfg.com\/pl\/wp-json\/wp\/v2\/product"}],"about":[{"href":"https:\/\/touchscreenmfg.com\/pl\/wp-json\/wp\/v2\/types\/product"}],"wp:featuredmedia":[{"embeddable":true,"href":"https:\/\/touchscreenmfg.com\/pl\/wp-json\/wp\/v2\/media\/1582"}],"wp:attachment":[{"href":"https:\/\/touchscreenmfg.com\/pl\/wp-json\/wp\/v2\/media?parent=1621"}],"wp:term":[{"taxonomy":"product_cat","embeddable":true,"href":"https:\/\/touchscreenmfg.com\/pl\/wp-json\/wp\/v2\/product_cat?post=1621"},{"taxonomy":"product_tag","embeddable":true,"href":"https:\/\/touchscreenmfg.com\/pl\/wp-json\/wp\/v2\/product_tag?post=1621"}],"curies":[{"name":"wp","href":"https:\/\/api.w.org\/{rel}","templated":true}]}}