{"id":1620,"date":"2024-06-29T01:06:11","date_gmt":"2024-06-29T01:06:11","guid":{"rendered":"https:\/\/touchscreenmfg.com\/manufacturer\/anti-reflective-glass\/"},"modified":"2024-06-29T02:25:34","modified_gmt":"2024-06-29T02:25:34","slug":"anti-reflective-glass","status":"publish","type":"product","link":"https:\/\/touchscreenmfg.com\/pl\/anti-reflective-glass\/","title":{"rendered":"Szk\u0142o antyrefleksyjne"},"content":{"rendered":"<h2 class=\"\" data-sourcepos=\"1:1-1:93\">Szk\u0142o antyrefleksyjne: Zwi\u0119ksza przejrzysto\u015b\u0107 i redukuje odblaski, zapewniaj\u0105c doskona\u0142e wra\u017cenia wizualne<\/h2>\n<p data-sourcepos=\"3:1-3:52\">Szk\u0142o antyrefleksyjne, znane r\u00f3wnie\u017c jako szk\u0142o przeciwodblaskowe lub szk\u0142o nieodblaskowe, to rodzaj szk\u0142a pokrytego specjaln\u0105 pow\u0142ok\u0105 minimalizuj\u0105c\u0105 odbicia i poprawiaj\u0105c\u0105 przepuszczalno\u015b\u0107 \u015bwiat\u0142a. Pow\u0142oka ta zak\u0142\u00f3ca odbicie fal \u015bwietlnych, zmniejszaj\u0105c ilo\u015b\u0107 niepo\u017c\u0105danych odblask\u00f3w i odbi\u0107, kt\u00f3re mog\u0105 utrudnia\u0107 wyra\u017ane widzenie.<\/p>\n<p data-sourcepos=\"5:1-5:42\"><strong>Kluczowe cechy szk\u0142a antyrefleksyjnego:<\/strong><\/p>\n<ul data-sourcepos=\"7:1-7:23\">\n<li data-sourcepos=\"7:1-7:23\">\n<p data-sourcepos=\"7:3-7:165\"><strong>Zwi\u0119kszona przejrzysto\u015b\u0107:<\/strong> Szk\u0142o AR znacznie zmniejsza odbicia powierzchniowe, umo\u017cliwiaj\u0105c wyra\u017aniejsze i dok\u0142adniejsze ogl\u0105danie obiekt\u00f3w lub obraz\u00f3w znajduj\u0105cych si\u0119 za szk\u0142em.<\/p>\n<\/li>\n<li data-sourcepos=\"9:1-9:46\">\n<p data-sourcepos=\"9:3-9:46\"><strong>Zmniejszone zm\u0119czenie oczu:<\/strong> Minimalizuj\u0105c odblaski, szk\u0142o AR pomaga zmniejszy\u0107 zm\u0119czenie oczu, dzi\u0119ki czemu wygodniej jest ogl\u0105da\u0107 ekrany, wy\u015bwietlacze i inne szklane powierzchnie przez d\u0142u\u017cszy czas.<\/p>\n<\/li>\n<li data-sourcepos=\"11:1-12:0\">\n<p data-sourcepos=\"11:3-11:135\"><strong>Ulepszona jako\u015b\u0107 obrazu:<\/strong> Szk\u0142o AR poprawia og\u00f3ln\u0105 jako\u015b\u0107 obrazu, redukuj\u0105c odbicia, kt\u00f3re mog\u0105 zniekszta\u0142ca\u0107 lub przes\u0142ania\u0107 widok.<\/p>\n<\/li>\n<\/ul>\n<p data-sourcepos=\"13:1-13:42\"><strong>Zastosowania szk\u0142a antyrefleksyjnego:<\/strong><\/p>\n<ul data-sourcepos=\"15:1-17:28\">\n<li data-sourcepos=\"15:1-16:0\">\n<p data-sourcepos=\"15:3-15:165\"><strong>Okulary:<\/strong> Pow\u0142oki AR s\u0105 powszechnie stosowane w okularach i okularach przeciws\u0142onecznych w celu zmniejszenia odblask\u00f3w \u015bwiat\u0142a s\u0142onecznego, reflektor\u00f3w i innych \u017ar\u00f3de\u0142, poprawiaj\u0105c widzenie i komfort.<\/p>\n<\/li>\n<li data-sourcepos=\"17:1-17:28\">\n<p data-sourcepos=\"17:3-17:28\"><strong>Urz\u0105dzenia elektroniczne:<\/strong> Szk\u0142o AR jest szeroko stosowane w smartfonach, tabletach, laptopach i innych urz\u0105dzeniach elektronicznych w celu zwi\u0119kszenia przejrzysto\u015bci ekranu i zmniejszenia zm\u0119czenia oczu.<\/p>\n<\/li>\n<li data-sourcepos=\"19:1-20:0\">\n<p data-sourcepos=\"19:3-19:163\"><strong>Wystawy muzealne i galeryjne:<\/strong> Szk\u0142o AR jest stosowane w ekspozycjach muzealnych i galeryjnych w celu ochrony dzie\u0142 sztuki przed odbiciami i zapewnienia wyra\u017aniejszego widoku dla odwiedzaj\u0105cych.<\/p>\n<\/li>\n<li data-sourcepos=\"21:1-22:0\">\n<p data-sourcepos=\"21:3-21:157\"><strong>Zastosowania architektoniczne:<\/strong> Szk\u0142o AR mo\u017ce by\u0107 stosowane w oknach, \u015bwietlikach i innych elementach architektonicznych w celu zmniejszenia ol\u015bnienia i poprawy efektywno\u015bci energetycznej.<\/p>\n<\/li>\n<\/ul>\n<p data-sourcepos=\"23:1-23:316\"><strong>Antyrefleksyjne szk\u0142o hartowane<\/strong> to rodzaj szk\u0142a AR, kt\u00f3re jest dodatkowo wzmacniane w procesie hartowania, dzi\u0119ki czemu jest bardziej odporne na p\u0119kni\u0119cia i zarysowania. To po\u0142\u0105czenie w\u0142a\u015bciwo\u015bci antyrefleksyjnych i ochronnych sprawia, \u017ce jest to idealny wyb\u00f3r do zastosowa\u0144, w kt\u00f3rych niezb\u0119dna jest zar\u00f3wno przejrzysto\u015b\u0107, jak i trwa\u0142o\u015b\u0107.<\/p>\n<p data-sourcepos=\"25:1-25:141\"><strong>Szk\u0142o antyrefleksyjne<\/strong> to inne okre\u015blenie szk\u0142a antyrefleksyjnego. Jest ono cz\u0119sto u\u017cywane zamiennie ze \"szk\u0142em AR\" i \"szk\u0142em nieodblaskowym\".<\/p>","protected":false},"excerpt":{"rendered":"<p>Szk\u0142o antyrefleksyjne to cenna technologia, kt\u00f3ra oferuje znacz\u0105ce korzy\u015bci w r\u00f3\u017cnych zastosowaniach. Zwi\u0119ksza przejrzysto\u015b\u0107, redukuje odblaski i poprawia estetyk\u0119, dzi\u0119ki czemu jest preferowanym wyborem w sytuacjach, w kt\u00f3rych optymalna widoczno\u015b\u0107 i wra\u017cenia u\u017cytkownika s\u0105 niezb\u0119dne.<\/p>","protected":false},"featured_media":1581,"template":"","meta":[],"product_cat":[15],"product_tag":[],"_links":{"self":[{"href":"https:\/\/touchscreenmfg.com\/pl\/wp-json\/wp\/v2\/product\/1620"}],"collection":[{"href":"https:\/\/touchscreenmfg.com\/pl\/wp-json\/wp\/v2\/product"}],"about":[{"href":"https:\/\/touchscreenmfg.com\/pl\/wp-json\/wp\/v2\/types\/product"}],"wp:featuredmedia":[{"embeddable":true,"href":"https:\/\/touchscreenmfg.com\/pl\/wp-json\/wp\/v2\/media\/1581"}],"wp:attachment":[{"href":"https:\/\/touchscreenmfg.com\/pl\/wp-json\/wp\/v2\/media?parent=1620"}],"wp:term":[{"taxonomy":"product_cat","embeddable":true,"href":"https:\/\/touchscreenmfg.com\/pl\/wp-json\/wp\/v2\/product_cat?post=1620"},{"taxonomy":"product_tag","embeddable":true,"href":"https:\/\/touchscreenmfg.com\/pl\/wp-json\/wp\/v2\/product_tag?post=1620"}],"curies":[{"name":"wp","href":"https:\/\/api.w.org\/{rel}","templated":true}]}}