{"id":1619,"date":"2024-06-29T01:06:11","date_gmt":"2024-06-29T01:06:11","guid":{"rendered":"https:\/\/touchscreenmfg.com\/manufacturer\/aio-pc-cover-glass\/"},"modified":"2024-06-29T02:32:50","modified_gmt":"2024-06-29T02:32:50","slug":"aio-pc-cover-glass","status":"publish","type":"product","link":"https:\/\/touchscreenmfg.com\/pl\/aio-pc-cover-glass\/","title":{"rendered":"Szklana os\u0142ona AIO PC"},"content":{"rendered":"<h2 class=\"\" data-sourcepos=\"3:1-3:89\">AIO PC Cover Glass: Podnie\u015b estetyk\u0119 swojego komputera AIO dzi\u0119ki eleganckiej i stylowej ochronie<\/h2>\n<p data-sourcepos=\"5:1-5:54\">AIO PC Cover Glass, znany r\u00f3wnie\u017c jako 3D Cover Glass, to wysokiej jako\u015bci szklany panel zaprojektowany w celu poprawy wygl\u0105du i ochrony komputera All-in-One (AIO). Te stylowe szklane os\u0142ony oferuj\u0105 unikalne po\u0142\u0105czenie estetyki i funkcjonalno\u015bci, przekszta\u0142caj\u0105c komputer AIO w centralny element miejsca pracy lub domowej rozrywki.<\/p>\n<p data-sourcepos=\"7:1-7:39\"><strong>Kluczowe cechy :<\/strong><\/p>\n<ul data-sourcepos=\"9:1-9:9\">\n<li data-sourcepos=\"9:1-9:9\">\n<p data-sourcepos=\"9:3-9:199\"><strong>Elegancki i nowoczesny design:<\/strong> AIO PC Cover Glass charakteryzuje si\u0119 eleganckim i nowoczesnym wzornictwem, kt\u00f3re uzupe\u0142nia minimalistyczn\u0105 estetyk\u0119 komputer\u00f3w AIO, dodaj\u0105c odrobin\u0119 elegancji i wyrafinowania do Twojej konfiguracji.<\/p>\n<\/li>\n<li data-sourcepos=\"11:1-12:0\">\n<p data-sourcepos=\"11:3-11:189\"><strong>Zwi\u0119kszona atrakcyjno\u015b\u0107 wizualna:<\/strong> Przezroczyste szk\u0142o pozwala prze\u015bwitywa\u0107 wewn\u0119trznym komponentom komputera AIO, tworz\u0105c osza\u0142amiaj\u0105cy efekt wizualny, kt\u00f3ry prezentuje technologi\u0119 wewn\u0105trz.<\/p>\n<\/li>\n<li data-sourcepos=\"13:1-13:125\">\n<p data-sourcepos=\"13:3-13:125\"><strong>3D Edge Design:<\/strong> Wiele paneli AIO PC Cover Glass posiada kraw\u0119dzie 3D, kt\u00f3re z wdzi\u0119kiem zaokr\u0105glaj\u0105 si\u0119 wok\u00f3\u0142 kraw\u0119dzi komputera AIO, zapewniaj\u0105c g\u0142adki i wyrafinowany wygl\u0105d.<\/p>\n<\/li>\n<li data-sourcepos=\"15:1-16:0\">\n<p data-sourcepos=\"15:3-15:211\"><strong>Odporno\u015b\u0107 na zarysowania i uderzenia:<\/strong> Zazwyczaj jest ona wykonana ze szk\u0142a hartowanego, kt\u00f3re jest wysoce odporne na zarysowania, uderzenia i odciski palc\u00f3w, zapewniaj\u0105c d\u0142ugotrwa\u0142\u0105 ochron\u0119 komputera AIO.<\/p>\n<\/li>\n<\/ul>\n<p data-sourcepos=\"17:1-17:39\"><strong>Zastosowania:<\/strong><\/p>\n<ul data-sourcepos=\"19:1-24:0\">\n<li data-sourcepos=\"19:1-20:0\">\n<p data-sourcepos=\"19:3-19:171\"><strong>Komputery AIO:<\/strong> Os\u0142ona AIO PC Cover Glass zosta\u0142a zaprojektowana specjalnie dla komputer\u00f3w AIO PC, zapewniaj\u0105c idealne dopasowanie i poprawiaj\u0105c og\u00f3lny wygl\u0105d tych kompaktowych komputer\u00f3w stacjonarnych.<\/p>\n<\/li>\n<li data-sourcepos=\"21:1-22:0\">\n<p data-sourcepos=\"21:3-21:207\"><strong>Centra rozrywki domowej:<\/strong> Komputery AIO s\u0105 cz\u0119sto u\u017cywane jako cz\u0119\u015b\u0107 domowych centr\u00f3w rozrywki i mog\u0105 podnie\u015b\u0107 estetyk\u0119 tych konfiguracji, czyni\u0105c je centralnym punktem pokoju.<\/p>\n<\/li>\n<li data-sourcepos=\"23:1-24:0\">\n<p data-sourcepos=\"23:3-23:174\"><strong>Przestrzenie robocze:<\/strong> Komputery AIO staj\u0105 si\u0119 r\u00f3wnie\u017c coraz bardziej popularne w miejscach pracy, a AIO PC Cover Glass mo\u017ce doda\u0107 odrobin\u0119 profesjonalizmu i stylu do ka\u017cdego \u015brodowiska biurowego.<\/p>\n<\/li>\n<\/ul>","protected":false},"excerpt":{"rendered":"<p>AIO PC Cover Glass to cenny dodatek do ka\u017cdego komputera AIO, oferuj\u0105cy po\u0142\u0105czenie estetycznego wygl\u0105du i funkcjonalnej ochrony. Dzi\u0119ki eleganckiemu wzornictwu, detalom kraw\u0119dzi 3D i w\u0142a\u015bciwo\u015bciom odpornym na zarysowania, AIO PC Cover Glass przekszta\u0142ca komputer AIO w stylowy i chroniony element dekoracyjny.<\/p>","protected":false},"featured_media":1580,"template":"","meta":[],"product_cat":[15],"product_tag":[],"_links":{"self":[{"href":"https:\/\/touchscreenmfg.com\/pl\/wp-json\/wp\/v2\/product\/1619"}],"collection":[{"href":"https:\/\/touchscreenmfg.com\/pl\/wp-json\/wp\/v2\/product"}],"about":[{"href":"https:\/\/touchscreenmfg.com\/pl\/wp-json\/wp\/v2\/types\/product"}],"wp:featuredmedia":[{"embeddable":true,"href":"https:\/\/touchscreenmfg.com\/pl\/wp-json\/wp\/v2\/media\/1580"}],"wp:attachment":[{"href":"https:\/\/touchscreenmfg.com\/pl\/wp-json\/wp\/v2\/media?parent=1619"}],"wp:term":[{"taxonomy":"product_cat","embeddable":true,"href":"https:\/\/touchscreenmfg.com\/pl\/wp-json\/wp\/v2\/product_cat?post=1619"},{"taxonomy":"product_tag","embeddable":true,"href":"https:\/\/touchscreenmfg.com\/pl\/wp-json\/wp\/v2\/product_tag?post=1619"}],"curies":[{"name":"wp","href":"https:\/\/api.w.org\/{rel}","templated":true}]}}