{"id":1617,"date":"2024-06-29T01:06:11","date_gmt":"2024-06-29T01:06:11","guid":{"rendered":"https:\/\/touchscreenmfg.com\/manufacturer\/gaming-glass\/"},"modified":"2024-06-29T02:51:17","modified_gmt":"2024-06-29T02:51:17","slug":"gaming-glass","status":"publish","type":"product","link":"https:\/\/touchscreenmfg.com\/pl\/gaming-glass\/","title":{"rendered":"Szk\u0142o do gier"},"content":{"rendered":"<h2 class=\"\" data-sourcepos=\"1:1-1:81\">Szk\u0142o do gier: Zwi\u0119ksz swoje wra\u017cenia z gry dzi\u0119ki ochronie oczu i wygodzie<\/h2>\n<p data-sourcepos=\"3:1-3:118\">Okulary gamingowe, znane r\u00f3wnie\u017c jako okulary dla graczy, to specjalistyczne okulary zaprojektowane w celu poprawy komfortu i zmniejszenia zm\u0119czenia oczu podczas d\u0142ugich sesji grania. Okulary te zazwyczaj posiadaj\u0105 kilka kluczowych cech, kt\u00f3re zaspokajaj\u0105 specyficzne potrzeby graczy.<\/p>\n<p data-sourcepos=\"5:1-5:35\"><strong>Kluczowe cechy:<\/strong><\/p>\n<ul data-sourcepos=\"7:1-9:66\">\n<li data-sourcepos=\"7:1-8:0\">\n<p data-sourcepos=\"7:3-7:300\"><strong>Soczewki blokuj\u0105ce niebieskie \u015bwiat\u0142o:<\/strong> Cz\u0119sto zawieraj\u0105 one soczewki blokuj\u0105ce niebieskie \u015bwiat\u0142o, kt\u00f3re odfiltrowuj\u0105 cz\u0119\u015b\u0107 niebieskiego \u015bwiat\u0142a emitowanego przez ekrany cyfrowe. Niebieskie \u015bwiat\u0142o mo\u017ce zak\u0142\u00f3ca\u0107 wzorce snu i przyczynia\u0107 si\u0119 do zm\u0119czenia oczu, wi\u0119c zmniejszenie ekspozycji mo\u017ce poprawi\u0107 komfort i og\u00f3lne samopoczucie.<\/p>\n<\/li>\n<li data-sourcepos=\"9:1-9:66\">\n<p data-sourcepos=\"9:3-9:66\"><strong>Pow\u0142oka przeciwodblaskowa:<\/strong> Zwykle s\u0105 one wyposa\u017cone w pow\u0142ok\u0119 antyodblaskow\u0105, kt\u00f3ra minimalizuje odbicia ze \u017ar\u00f3de\u0142 \u015bwiat\u0142a otoczenia, zmniejszaj\u0105c zm\u0119czenie oczu i poprawiaj\u0105c widoczno\u015b\u0107 ekranu, zw\u0142aszcza w s\u0142abo o\u015bwietlonych \u015brodowiskach.<\/p>\n<\/li>\n<li data-sourcepos=\"11:1-12:0\">\n<p data-sourcepos=\"11:3-11:176\"><strong>Wygodne ramki:<\/strong> Zazwyczaj s\u0105 one zaprojektowane z lekkimi i wygodnymi ramkami, aby zminimalizowa\u0107 wag\u0119 i nacisk na twarz podczas d\u0142ugich sesji grania.<\/p>\n<\/li>\n<li data-sourcepos=\"13:1-14:0\">\n<p data-sourcepos=\"13:3-13:159\"><strong>R\u00f3\u017cnorodno\u015b\u0107 styl\u00f3w:<\/strong> S\u0105 one dost\u0119pne w szerokiej gamie styl\u00f3w, aby dopasowa\u0107 si\u0119 do r\u00f3\u017cnych preferencji, od eleganckich i nowoczesnych wzor\u00f3w po bardziej tradycyjne ramki.<\/p>\n<\/li>\n<\/ul>\n<p data-sourcepos=\"15:1-15:35\"><strong>Zastosowania:<\/strong><\/p>\n<ul data-sourcepos=\"17:1-19:78\">\n<li data-sourcepos=\"17:1-18:0\">\n<p data-sourcepos=\"17:3-17:119\"><strong>PC Gaming:<\/strong> S\u0105 one u\u017cywane g\u0142\u00f3wnie przez graczy PC, kt\u00f3rzy sp\u0119dzaj\u0105 d\u0142u\u017cszy czas wpatruj\u0105c si\u0119 w ekrany komputer\u00f3w.<\/p>\n<\/li>\n<li data-sourcepos=\"19:1-19:78\">\n<p data-sourcepos=\"19:3-19:78\"><strong>Gry na konsole:<\/strong> Gracze, kt\u00f3rzy graj\u0105 na konsolach, r\u00f3wnie\u017c mog\u0105 skorzysta\u0107 z okular\u00f3w do gier, zw\u0142aszcza je\u015bli graj\u0105 w ciemnych pomieszczeniach lub przez d\u0142ugie godziny.<\/p>\n<\/li>\n<li data-sourcepos=\"21:1-22:0\">\n<p data-sourcepos=\"21:3-21:166\"><strong>Rywalizacja w grach:<\/strong> Profesjonalni i rywalizuj\u0105cy gracze cz\u0119sto u\u017cywaj\u0105 okular\u00f3w do gier, aby utrzyma\u0107 optymaln\u0105 ostro\u015b\u0107 i zmniejszy\u0107 zm\u0119czenie oczu podczas intensywnych sesji gamingowych.<\/p>\n<\/li>\n<\/ul>","protected":false},"excerpt":{"rendered":"<p>Gaming Glass to ochraniacze ze szk\u0142a hartowanego zaprojektowane specjalnie dla urz\u0105dze\u0144 do gier. Podobnie jak zwyk\u0142e ochraniacze ze szk\u0142a hartowanego, maj\u0105 one na celu ochron\u0119 delikatnego wy\u015bwietlacza urz\u0105dzenia do gier przed zadrapaniami i uderzeniami.<\/p>","protected":false},"featured_media":1578,"template":"","meta":[],"product_cat":[15],"product_tag":[],"_links":{"self":[{"href":"https:\/\/touchscreenmfg.com\/pl\/wp-json\/wp\/v2\/product\/1617"}],"collection":[{"href":"https:\/\/touchscreenmfg.com\/pl\/wp-json\/wp\/v2\/product"}],"about":[{"href":"https:\/\/touchscreenmfg.com\/pl\/wp-json\/wp\/v2\/types\/product"}],"wp:featuredmedia":[{"embeddable":true,"href":"https:\/\/touchscreenmfg.com\/pl\/wp-json\/wp\/v2\/media\/1578"}],"wp:attachment":[{"href":"https:\/\/touchscreenmfg.com\/pl\/wp-json\/wp\/v2\/media?parent=1617"}],"wp:term":[{"taxonomy":"product_cat","embeddable":true,"href":"https:\/\/touchscreenmfg.com\/pl\/wp-json\/wp\/v2\/product_cat?post=1617"},{"taxonomy":"product_tag","embeddable":true,"href":"https:\/\/touchscreenmfg.com\/pl\/wp-json\/wp\/v2\/product_tag?post=1617"}],"curies":[{"name":"wp","href":"https:\/\/api.w.org\/{rel}","templated":true}]}}