{"id":1616,"date":"2024-06-29T01:06:11","date_gmt":"2024-06-29T01:06:11","guid":{"rendered":"https:\/\/touchscreenmfg.com\/manufacturer\/3d-cover-glass\/"},"modified":"2024-06-29T03:02:20","modified_gmt":"2024-06-29T03:02:20","slug":"3d-cover-glass","status":"publish","type":"product","link":"https:\/\/touchscreenmfg.com\/pl\/3d-cover-glass\/","title":{"rendered":"Szk\u0142o ochronne 3D"},"content":{"rendered":"<h2 class=\"\" data-sourcepos=\"1:1-1:67\">Szk\u0142o ochronne 3D: Kszta\u0142towanie przysz\u0142o\u015bci eleganckich i trwa\u0142ych wy\u015bwietlaczy<\/h2>\n<p data-sourcepos=\"3:1-3:68\">Szk\u0142o 3D Cover Glass, znane r\u00f3wnie\u017c jako zakrzywione szk\u0142o ochronne, to rewolucyjny rodzaj szk\u0142a, kt\u00f3ry zmienia wygl\u0105d i funkcjonalno\u015b\u0107 urz\u0105dze\u0144 elektronicznych. W przeciwie\u0144stwie do tradycyjnego, p\u0142askiego szk\u0142a ochronnego, ma ono zakrzywiony kszta\u0142t, kt\u00f3ry p\u0142ynnie dopasowuje si\u0119 do kontur\u00f3w nowoczesnych, zakrzywionych wy\u015bwietlaczy. Ta innowacyjna konstrukcja oferuje szereg zalet w por\u00f3wnaniu z p\u0142askim szk\u0142em ochronnym, co czyni j\u0105 preferowanym wyborem zar\u00f3wno dla producent\u00f3w, jak i konsument\u00f3w.<\/p>\n<p data-sourcepos=\"5:1-5:2\"><strong>Kluczowe cechy:<\/strong><\/p>\n<ul data-sourcepos=\"7:1-7:103\">\n<li data-sourcepos=\"7:1-7:103\">\n<p class=\"\" data-sourcepos=\"7:3-7:170\"><strong class=\"\">Elegancki wygl\u0105d:<\/strong> Poprawia estetyk\u0119 urz\u0105dze\u0144, tworz\u0105c g\u0142adk\u0105, ci\u0105g\u0142\u0105 powierzchni\u0119, kt\u00f3ra p\u0142ynnie \u0142\u0105czy si\u0119 z zakrzywionym wy\u015bwietlaczem.<\/p>\n<\/li>\n<li data-sourcepos=\"9:1-10:0\">\n<p data-sourcepos=\"9:3-9:177\"><strong>Zwi\u0119kszona wytrzyma\u0142o\u015b\u0107:<\/strong> Zakrzywiony kszta\u0142t szk\u0142a 3D Cover Glass zapewnia lepsze wsparcie strukturalne, dzi\u0119ki czemu jest ono bardziej odporne na uderzenia i zarysowania w por\u00f3wnaniu do p\u0142askiego szk\u0142a ochronnego.<\/p>\n<\/li>\n<li data-sourcepos=\"11:1-12:0\">\n<p data-sourcepos=\"11:3-11:160\"><strong>Ulepszony wy\u015bwietlacz od kraw\u0119dzi do kraw\u0119dzi:<\/strong> Pozwala to na wy\u015bwietlacze od kraw\u0119dzi do kraw\u0119dzi, maksymalizuj\u0105c obszar wy\u015bwietlania i tworz\u0105c bardziej wci\u0105gaj\u0105ce wra\u017cenia u\u017cytkownika.<\/p>\n<\/li>\n<li data-sourcepos=\"13:1-13:105\">\n<p data-sourcepos=\"13:3-13:105\"><strong>Kompatybilno\u015b\u0107 z ekranami dotykowymi:<\/strong> Jest w pe\u0142ni kompatybilny z technologi\u0105 ekranu dotykowego, zapewniaj\u0105c p\u0142ynn\u0105 interakcj\u0119 dotykow\u0105.<\/p>\n<\/li>\n<\/ul>\n<p data-sourcepos=\"15:1-15:35\"><strong>Zastosowania:<\/strong><\/p>\n<ul data-sourcepos=\"17:1-24:0\">\n<li data-sourcepos=\"17:1-18:0\">\n<p data-sourcepos=\"17:3-17:135\"><strong>Smartfony:<\/strong> Jest on powszechnie stosowany w wysokiej klasy smartfonach, przyczyniaj\u0105c si\u0119 do ich eleganckiego wygl\u0105du i trwa\u0142ej konstrukcji.<\/p>\n<\/li>\n<li data-sourcepos=\"19:1-20:0\">\n<p data-sourcepos=\"19:3-19:118\"><strong>Tablety:<\/strong> Tablety coraz cz\u0119\u015bciej wykorzystuj\u0105 szk\u0142o 3D Cover Glass ze wzgl\u0119du na wi\u0119ksze wy\u015bwietlacze i lepsze wra\u017cenia u\u017cytkownika.<\/p>\n<\/li>\n<li data-sourcepos=\"21:1-22:0\">\n<p data-sourcepos=\"21:3-21:113\"><strong>Laptopy:<\/strong> Niekt\u00f3re laptopy klasy premium s\u0105 wyposa\u017cone w szk\u0142o 3D Cover Glass, kt\u00f3re zapewnia dotykowe wy\u015bwietlacze i eleganck\u0105 estetyk\u0119.<\/p>\n<\/li>\n<li data-sourcepos=\"23:1-24:0\">\n<p data-sourcepos=\"23:3-23:146\"><strong>Smartwatche:<\/strong>Znajduje on zastosowanie w smartwatchach, zapewniaj\u0105c bardziej trwa\u0142\u0105 i atrakcyjn\u0105 wizualnie os\u0142on\u0119 dla ich wy\u015bwietlaczy.<\/p>\n<\/li>\n<\/ul>","protected":false},"excerpt":{"rendered":"<p>Szk\u0142o 3D Cover Glass zmienia zasady gry w \u015bwiecie urz\u0105dze\u0144 elektronicznych, oferuj\u0105c po\u0142\u0105czenie eleganckiego wygl\u0105du, zwi\u0119kszonej trwa\u0142o\u015bci i ulepszonych mo\u017cliwo\u015bci wy\u015bwietlania. Wraz z post\u0119pem technologicznym ma ono szans\u0119 sta\u0107 si\u0119 jeszcze bardziej powszechne, kszta\u0142tuj\u0105c przysz\u0142o\u015b\u0107 smartfon\u00f3w, tablet\u00f3w, laptop\u00f3w i innych urz\u0105dze\u0144.<\/p>","protected":false},"featured_media":1577,"template":"","meta":[],"product_cat":[15],"product_tag":[],"_links":{"self":[{"href":"https:\/\/touchscreenmfg.com\/pl\/wp-json\/wp\/v2\/product\/1616"}],"collection":[{"href":"https:\/\/touchscreenmfg.com\/pl\/wp-json\/wp\/v2\/product"}],"about":[{"href":"https:\/\/touchscreenmfg.com\/pl\/wp-json\/wp\/v2\/types\/product"}],"wp:featuredmedia":[{"embeddable":true,"href":"https:\/\/touchscreenmfg.com\/pl\/wp-json\/wp\/v2\/media\/1577"}],"wp:attachment":[{"href":"https:\/\/touchscreenmfg.com\/pl\/wp-json\/wp\/v2\/media?parent=1616"}],"wp:term":[{"taxonomy":"product_cat","embeddable":true,"href":"https:\/\/touchscreenmfg.com\/pl\/wp-json\/wp\/v2\/product_cat?post=1616"},{"taxonomy":"product_tag","embeddable":true,"href":"https:\/\/touchscreenmfg.com\/pl\/wp-json\/wp\/v2\/product_tag?post=1616"}],"curies":[{"name":"wp","href":"https:\/\/api.w.org\/{rel}","templated":true}]}}