{"id":1615,"date":"2024-06-29T01:06:11","date_gmt":"2024-06-29T01:06:11","guid":{"rendered":"https:\/\/touchscreenmfg.com\/manufacturer\/chemically-tempered-cover-glass\/"},"modified":"2024-06-29T03:26:40","modified_gmt":"2024-06-29T03:26:40","slug":"chemically-tempered-cover-glass","status":"publish","type":"product","link":"https:\/\/touchscreenmfg.com\/pl\/chemically-tempered-cover-glass\/","title":{"rendered":"Chemicznie hartowane szk\u0142o pokrywy"},"content":{"rendered":"<h2 class=\"\" data-sourcepos=\"1:1-1:91\">Chemicznie hartowane szk\u0142o ochronne: Zwi\u0119kszanie trwa\u0142o\u015bci i przejrzysto\u015bci urz\u0105dze\u0144 elektronicznych<\/h2>\n<p data-sourcepos=\"3:1-3:72\">Chemicznie hartowane szk\u0142o os\u0142onowe, znane r\u00f3wnie\u017c jako szk\u0142o wymieniane jonowo, to rodzaj szk\u0142a, kt\u00f3re zosta\u0142o poddane obr\u00f3bce chemicznej w celu zwi\u0119kszenia jego wytrzyma\u0142o\u015bci i trwa\u0142o\u015bci. Proces ten, zazwyczaj obejmuj\u0105cy wymian\u0119 jon\u00f3w sodu w szkle na jony potasu, tworzy na powierzchni warstw\u0119 napr\u0119\u017ce\u0144 \u015bciskaj\u0105cych, dzi\u0119ki czemu szk\u0142o jest bardziej odporne na zarysowania, uderzenia i szok termiczny.<\/p>\n<p data-sourcepos=\"5:1-5:49\"><strong>Kluczowe cechy:<\/strong><\/p>\n<ul data-sourcepos=\"7:1-9:1\">\n<li data-sourcepos=\"7:1-8:0\">\n<p data-sourcepos=\"7:3-7:166\"><strong>Zwi\u0119kszona wytrzyma\u0142o\u015b\u0107:<\/strong> Jest ono zazwyczaj od sze\u015bciu do o\u015bmiu razy mocniejsze ni\u017c zwyk\u0142e szk\u0142o, dzi\u0119ki czemu jest mniej podatne na p\u0119kni\u0119cia i zarysowania.<\/p>\n<\/li>\n<li data-sourcepos=\"9:1-9:1\">\n<p data-sourcepos=\"9:3-9:140\"><strong>Przejrzysto\u015b\u0107 optyczna:<\/strong> Proces wymiany jonowej nie zmienia w\u0142a\u015bciwo\u015bci optycznych szk\u0142a, zachowuj\u0105c jego przejrzysto\u015b\u0107 i klarowno\u015b\u0107.<\/p>\n<\/li>\n<li data-sourcepos=\"11:1-12:0\">\n<p data-sourcepos=\"11:3-11:145\"><strong>Wszechstronno\u015b\u0107:<\/strong> Mo\u017cna go ci\u0105\u0107 i kszta\u0142towa\u0107 w r\u00f3\u017cne formy, dzi\u0119ki czemu nadaje si\u0119 do szerokiej gamy zastosowa\u0144.<\/p>\n<\/li>\n<li data-sourcepos=\"13:1-14:0\">\n<p data-sourcepos=\"13:3-13:163\"><strong>Cienko\u015b\u0107:<\/strong> Mo\u017ce by\u0107 produkowane w cie\u0144szych sekcjach w por\u00f3wnaniu do szk\u0142a hartowanego termicznie, co pozwala na tworzenie l\u017cejszych i bardziej eleganckich urz\u0105dze\u0144.<\/p>\n<\/li>\n<\/ul>\n<p data-sourcepos=\"15:1-15:52\"><strong>Zastosowania:<\/strong><\/p>\n<ul data-sourcepos=\"17:1-19:1\">\n<li data-sourcepos=\"17:1-18:0\">\n<p data-sourcepos=\"17:3-17:184\"><strong>Smartfony i tablety:<\/strong>Jest szeroko stosowany w smartfonach i tabletach do ochrony delikatnych wy\u015bwietlaczy przed zarysowaniami, uderzeniami i przypadkowymi upadkami.<\/p>\n<\/li>\n<li data-sourcepos=\"19:1-19:1\">\n<p data-sourcepos=\"19:3-19:159\"><strong>Laptopy i urz\u0105dzenia przeno\u015bne:<\/strong> Laptopy, tablety i inne urz\u0105dzenia przeno\u015bne cz\u0119sto u\u017cywaj\u0105 chemicznie hartowanego szk\u0142a ochronnego do swoich wy\u015bwietlaczy i ekran\u00f3w dotykowych.<\/p>\n<\/li>\n<li data-sourcepos=\"21:1-22:0\">\n<p data-sourcepos=\"21:3-21:151\"><strong>Wy\u015bwietlacze samochodowe:<\/strong> Jest on coraz cz\u0119\u015bciej stosowany w wy\u015bwietlaczach samochodowych ze wzgl\u0119du na swoj\u0105 trwa\u0142o\u015b\u0107 i przejrzysto\u015b\u0107 optyczn\u0105.<\/p>\n<\/li>\n<li data-sourcepos=\"23:1-24:0\">\n<p data-sourcepos=\"23:3-23:160\"><strong>Inteligentne zegarki i urz\u0105dzenia do noszenia:<\/strong> Inteligentne zegarki i inne urz\u0105dzenia do noszenia korzystaj\u0105 z odporno\u015bci na zarysowania i wytrzyma\u0142o\u015bci szk\u0142a hartowanego chemicznie.<\/p>\n<\/li>\n<\/ul>\n<p data-sourcepos=\"25:1-25:27\"><strong>Ci\u0119cie szk\u0142a hartowanego:<\/strong><\/p>\n<p data-sourcepos=\"27:1-27:276\">Ci\u0119cie szk\u0142a hartowanego chemicznie wymaga specjalistycznych technik i sprz\u0119tu ze wzgl\u0119du na jego zwi\u0119kszon\u0105 wytrzyma\u0142o\u015b\u0107 i mo\u017cliwo\u015b\u0107 p\u0119kni\u0119cia w przypadku niew\u0142a\u015bciwego obchodzenia si\u0119 z nim. Profesjonalne us\u0142ugi ci\u0119cia szk\u0142a s\u0105 zalecane w celu precyzyjnego i bezpiecznego ci\u0119cia chemicznie hartowanego szk\u0142a os\u0142onowego.<\/p>","protected":false},"excerpt":{"rendered":"<p>Chemicznie hartowane szk\u0142o ochronne sta\u0142o si\u0119 preferowanym wyborem do ochrony i ulepszania wy\u015bwietlaczy r\u00f3\u017cnych urz\u0105dze\u0144 elektronicznych. Jego po\u0142\u0105czenie wytrzyma\u0142o\u015bci, przejrzysto\u015bci optycznej i wszechstronno\u015bci sprawia, \u017ce jest to niezb\u0119dny element nowoczesnej technologii.<\/p>","protected":false},"featured_media":1576,"template":"","meta":[],"product_cat":[15],"product_tag":[],"_links":{"self":[{"href":"https:\/\/touchscreenmfg.com\/pl\/wp-json\/wp\/v2\/product\/1615"}],"collection":[{"href":"https:\/\/touchscreenmfg.com\/pl\/wp-json\/wp\/v2\/product"}],"about":[{"href":"https:\/\/touchscreenmfg.com\/pl\/wp-json\/wp\/v2\/types\/product"}],"wp:featuredmedia":[{"embeddable":true,"href":"https:\/\/touchscreenmfg.com\/pl\/wp-json\/wp\/v2\/media\/1576"}],"wp:attachment":[{"href":"https:\/\/touchscreenmfg.com\/pl\/wp-json\/wp\/v2\/media?parent=1615"}],"wp:term":[{"taxonomy":"product_cat","embeddable":true,"href":"https:\/\/touchscreenmfg.com\/pl\/wp-json\/wp\/v2\/product_cat?post=1615"},{"taxonomy":"product_tag","embeddable":true,"href":"https:\/\/touchscreenmfg.com\/pl\/wp-json\/wp\/v2\/product_tag?post=1615"}],"curies":[{"name":"wp","href":"https:\/\/api.w.org\/{rel}","templated":true}]}}