{"id":1614,"date":"2024-06-29T01:06:11","date_gmt":"2024-06-29T01:06:11","guid":{"rendered":"https:\/\/touchscreenmfg.com\/manufacturer\/physically-tempered-cover-glass\/"},"modified":"2024-06-29T03:30:56","modified_gmt":"2024-06-29T03:30:56","slug":"physically-tempered-cover-glass","status":"publish","type":"product","link":"https:\/\/touchscreenmfg.com\/pl\/physically-tempered-cover-glass\/","title":{"rendered":"Fizycznie hartowane szk\u0142o pokrywy"},"content":{"rendered":"<h2 class=\"\" data-sourcepos=\"1:1-1:100\">Fizycznie hartowane szk\u0142o ochronne: Solidna ochrona i zwi\u0119kszona wytrzyma\u0142o\u015b\u0107 urz\u0105dze\u0144 elektronicznych<\/h2>\n<p data-sourcepos=\"3:1-3:96\">Fizycznie hartowane szk\u0142o os\u0142onowe, znane r\u00f3wnie\u017c jako szk\u0142o hartowane termicznie, to rodzaj szk\u0142a, kt\u00f3re zosta\u0142o poddane procesowi obr\u00f3bki cieplnej w celu zwi\u0119kszenia jego wytrzyma\u0142o\u015bci i trwa\u0142o\u015bci. Proces ten, zwykle obejmuj\u0105cy szybkie nagrzewanie i ch\u0142odzenie szk\u0142a, tworzy na powierzchni warstw\u0119 napr\u0119\u017ce\u0144 \u015bciskaj\u0105cych, dzi\u0119ki czemu szk\u0142o jest bardziej odporne na zarysowania, uderzenia i szok termiczny.<\/p>\n<p data-sourcepos=\"5:1-5:52\"><strong>Kluczowe cechy fizycznie hartowanego szk\u0142a ochronnego:<\/strong><\/p>\n<ul data-sourcepos=\"7:1-7:27\">\n<li data-sourcepos=\"7:1-7:27\">\n<p data-sourcepos=\"7:3-7:183\"><strong>Wyj\u0105tkowa wytrzyma\u0142o\u015b\u0107:<\/strong> Fizycznie hartowane szk\u0142o obudowy jest zazwyczaj cztery do pi\u0119ciu razy mocniejsze ni\u017c zwyk\u0142e szk\u0142o, zapewniaj\u0105c doskona\u0142\u0105 ochron\u0119 przed p\u0119kni\u0119ciami i zarysowaniami.<\/p>\n<\/li>\n<li data-sourcepos=\"9:1-9:54\">\n<p data-sourcepos=\"9:3-9:54\"><strong>Przejrzysto\u015b\u0107 optyczna:<\/strong> Proces obr\u00f3bki cieplnej nie zmienia w\u0142a\u015bciwo\u015bci optycznych szk\u0142a, zachowuj\u0105c jego przejrzysto\u015b\u0107 i klarowno\u015b\u0107.<\/p>\n<\/li>\n<li data-sourcepos=\"11:1-12:0\">\n<p data-sourcepos=\"11:3-11:145\"><strong>Wszechstronno\u015b\u0107:<\/strong> Fizycznie hartowane szk\u0142o os\u0142onowe mo\u017ce by\u0107 ci\u0119te i kszta\u0142towane w r\u00f3\u017cne formy, dzi\u0119ki czemu nadaje si\u0119 do szerokiego zakresu zastosowa\u0144.<\/p>\n<\/li>\n<li data-sourcepos=\"13:1-14:0\">\n<p data-sourcepos=\"13:3-13:171\"><strong>Cie\u0144sze opcje:<\/strong> Fizycznie hartowane szk\u0142o pokrywaj\u0105ce mo\u017ce by\u0107 produkowane w cie\u0144szych sekcjach w por\u00f3wnaniu do szk\u0142a hartowanego chemicznie, co pozwala na tworzenie smuklejszych i l\u017cejszych urz\u0105dze\u0144.<\/p>\n<\/li>\n<\/ul>\n<p data-sourcepos=\"15:1-15:52\"><strong>Zastosowania fizycznie hartowanego szk\u0142a ochronnego:<\/strong><\/p>\n<ul data-sourcepos=\"17:1-19:98\">\n<li data-sourcepos=\"17:1-18:0\">\n<p data-sourcepos=\"17:3-17:184\"><strong>Smartfony i tablety:<\/strong> Fizycznie hartowane szk\u0142o ochronne jest szeroko stosowane w smartfonach i tabletach w celu ochrony delikatnych wy\u015bwietlaczy przed zarysowaniami, uderzeniami i przypadkowymi upadkami.<\/p>\n<\/li>\n<li data-sourcepos=\"19:1-19:98\">\n<p data-sourcepos=\"19:3-19:98\"><strong>Zastosowania architektoniczne:<\/strong> Fizycznie hartowane szk\u0142o os\u0142onowe jest wykorzystywane w r\u00f3\u017cnych zastosowaniach architektonicznych, takich jak okna, drzwi i \u015bcianki dzia\u0142owe, ze wzgl\u0119du na jego wytrzyma\u0142o\u015b\u0107 i bezpiecze\u0144stwo.<\/p>\n<\/li>\n<li data-sourcepos=\"21:1-22:0\">\n<p data-sourcepos=\"21:3-21:151\"><strong>Wy\u015bwietlacze samochodowe:<\/strong> Fizycznie hartowane szk\u0142o os\u0142onowe jest coraz cz\u0119\u015bciej stosowane w wy\u015bwietlaczach samochodowych ze wzgl\u0119du na jego trwa\u0142o\u015b\u0107 i przejrzysto\u015b\u0107 optyczn\u0105.<\/p>\n<\/li>\n<li data-sourcepos=\"23:1-24:0\">\n<p data-sourcepos=\"23:3-23:154\"><strong>Panele urz\u0105dze\u0144:<\/strong> Urz\u0105dzenia gospodarstwa domowego, takie jak lod\u00f3wki i piekarniki, cz\u0119sto wykorzystuj\u0105 fizycznie hartowane szk\u0142o os\u0142onowe do paneli sterowania i wy\u015bwietlaczy.<\/p>\n<\/li>\n<\/ul>\n<p data-sourcepos=\"25:1-25:28\"><strong>Proces hartowania szk\u0142a:<\/strong><\/p>\n<p data-sourcepos=\"27:1-27:309\">Proces hartowania fizycznego szk\u0142a os\u0142onowego polega na podgrzaniu szk\u0142a do temperatury oko\u0142o 600-700\u00b0C, a nast\u0119pnie szybkim sch\u0142odzeniu go strumieniem zimnego powietrza. Ta gwa\u0142towna zmiana temperatury tworzy na powierzchni warstw\u0119 napr\u0119\u017ce\u0144 \u015bciskaj\u0105cych, dzi\u0119ki czemu szk\u0142o jest bardziej odporne na napr\u0119\u017cenia i p\u0119kanie<\/p>","protected":false},"excerpt":{"rendered":"<p>Fizycznie hartowane szk\u0142o os\u0142onowe sta\u0142o si\u0119 podstaw\u0105 ochrony urz\u0105dze\u0144 elektronicznych i zastosowa\u0144 architektonicznych. Jego wyj\u0105tkowa wytrzyma\u0142o\u015b\u0107, przejrzysto\u015b\u0107 optyczna i wszechstronno\u015b\u0107 sprawiaj\u0105, \u017ce jest niezb\u0119dnym elementem nowoczesnej technologii i budownictwa.<\/p>","protected":false},"featured_media":1575,"template":"","meta":[],"product_cat":[15],"product_tag":[],"_links":{"self":[{"href":"https:\/\/touchscreenmfg.com\/pl\/wp-json\/wp\/v2\/product\/1614"}],"collection":[{"href":"https:\/\/touchscreenmfg.com\/pl\/wp-json\/wp\/v2\/product"}],"about":[{"href":"https:\/\/touchscreenmfg.com\/pl\/wp-json\/wp\/v2\/types\/product"}],"wp:featuredmedia":[{"embeddable":true,"href":"https:\/\/touchscreenmfg.com\/pl\/wp-json\/wp\/v2\/media\/1575"}],"wp:attachment":[{"href":"https:\/\/touchscreenmfg.com\/pl\/wp-json\/wp\/v2\/media?parent=1614"}],"wp:term":[{"taxonomy":"product_cat","embeddable":true,"href":"https:\/\/touchscreenmfg.com\/pl\/wp-json\/wp\/v2\/product_cat?post=1614"},{"taxonomy":"product_tag","embeddable":true,"href":"https:\/\/touchscreenmfg.com\/pl\/wp-json\/wp\/v2\/product_tag?post=1614"}],"curies":[{"name":"wp","href":"https:\/\/api.w.org\/{rel}","templated":true}]}}