{"id":1611,"date":"2024-06-29T01:06:10","date_gmt":"2024-06-29T01:06:10","guid":{"rendered":"https:\/\/touchscreenmfg.com\/manufacturer\/oled-touch-screen\/"},"modified":"2024-06-29T03:46:04","modified_gmt":"2024-06-29T03:46:04","slug":"oled-touch-screen","status":"publish","type":"product","link":"https:\/\/touchscreenmfg.com\/pl\/oled-touch-screen\/","title":{"rendered":"Ekran dotykowy OLED"},"content":{"rendered":"<h2 class=\"\" data-sourcepos=\"3:1-3:103\">Ekrany dotykowe OLED: Lepsze wra\u017cenia u\u017cytkownika dzi\u0119ki \u017cywym wy\u015bwietlaczom i responsywnej interakcji dotykowej<\/h2>\n<p data-sourcepos=\"5:1-5:118\">Ekrany dotykowe OLED, znane r\u00f3wnie\u017c jako wy\u015bwietlacze dotykowe OLED, \u0142\u0105cz\u0105 doskona\u0142\u0105 jako\u015b\u0107 obrazu technologii Organic Light-Emitting Diode (OLED) z interaktywnymi mo\u017cliwo\u015bciami panelu dotykowego. Ta innowacyjna technologia oferuje urzekaj\u0105ce wra\u017cenia u\u017cytkownika, \u0142\u0105cz\u0105c osza\u0142amiaj\u0105ce efekty wizualne z intuicyjnym sterowaniem dotykowym.<\/p>\n<p data-sourcepos=\"7:1-7:39\"><strong>Kluczowe cechy:<\/strong><\/p>\n<ul data-sourcepos=\"9:1-9:134\">\n<li data-sourcepos=\"9:1-9:134\">\n<p class=\"\" data-sourcepos=\"9:3-9:190\"><strong class=\"\">Wyj\u0105tkowa jako\u015b\u0107 wy\u015bwietlania:<\/strong> Ekrany dotykowe OLED zapewniaj\u0105 wyj\u0105tkow\u0105 jako\u015b\u0107 obrazu z \u017cywymi kolorami, wysokim wsp\u00f3\u0142czynnikiem kontrastu i prawdziw\u0105 czerni\u0105, zapewniaj\u0105c wci\u0105gaj\u0105ce wra\u017cenia wizualne.<\/p>\n<\/li>\n<li data-sourcepos=\"11:1-12:0\">\n<p data-sourcepos=\"11:3-11:178\"><strong>Responsywna interakcja dotykowa:<\/strong> Nak\u0142adka na panel dotykowy umo\u017cliwia u\u017cytkownikom interakcj\u0119 z wy\u015bwietlaczem za pomoc\u0105 intuicyjnych gest\u00f3w dotykowych, takich jak stukni\u0119cia, przesuni\u0119cia i uszczypni\u0119cia.<\/p>\n<\/li>\n<li data-sourcepos=\"13:1-14:0\">\n<p data-sourcepos=\"13:3-13:165\"><strong>Efektywno\u015b\u0107 energetyczna:<\/strong> Ekrany OLED s\u0105 zazwyczaj bardziej energooszcz\u0119dne w por\u00f3wnaniu do ekran\u00f3w dotykowych LCD, zu\u017cywaj\u0105c mniej energii bez uszczerbku dla wydajno\u015bci.<\/p>\n<\/li>\n<li data-sourcepos=\"15:1-16:0\">\n<p data-sourcepos=\"15:3-15:130\"><strong>Elastyczna konstrukcja:<\/strong> Wy\u015bwietlacze OLED oferuj\u0105 wi\u0119ksz\u0105 elastyczno\u015b\u0107 w projektowaniu, pozwalaj\u0105c na cie\u0144sze, l\u017cejsze i zakrzywione ekrany dotykowe.<\/p>\n<\/li>\n<\/ul>\n<p data-sourcepos=\"17:1-17:39\"><strong>Zastosowania:<\/strong><\/p>\n<ul data-sourcepos=\"19:1-19:151\">\n<li data-sourcepos=\"19:1-19:151\">\n<p data-sourcepos=\"19:3-19:178\"><strong>Smartfony i tablety:<\/strong> Ekrany OLED s\u0105 coraz cz\u0119\u015bciej stosowane w smartfonach i tabletach klasy premium, zapewniaj\u0105c doskona\u0142e wra\u017cenia wizualne i lepsz\u0105 interakcj\u0119 z u\u017cytkownikiem.<\/p>\n<\/li>\n<li data-sourcepos=\"21:1-22:0\">\n<p data-sourcepos=\"21:3-21:181\"><strong>Smartwatche i urz\u0105dzenia ubieralne:<\/strong> Wy\u015bwietlacze OLED staj\u0105 si\u0119 coraz powszechniejsze w smartwatchach i urz\u0105dzeniach do noszenia ze wzgl\u0119du na ich kompaktowy rozmiar, niskie zu\u017cycie energii i wysok\u0105 jako\u015b\u0107 obrazu.<\/p>\n<\/li>\n<li data-sourcepos=\"23:1-24:0\">\n<p data-sourcepos=\"23:3-23:147\"><strong>Telewizory i monitory:<\/strong> Telewizory i monitory OLED zyskuj\u0105 na popularno\u015bci, oferuj\u0105c wyj\u0105tkow\u0105 jako\u015b\u0107 obrazu i wci\u0105gaj\u0105ce wra\u017cenia wizualne.<\/p>\n<\/li>\n<li data-sourcepos=\"25:1-26:0\">\n<p data-sourcepos=\"25:3-25:153\"><strong>Wy\u015bwietlacze samochodowe:<\/strong> Ekrany dotykowe OLED s\u0105 zintegrowane z samochodowymi deskami rozdzielczymi i systemami informacyjno-rozrywkowymi, poprawiaj\u0105c wra\u017cenia z jazdy.<\/p>\n<\/li>\n<\/ul>","protected":false},"excerpt":{"rendered":"<p>Ekrany dotykowe OLED zrewolucjonizowa\u0142y spos\u00f3b interakcji z urz\u0105dzeniami cyfrowymi, oferuj\u0105c po\u0142\u0105czenie osza\u0142amiaj\u0105cych efekt\u00f3w wizualnych, responsywnej kontroli dotykowej i energooszcz\u0119dno\u015bci. Ich wszechstronno\u015b\u0107 i doskona\u0142a jako\u015b\u0107 wy\u015bwietlania sprawiaj\u0105, \u017ce s\u0105 one preferowanym wyborem dla szerokiej gamy zastosowa\u0144, od smartfon\u00f3w i tablet\u00f3w po telewizory i wy\u015bwietlacze samochodowe.<\/p>","protected":false},"featured_media":1572,"template":"","meta":[],"product_cat":[41],"product_tag":[],"_links":{"self":[{"href":"https:\/\/touchscreenmfg.com\/pl\/wp-json\/wp\/v2\/product\/1611"}],"collection":[{"href":"https:\/\/touchscreenmfg.com\/pl\/wp-json\/wp\/v2\/product"}],"about":[{"href":"https:\/\/touchscreenmfg.com\/pl\/wp-json\/wp\/v2\/types\/product"}],"wp:featuredmedia":[{"embeddable":true,"href":"https:\/\/touchscreenmfg.com\/pl\/wp-json\/wp\/v2\/media\/1572"}],"wp:attachment":[{"href":"https:\/\/touchscreenmfg.com\/pl\/wp-json\/wp\/v2\/media?parent=1611"}],"wp:term":[{"taxonomy":"product_cat","embeddable":true,"href":"https:\/\/touchscreenmfg.com\/pl\/wp-json\/wp\/v2\/product_cat?post=1611"},{"taxonomy":"product_tag","embeddable":true,"href":"https:\/\/touchscreenmfg.com\/pl\/wp-json\/wp\/v2\/product_tag?post=1611"}],"curies":[{"name":"wp","href":"https:\/\/api.w.org\/{rel}","templated":true}]}}