{"id":1610,"date":"2024-06-29T01:06:10","date_gmt":"2024-06-29T01:06:10","guid":{"rendered":"https:\/\/touchscreenmfg.com\/manufacturer\/tft-touch-screen\/"},"modified":"2024-06-29T03:49:15","modified_gmt":"2024-06-29T03:49:15","slug":"tft-touch-screen","status":"publish","type":"product","link":"https:\/\/touchscreenmfg.com\/pl\/tft-touch-screen\/","title":{"rendered":"Ekran dotykowy TFT"},"content":{"rendered":"<h2 class=\"\" data-sourcepos=\"3:1-3:77\">Ekrany dotykowe TFT: Po\u0142\u0105czenie wyrazisto\u015bci kolor\u00f3w i intuicyjnej interakcji dotykowej<\/h2>\n<p data-sourcepos=\"5:1-5:122\">Ekrany dotykowe TFT, znane r\u00f3wnie\u017c jako wy\u015bwietlacze dotykowe TFT, to rodzaj ekranu dotykowego, kt\u00f3ry wykorzystuje technologi\u0119 Thin-Film Transistor (TFT) do dostarczania wysokiej jako\u015bci obraz\u00f3w i umo\u017cliwia interaktywne sterowanie dotykowe. Te wszechstronne wy\u015bwietlacze s\u0105 szeroko stosowane w r\u00f3\u017cnych urz\u0105dzeniach elektronicznych, oferuj\u0105c r\u00f3wnowag\u0119 mi\u0119dzy przejrzysto\u015bci\u0105 wizualn\u0105 a przyjazn\u0105 dla u\u017cytkownika interakcj\u0105.<\/p>\n<p data-sourcepos=\"7:1-7:38\"><strong>Kluczowe cechy:<\/strong><\/p>\n<ul data-sourcepos=\"9:1-9:87\">\n<li data-sourcepos=\"9:1-9:87\">\n<p class=\"\" data-sourcepos=\"9:3-9:159\"><strong class=\"\">Wy\u015bwietlacz o \u017cywych kolorach:<\/strong> Ekrany dotykowe TFT zapewniaj\u0105 szerok\u0105 gam\u0119 kolor\u00f3w o wysokiej rozdzielczo\u015bci, oferuj\u0105c atrakcyjne wizualnie i wci\u0105gaj\u0105ce wra\u017cenia u\u017cytkownika.<\/p>\n<\/li>\n<li data-sourcepos=\"11:1-12:0\">\n<p data-sourcepos=\"11:3-11:177\"><strong>Responsywna interakcja dotykowa:<\/strong> Nak\u0142adka na panel dotykowy pozwala u\u017cytkownikom na interakcj\u0119 z wy\u015bwietlaczem za pomoc\u0105 intuicyjnych gest\u00f3w dotykowych, takich jak stukni\u0119cia, przeci\u0105gni\u0119cia i uszczypni\u0119cia.<\/p>\n<\/li>\n<li data-sourcepos=\"13:1-14:0\">\n<p data-sourcepos=\"13:3-13:158\"><strong>Trwa\u0142o\u015b\u0107 i wszechstronno\u015b\u0107:<\/strong> Ekrany TFT s\u0105 zwykle wykonane z trwa\u0142ych materia\u0142\u00f3w, takich jak szk\u0142o lub plastik, dzi\u0119ki czemu nadaj\u0105 si\u0119 do r\u00f3\u017cnych zastosowa\u0144.<\/p>\n<\/li>\n<li data-sourcepos=\"15:1-16:0\">\n<p data-sourcepos=\"15:3-15:130\"><strong>Op\u0142acalno\u015b\u0107:<\/strong> Technologia TFT oferuje r\u00f3wnowag\u0119 mi\u0119dzy wydajno\u015bci\u0105 i przyst\u0119pn\u0105 cen\u0105 w por\u00f3wnaniu z innymi technologiami ekran\u00f3w dotykowych.<\/p>\n<\/li>\n<\/ul>\n<p data-sourcepos=\"17:1-17:2\"><strong>Zastosowania:<\/strong><\/p>\n<ul data-sourcepos=\"19:1-26:0\">\n<li data-sourcepos=\"19:1-20:0\">\n<p data-sourcepos=\"19:3-19:171\"><strong>Smartfony i tablety:<\/strong> Ekrany TFT s\u0105 powszechnie stosowane w smartfonach i tabletach, zapewniaj\u0105c ekonomiczne i wszechstronne rozwi\u0105zanie dla urz\u0105dze\u0144 dotykowych.<\/p>\n<\/li>\n<li data-sourcepos=\"21:1-22:0\">\n<p data-sourcepos=\"21:3-21:140\"><strong>Laptopy i komputery stacjonarne:<\/strong> Laptopy z ekranem dotykowym i komputery stacjonarne typu all-in-one (AIO) cz\u0119sto wykorzystuj\u0105 ekrany dotykowe TFT w celu zwi\u0119kszenia interakcji z u\u017cytkownikiem.<\/p>\n<\/li>\n<li data-sourcepos=\"23:1-24:0\">\n<p data-sourcepos=\"23:3-23:171\"><strong>Kioski i wy\u015bwietlacze interaktywne:<\/strong> Ekrany TFT s\u0105 szeroko stosowane w kioskach, terminalach informacyjnych i interaktywnych oznakowaniach do samoobs\u0142ugi i dost\u0119pu do informacji.<\/p>\n<\/li>\n<li data-sourcepos=\"25:1-26:0\">\n<p data-sourcepos=\"25:3-25:166\"><strong>Systemy punkt\u00f3w sprzeda\u017cy (POS):<\/strong> Ekrany TFT s\u0105 niezb\u0119dnymi komponentami system\u00f3w POS, umo\u017cliwiaj\u0105c wydajne zarz\u0105dzanie kasami i zam\u00f3wieniami w \u015brodowiskach detalicznych.<\/p>\n<\/li>\n<\/ul>","protected":false},"excerpt":{"rendered":"<p>Ekrany dotykowe TFT sta\u0142y si\u0119 podstaw\u0105 w \u015bwiecie urz\u0105dze\u0144 elektronicznych, oferuj\u0105c po\u0142\u0105czenie wyrazisto\u015bci kolor\u00f3w, responsywnej interakcji dotykowej i przyst\u0119pnej ceny. Ich wszechstronno\u015b\u0107 sprawia, \u017ce nadaj\u0105 si\u0119 do szerokiej gamy zastosowa\u0144, od urz\u0105dze\u0144 osobistych po ustawienia komercyjne, zwi\u0119kszaj\u0105c komfort u\u017cytkowania i nap\u0119dzaj\u0105c innowacje.<\/p>","protected":false},"featured_media":1571,"template":"","meta":[],"product_cat":[41],"product_tag":[],"_links":{"self":[{"href":"https:\/\/touchscreenmfg.com\/pl\/wp-json\/wp\/v2\/product\/1610"}],"collection":[{"href":"https:\/\/touchscreenmfg.com\/pl\/wp-json\/wp\/v2\/product"}],"about":[{"href":"https:\/\/touchscreenmfg.com\/pl\/wp-json\/wp\/v2\/types\/product"}],"wp:featuredmedia":[{"embeddable":true,"href":"https:\/\/touchscreenmfg.com\/pl\/wp-json\/wp\/v2\/media\/1571"}],"wp:attachment":[{"href":"https:\/\/touchscreenmfg.com\/pl\/wp-json\/wp\/v2\/media?parent=1610"}],"wp:term":[{"taxonomy":"product_cat","embeddable":true,"href":"https:\/\/touchscreenmfg.com\/pl\/wp-json\/wp\/v2\/product_cat?post=1610"},{"taxonomy":"product_tag","embeddable":true,"href":"https:\/\/touchscreenmfg.com\/pl\/wp-json\/wp\/v2\/product_tag?post=1610"}],"curies":[{"name":"wp","href":"https:\/\/api.w.org\/{rel}","templated":true}]}}