{"id":1608,"date":"2024-06-29T01:06:10","date_gmt":"2024-06-29T01:06:10","guid":{"rendered":"https:\/\/touchscreenmfg.com\/manufacturer\/touch-screen-lens\/"},"modified":"2024-06-29T03:53:36","modified_gmt":"2024-06-29T03:53:36","slug":"touch-screen-lens","status":"publish","type":"product","link":"https:\/\/touchscreenmfg.com\/pl\/touch-screen-lens\/","title":{"rendered":"Obiektyw z ekranem dotykowym"},"content":{"rendered":"<h2 class=\"\" data-sourcepos=\"3:1-3:76\">Soczewki do ekran\u00f3w dotykowych: Ochrona i poprawa komfortu korzystania z ekranu dotykowego<\/h2>\n<p data-sourcepos=\"5:1-5:166\">Soczewki na ekrany dotykowe, znane r\u00f3wnie\u017c jako os\u0142ony ekran\u00f3w dotykowych lub folie ochronne, to przezroczyste warstwy nak\u0142adane na wy\u015bwietlacze ekran\u00f3w dotykowych w celu ochrony ich przed zarysowaniami, uderzeniami i innymi uszkodzeniami. Te os\u0142ony ochronne odgrywaj\u0105 kluczow\u0105 rol\u0119 w zachowaniu integralno\u015bci i funkcjonalno\u015bci ekran\u00f3w dotykowych, zapewniaj\u0105c p\u0142ynne i responsywne wra\u017cenia u\u017cytkownika.<\/p>\n<p data-sourcepos=\"7:1-7:40\"><strong>Kluczowe cechy:<\/strong><\/p>\n<ul data-sourcepos=\"9:1-9:121\">\n<li data-sourcepos=\"9:1-9:121\">\n<p class=\"\" data-sourcepos=\"9:3-9:191\"><strong class=\"\">Odporno\u015b\u0107 na zarysowania:<\/strong> Soczewki ekranu dotykowego s\u0105 odporne na zarysowania spowodowane codziennym u\u017cytkowaniem, takie jak klucze, monety i inne przedmioty, zapobiegaj\u0105c uszkodzeniu delikatnej powierzchni wy\u015bwietlacza.<\/p>\n<\/li>\n<li data-sourcepos=\"11:1-12:0\">\n<p data-sourcepos=\"11:3-11:156\"><strong>Ochrona przed uderzeniami:<\/strong> Te folie ochronne mog\u0105 absorbowa\u0107 i rozprasza\u0107 si\u0142\u0119 uderze\u0144, zmniejszaj\u0105c ryzyko p\u0119kni\u0119\u0107 i z\u0142ama\u0144 ekranu dotykowego.<\/p>\n<\/li>\n<li data-sourcepos=\"13:1-14:0\">\n<p data-sourcepos=\"13:3-13:242\"><strong>Redukcja odblask\u00f3w i smug:<\/strong> Niekt\u00f3re soczewki do ekran\u00f3w dotykowych posiadaj\u0105 pow\u0142oki przeciwodblaskowe, kt\u00f3re minimalizuj\u0105 odbicia i poprawiaj\u0105 widoczno\u015b\u0107 w jasnym otoczeniu. Mog\u0105 one r\u00f3wnie\u017c mie\u0107 w\u0142a\u015bciwo\u015bci zapobiegaj\u0105ce rozmazywaniu, aby zredukowa\u0107 odciski palc\u00f3w i smugi.<\/p>\n<\/li>\n<li data-sourcepos=\"15:1-15:56\">\n<p data-sourcepos=\"15:3-15:56\"><strong>Zgodno\u015b\u0107 z czu\u0142o\u015bci\u0105 na dotyk:<\/strong> Soczewki do ekran\u00f3w dotykowych s\u0105 zwykle zaprojektowane tak, aby zachowa\u0107 czu\u0142o\u015b\u0107 dotykow\u0105 wy\u015bwietlacza, zapewniaj\u0105c p\u0142ynn\u0105 interakcj\u0119 i szybko\u015b\u0107 reakcji.<\/p>\n<\/li>\n<\/ul>\n<p data-sourcepos=\"17:1-17:40\"><strong>Zastosowania:<\/strong><\/p>\n<ul data-sourcepos=\"19:1-26:0\">\n<li data-sourcepos=\"19:1-20:0\">\n<p data-sourcepos=\"19:3-19:154\"><strong>Smartfony i tablety:<\/strong> Soczewki do ekran\u00f3w dotykowych s\u0105 powszechnie stosowane w smartfonach i tabletach, aby chroni\u0107 ich cenne wy\u015bwietlacze przed codziennym zu\u017cyciem.<\/p>\n<\/li>\n<li data-sourcepos=\"21:1-22:0\">\n<p data-sourcepos=\"21:3-21:135\"><strong>Laptopy i komputery stacjonarne:<\/strong> Laptopy z ekranem dotykowym i komputery stacjonarne typu all-in-one (AIO) cz\u0119sto korzystaj\u0105 z ochrony soczewek ekranu dotykowego.<\/p>\n<\/li>\n<li data-sourcepos=\"23:1-24:0\">\n<p data-sourcepos=\"23:3-23:203\"><strong>Kioski i wy\u015bwietlacze interaktywne:<\/strong> Publicznie dost\u0119pne kioski i interaktywne wy\u015bwietlacze s\u0105 szczeg\u00f3lnie nara\u017cone na zarysowania i uderzenia, co sprawia, \u017ce soczewki do ekran\u00f3w dotykowych s\u0105 niezb\u0119dne do ich ochrony.<\/p>\n<\/li>\n<li data-sourcepos=\"25:1-26:0\">\n<p data-sourcepos=\"25:3-25:185\"><strong>Systemy punkt\u00f3w sprzeda\u017cy (POS):<\/strong> Systemy POS z ekranem dotykowym polegaj\u0105 na soczewkach ekranu dotykowego, kt\u00f3re chroni\u0105 wy\u015bwietlacze przed uszkodzeniem, zapewniaj\u0105c nieprzerwane dzia\u0142anie w \u015brodowiskach detalicznych.<\/p>\n<\/li>\n<\/ul>","protected":false},"excerpt":{"rendered":"<p>Soczewki do ekran\u00f3w dotykowych stanowi\u0105 istotn\u0105 barier\u0119 ochronn\u0105 dla wy\u015bwietlaczy dotykowych, wyd\u0142u\u017caj\u0105c ich \u017cywotno\u015b\u0107 i zachowuj\u0105c ich funkcjonalno\u015b\u0107. Ich zdolno\u015b\u0107 do zapobiegania zarysowaniom, uderzeniom i smugom zapewnia sp\u00f3jne i przyjemne wra\u017cenia u\u017cytkownika w szerokim zakresie zastosowa\u0144.<\/p>","protected":false},"featured_media":1568,"template":"","meta":[],"product_cat":[41],"product_tag":[],"_links":{"self":[{"href":"https:\/\/touchscreenmfg.com\/pl\/wp-json\/wp\/v2\/product\/1608"}],"collection":[{"href":"https:\/\/touchscreenmfg.com\/pl\/wp-json\/wp\/v2\/product"}],"about":[{"href":"https:\/\/touchscreenmfg.com\/pl\/wp-json\/wp\/v2\/types\/product"}],"wp:featuredmedia":[{"embeddable":true,"href":"https:\/\/touchscreenmfg.com\/pl\/wp-json\/wp\/v2\/media\/1568"}],"wp:attachment":[{"href":"https:\/\/touchscreenmfg.com\/pl\/wp-json\/wp\/v2\/media?parent=1608"}],"wp:term":[{"taxonomy":"product_cat","embeddable":true,"href":"https:\/\/touchscreenmfg.com\/pl\/wp-json\/wp\/v2\/product_cat?post=1608"},{"taxonomy":"product_tag","embeddable":true,"href":"https:\/\/touchscreenmfg.com\/pl\/wp-json\/wp\/v2\/product_tag?post=1608"}],"curies":[{"name":"wp","href":"https:\/\/api.w.org\/{rel}","templated":true}]}}