{"id":2179,"date":"2024-09-20T08:13:40","date_gmt":"2024-09-20T08:13:40","guid":{"rendered":"https:\/\/touchscreenmfg.com\/?post_type=product&#038;p=2179"},"modified":"2024-09-20T08:13:56","modified_gmt":"2024-09-20T08:13:56","slug":"pc-touch-screen","status":"publish","type":"product","link":"https:\/\/touchscreenmfg.com\/lv\/pc-touch-screen\/","title":{"rendered":"Datora sk\u0101rienekr\u0101ns"},"content":{"rendered":"<h2>Datora sk\u0101rienekr\u0101ni: Iztur\u012bga un daudzpus\u012bga izv\u0113le<\/h2>\n<h3 data-sourcepos=\"5:1-5:39\">Galven\u0101s priek\u0161roc\u012bbas:<\/h3>\n<ul>\n<li><span class=\"citation-0 recitation\">Augsta triecieniztur\u012bba:<\/span><span class=\"citation-0 recitation citation-end-0\"> PC ir triecieniztur\u012bgs materi\u0101ls, t\u0101p\u0113c tas ir piem\u0113rots ier\u012bc\u0113m, kas var tikt pak\u013cautas fiziskiem triecieniem vai kritieniem.<\/span><\/li>\n<li>Iztur\u012bba pret temperat\u016bru: PC var iztur\u0113t pla\u0161u temperat\u016bru diapazonu, t\u0101p\u0113c tas ir piem\u0113rots izmanto\u0161anai \u0101rpus telp\u0101m vai r\u016bpniec\u012bb\u0101.<\/li>\n<li><span class=\"citation-1 recitation\">\u0136\u012bmisk\u0101 iztur\u012bba:<\/span><span class=\"citation-1 recitation citation-end-1\"> PC ir iztur\u012bgs pret daudz\u0101m \u0137\u012bmisk\u0101m viel\u0101m un \u0161\u0137\u012bdin\u0101t\u0101jiem, t\u0101p\u0113c tas ir iztur\u012bgs skarb\u0101 vid\u0113.<\/span><\/li>\n<li><span class=\"citation-2 recitation\">Optisk\u0101 skaidr\u012bba:<\/span><span class=\"citation-2 recitation citation-end-2\"> Dators nodro\u0161ina labu optisko skaidr\u012bbu, nodro\u0161inot skaidru un atsauc\u012bgu sk\u0101rienu pieredzi.<\/span><\/li>\n<\/ul>\n<h3 data-sourcepos=\"12:1-12:37\">Pieteikumi:<\/h3>\n<ul>\n<li><span class=\"citation-3 recitation\">R\u016bpniecisk\u0101 automatiz\u0101cija:<\/span><span class=\"citation-3 recitation citation-end-3\"> PC sk\u0101rienekr\u0101ni tiek pla\u0161i izmantoti r\u016bpnieciskajos vad\u012bbas pane\u013cos un iek\u0101rt\u0101s, jo tie ir iztur\u012bgi un notur\u012bgi pret skarbiem apst\u0101k\u013ciem.<\/span><\/li>\n<li>\u0100ra kioski: Datoru sk\u0101rienekr\u0101ni ir piem\u0113roti \u0101ra kioskiem un inform\u0101cijas termin\u0101liem, jo tie ir iztur\u012bgi pret laikapst\u0101k\u013cu iedarb\u012bbu.<\/li>\n<li>Automobi\u013cu nozare: Automobi\u013cu inform\u0101cijas un izklaides sist\u0113m\u0101s un navig\u0101cijas ekr\u0101nos, kur b\u016btiska ir iztur\u012bba un temperat\u016bras iztur\u012bba.<\/li>\n<li><span class=\"citation-4 recitation\">Medic\u012bnisk\u0101s ier\u012bces:<\/span><span class=\"citation-4 recitation citation-end-4\"> Datora sk\u0101rienekr\u0101ni ir izmantoti medic\u012bnas iek\u0101rt\u0101s, piem\u0113ram, diagnostikas ier\u012bc\u0113s un pacientu uzraudz\u012bbas sist\u0113m\u0101s.<\/span><\/li>\n<\/ul>\n<h3 data-sourcepos=\"19:1-19:44\">PMMA un datora sk\u0101rienekr\u0101nu sal\u012bdzin\u0101jums:<\/h3>\n<div class=\"horizontal-scroll-wrapper\">\n<div class=\"table-block-component\">\n<div class=\"table-block\">\n<div class=\"table-content not-end-of-paragraph\">\n<table style=\"height: 170px;\" width=\"612\" data-sourcepos=\"21:1-27:25\">\n<tbody>\n<tr data-sourcepos=\"21:1-21:23\">\n<th data-sourcepos=\"21:1-21:9\">Funkcija<\/th>\n<th data-sourcepos=\"21:11-21:16\">PMMA<\/th>\n<th data-sourcepos=\"21:18-21:21\">DATORS<\/th>\n<\/tr>\n<tr data-sourcepos=\"23:1-23:40\">\n<td data-sourcepos=\"23:1-23:19\">Triecieniztur\u012bba<\/td>\n<td data-sourcepos=\"23:21-23:26\">Labi<\/td>\n<td data-sourcepos=\"23:28-23:38\">Lielisks<\/td>\n<\/tr>\n<tr data-sourcepos=\"24:1-24:45\">\n<td data-sourcepos=\"24:1-24:24\">Iztur\u012bba pret temperat\u016bru<\/td>\n<td data-sourcepos=\"24:26-24:31\">Labi<\/td>\n<td data-sourcepos=\"24:33-24:43\">Lielisks<\/td>\n<\/tr>\n<tr data-sourcepos=\"25:1-25:42\">\n<td data-sourcepos=\"25:1-25:21\">\u0136\u012bmisk\u0101 iztur\u012bba<\/td>\n<td data-sourcepos=\"25:23-25:28\">Labi<\/td>\n<td data-sourcepos=\"25:30-25:40\">Lielisks<\/td>\n<\/tr>\n<tr data-sourcepos=\"26:1-26:38\">\n<td data-sourcepos=\"26:1-26:17\">Optisk\u0101 skaidr\u012bba<\/td>\n<td data-sourcepos=\"26:19-26:29\">Lielisks<\/td>\n<td data-sourcepos=\"26:31-26:36\">Labi<\/td>\n<\/tr>\n<tr data-sourcepos=\"27:1-27:25\">\n<td data-sourcepos=\"27:1-27:6\">Izmaksas<\/td>\n<td data-sourcepos=\"27:8-27:14\">Apak\u0161\u0113j\u0101<\/td>\n<td data-sourcepos=\"27:16-27:23\">Augst\u0101k\u0101<\/td>\n<\/tr>\n<\/tbody>\n<\/table>\n<\/div>\n<\/div>\n<\/div>\n<\/div>","protected":false},"excerpt":{"rendered":"<p>PC (polikarbon\u0101ta) sk\u0101rienekr\u0101ni ir v\u0113l viens popul\u0101rs elektronisko ier\u012b\u010du risin\u0101jums, kas nodro\u0161ina lielisku iztur\u012bbu un triecieniztur\u012bbu. Tos bie\u017ei izmanto lietojumprogramm\u0101s, kur ir b\u016btiska iztur\u012bba un robustums.<\/p>\n<p>T\u0101tad gan PMMA, gan PC sk\u0101rienekr\u0101ni nodro\u0161ina izcilu veiktsp\u0113ju un iztur\u012bbu. Izv\u0113le starp abiem materi\u0101liem ir atkar\u012bga no konkr\u0113t\u0101 lietojuma \u012bpa\u0161aj\u0101m pras\u012bb\u0101m. PMMA parasti ir rentabl\u0101ks un nodro\u0161ina lielisku optisko skaidr\u012bbu, savuk\u0101rt PC ir paz\u012bstams ar savu izcilo triecieniztur\u012bbu un temperat\u016bras iztur\u012bbu.<\/p>","protected":false},"featured_media":2180,"template":"","meta":[],"product_cat":[43],"product_tag":[],"_links":{"self":[{"href":"https:\/\/touchscreenmfg.com\/lv\/wp-json\/wp\/v2\/product\/2179"}],"collection":[{"href":"https:\/\/touchscreenmfg.com\/lv\/wp-json\/wp\/v2\/product"}],"about":[{"href":"https:\/\/touchscreenmfg.com\/lv\/wp-json\/wp\/v2\/types\/product"}],"wp:featuredmedia":[{"embeddable":true,"href":"https:\/\/touchscreenmfg.com\/lv\/wp-json\/wp\/v2\/media\/2180"}],"wp:attachment":[{"href":"https:\/\/touchscreenmfg.com\/lv\/wp-json\/wp\/v2\/media?parent=2179"}],"wp:term":[{"taxonomy":"product_cat","embeddable":true,"href":"https:\/\/touchscreenmfg.com\/lv\/wp-json\/wp\/v2\/product_cat?post=2179"},{"taxonomy":"product_tag","embeddable":true,"href":"https:\/\/touchscreenmfg.com\/lv\/wp-json\/wp\/v2\/product_tag?post=2179"}],"curies":[{"name":"wp","href":"https:\/\/api.w.org\/{rel}","templated":true}]}}