{"id":2177,"date":"2024-09-20T08:00:55","date_gmt":"2024-09-20T08:00:55","guid":{"rendered":"https:\/\/touchscreenmfg.com\/?post_type=product&#038;p=2177"},"modified":"2025-03-15T09:13:16","modified_gmt":"2025-03-15T09:13:16","slug":"pmma-touch-screen","status":"publish","type":"product","link":"https:\/\/touchscreenmfg.com\/lv\/pmma-touch-screen\/","title":{"rendered":"PMMA sk\u0101rienekr\u0101ns"},"content":{"rendered":"<h2>PMMA sk\u0101rienekr\u0101ni: Skaidra un atsauc\u012bga izv\u0113le<\/h2>\n<h3 data-sourcepos=\"5:1-5:38\">Galven\u0101s priek\u0161roc\u012bbas:<\/h3>\n<ul data-sourcepos=\"7:1-8:61\">\n<li data-sourcepos=\"7:1-7:108\">Augsta p\u0101rredzam\u012bba: <a href=\"https:\/\/nylon-granules.com\/acrylic-sheet\/\" target=\"_blank\" rel=\"noopener\">PMMA<\/a> nodro\u0161ina lielisku skaidr\u012bbu un redzam\u012bbu, nodro\u0161inot skaidru un skaidru displeju.<\/li>\n<li data-sourcepos=\"8:1-8:61\">Viegls svars: PMMA ir sal\u012bdzino\u0161i viegls materi\u0101ls, t\u0101p\u0113c tas ir piem\u0113rots p\u0101rn\u0113s\u0101jam\u0101m ier\u012bc\u0113m.<\/li>\n<li data-sourcepos=\"9:1-9:97\">Iztur\u012bba pret skr\u0101p\u0113jumiem: PMMA nodro\u0161ina labu iztur\u012bbu pret skr\u0101p\u0113jumiem, aizsarg\u0101jot ekr\u0101nu no boj\u0101jumiem.<\/li>\n<li data-sourcepos=\"10:1-10:29\">\u0136\u012bmisk\u0101 iztur\u012bba: PMMA ir iztur\u012bgs pret da\u017e\u0101d\u0101m \u0137imik\u0101lij\u0101m, t\u0101p\u0113c tas ir piem\u0113rots lieto\u0161anai skarb\u0101 vid\u0113.<\/li>\n<li data-sourcepos=\"11:1-12:0\">Rentabilit\u0101te: PMMA parasti ir rentabl\u0101ks sal\u012bdzin\u0101jum\u0101 ar citiem materi\u0101liem, piem\u0113ram, stiklu.<\/li>\n<\/ul>\n<h3 data-sourcepos=\"13:1-13:39\">Pieteikumi:<\/h3>\n<ul data-sourcepos=\"15:1-17:89\">\n<li data-sourcepos=\"15:1-15:170\">Viedt\u0101lru\u0146i un plan\u0161etdatori: PMMA parasti izmanto viedt\u0101lru\u0146u un plan\u0161etdatoru sk\u0101rienekr\u0101nos, jo tas apvieno caursp\u012bd\u012bgumu, iztur\u012bbu un rentabilit\u0101ti.<\/li>\n<li data-sourcepos=\"16:1-16:150\">P\u0101rdo\u0161anas punktu (POS) sist\u0113mas: PMMA sk\u0101rienekr\u0101ni tiek pla\u0161i izmantoti mazumtirdzniec\u012bbas un viesm\u012bl\u012bbas nozar\u0113s, lai nodro\u0161in\u0101tu mijiedarb\u012bbu ar klientiem un veiktu dar\u012bjumus.<\/li>\n<li data-sourcepos=\"17:1-17:89\">R\u016bpniecisk\u0101 automatiz\u0101cija: PMMA sk\u0101rienekr\u0101nus izmanto r\u016bpnieciskajos vad\u012bbas pane\u013cos un iek\u0101rt\u0101s operatora ievades vajadz\u012bb\u0101m.<\/li>\n<li data-sourcepos=\"18:1-19:0\">Medic\u012bnisk\u0101s ier\u012bces: PMMA sk\u0101rienekr\u0101nus izmanto medic\u012bnas iek\u0101rt\u0101s, piem\u0113ram, diagnostikas ier\u012bc\u0113s un pacientu uzraudz\u012bbas sist\u0113m\u0101s.<\/li>\n<\/ul>\n<h3 data-sourcepos=\"20:1-20:68\">Lai gan PMMA ir daudz priek\u0161roc\u012bbu, tam ir ar\u012b da\u017ei ierobe\u017eojumi:<\/h3>\n<ul data-sourcepos=\"22:1-24:0\">\n<li data-sourcepos=\"22:1-22:86\">Cietums: PMMA nav tik ciets k\u0101 stikls, t\u0101p\u0113c tas ir jut\u012bg\u0101ks pret skr\u0101p\u0113jumiem.<\/li>\n<li data-sourcepos=\"23:1-24:0\">Temperat\u016bras jut\u012bba: PMMA var ietekm\u0113t ekstrem\u0101las temperat\u016bras, kas var ietekm\u0113t t\u0101 veiktsp\u0113ju.<\/li>\n<\/ul>","protected":false},"excerpt":{"rendered":"<p data-sourcepos=\"3:1-3:93\">PMMA jeb polimetilmetakril\u0101ts ir popul\u0101rs materi\u0101ls sk\u0101rienj\u016bt\u012bgajiem ekr\u0101niem, jo tam ir lieliskas optisk\u0101s \u012bpa\u0161\u012bbas un iztur\u012bba. PMMA sk\u0101rienekr\u0101ni ir skaidrs, atsauc\u012bgs un rentabls risin\u0101jums da\u017e\u0101d\u0101m elektronisk\u0101m ier\u012bc\u0113m.<\/p>\n<p data-sourcepos=\"3:1-3:93\">Kopum\u0101 PMMA sk\u0101rienekr\u0101ni ir uzticams un rentabls risin\u0101jums pla\u0161am lietojumu kl\u0101stam. To skaidr\u012bbas, iztur\u012bbas un pieejam\u012bbas kombin\u0101cija padara tos par popul\u0101ru izv\u0113li elektronikas nozar\u0113.<\/p>","protected":false},"featured_media":2178,"template":"","meta":[],"product_cat":[43],"product_tag":[],"_links":{"self":[{"href":"https:\/\/touchscreenmfg.com\/lv\/wp-json\/wp\/v2\/product\/2177"}],"collection":[{"href":"https:\/\/touchscreenmfg.com\/lv\/wp-json\/wp\/v2\/product"}],"about":[{"href":"https:\/\/touchscreenmfg.com\/lv\/wp-json\/wp\/v2\/types\/product"}],"wp:featuredmedia":[{"embeddable":true,"href":"https:\/\/touchscreenmfg.com\/lv\/wp-json\/wp\/v2\/media\/2178"}],"wp:attachment":[{"href":"https:\/\/touchscreenmfg.com\/lv\/wp-json\/wp\/v2\/media?parent=2177"}],"wp:term":[{"taxonomy":"product_cat","embeddable":true,"href":"https:\/\/touchscreenmfg.com\/lv\/wp-json\/wp\/v2\/product_cat?post=2177"},{"taxonomy":"product_tag","embeddable":true,"href":"https:\/\/touchscreenmfg.com\/lv\/wp-json\/wp\/v2\/product_tag?post=2177"}],"curies":[{"name":"wp","href":"https:\/\/api.w.org\/{rel}","templated":true}]}}