{"id":1877,"date":"2024-08-07T02:50:04","date_gmt":"2024-08-07T02:50:04","guid":{"rendered":"https:\/\/touchscreenmfg.com\/?post_type=product&#038;p=1877"},"modified":"2024-08-07T03:01:34","modified_gmt":"2024-08-07T03:01:34","slug":"controller-touch-switch","status":"publish","type":"product","link":"https:\/\/touchscreenmfg.com\/lv\/controller-touch-switch\/","title":{"rendered":"Vad\u012bt\u0101ja sk\u0101rienpane\u013ca sl\u0113dzis"},"content":{"rendered":"<h3 class=\"\" data-sourcepos=\"11:1-11:45\">Pieteikumi<\/h3>\n<p data-sourcepos=\"13:1-13:71\">Vad\u012bbas sl\u0113d\u017ei ar piesk\u0101rienu var atrast pielietojumu daudz\u0101s nozar\u0113s:<\/p>\n<ul data-sourcepos=\"15:1-20:0\">\n<li data-sourcepos=\"15:1-15:84\"><strong>Pla\u0161a pat\u0113ri\u0146a elektronika:<\/strong> Viedt\u0101lru\u0146i, plan\u0161etdatori, viedpulkste\u0146i un sp\u0113\u013cu konsoles.<\/li>\n<li data-sourcepos=\"16:1-16:88\"><strong>Automobi\u013cu nozare:<\/strong> Inform\u0101cijas un izklaides sist\u0113mas, klimata kontroles pane\u013ci un instrumentu pane\u013ci.<\/li>\n<li data-sourcepos=\"17:1-17:85\"><strong>R\u016bpniecisk\u0101 automatiz\u0101cija:<\/strong> Ma\u0161\u012bnu vad\u012bbas pane\u013ci, cilv\u0113ka un ma\u0161\u012bnas saskarnes (HMI).<\/li>\n<li data-sourcepos=\"18:1-18:72\"><strong>Sadz\u012bves tehnika:<\/strong> Vied\u0101s cepe\u0161kr\u0101snis, ledusskapji un ve\u013cas mazg\u0101jam\u0101s ma\u0161\u012bnas.<\/li>\n<li data-sourcepos=\"19:1-20:0\"><strong>Medic\u012bniskais apr\u012bkojums:<\/strong> Diagnostikas iek\u0101rtas, pacientu uzraudz\u012bbas sist\u0113mas.<\/li>\n<\/ul>\n<h3 class=\"\" data-sourcepos=\"21:1-21:41\">Ieguvumi<\/h3>\n<ul data-sourcepos=\"23:1-28:0\">\n<li data-sourcepos=\"23:1-23:81\"><strong>Intuit\u012bva lietot\u0101ja saskarne:<\/strong> Nodro\u0161ina dabisku un lietot\u0101jam draudz\u012bgu mijiedarb\u012bbu.<\/li>\n<li data-sourcepos=\"24:1-24:71\"><strong>Elegants dizains:<\/strong> Veicina m\u016bsdien\u012bgu un est\u0113tisku izstr\u0101d\u0101jumu dizainu.<\/li>\n<li data-sourcepos=\"25:1-25:65\"><strong>Iztur\u012bba:<\/strong> Iztur\u012bgs pret nodilumu, kas nodro\u0161ina ilgm\u016b\u017e\u012bbu.<\/li>\n<li data-sourcepos=\"26:1-26:83\"><strong>Piel\u0101go\u0161ana:<\/strong> Var piel\u0101got konkr\u0113t\u0101m lietojumprogramm\u0101m un lietot\u0101ju v\u0113lm\u0113m.<\/li>\n<li data-sourcepos=\"27:1-28:0\"><strong>Higi\u0113na:<\/strong> Viegl\u0101k t\u012br\u0101ms sal\u012bdzin\u0101jum\u0101 ar fiziskaj\u0101m pog\u0101m.<\/li>\n<\/ul>","protected":false},"excerpt":{"rendered":"<p>Vad\u012bbas ier\u012bces sk\u0101rienj\u016bt\u012bgais sl\u0113dzis ir lietot\u0101ja saskarne, kas rea\u0123\u0113 uz sk\u0101rienj\u016bt\u012bgu ievadi, \u013caujot kontrol\u0113t da\u017e\u0101das ier\u012bces un sist\u0113mas. \u0160\u012b tehnolo\u0123ija ir revolucioniz\u0113jusi m\u016bsu mijiedarb\u012bbu ar elektroniku, pied\u0101v\u0101jot nevainojamu un intuit\u012bvu pieredzi.<\/p>","protected":false},"featured_media":1878,"template":"","meta":[],"product_cat":[42],"product_tag":[],"_links":{"self":[{"href":"https:\/\/touchscreenmfg.com\/lv\/wp-json\/wp\/v2\/product\/1877"}],"collection":[{"href":"https:\/\/touchscreenmfg.com\/lv\/wp-json\/wp\/v2\/product"}],"about":[{"href":"https:\/\/touchscreenmfg.com\/lv\/wp-json\/wp\/v2\/types\/product"}],"wp:featuredmedia":[{"embeddable":true,"href":"https:\/\/touchscreenmfg.com\/lv\/wp-json\/wp\/v2\/media\/1878"}],"wp:attachment":[{"href":"https:\/\/touchscreenmfg.com\/lv\/wp-json\/wp\/v2\/media?parent=1877"}],"wp:term":[{"taxonomy":"product_cat","embeddable":true,"href":"https:\/\/touchscreenmfg.com\/lv\/wp-json\/wp\/v2\/product_cat?post=1877"},{"taxonomy":"product_tag","embeddable":true,"href":"https:\/\/touchscreenmfg.com\/lv\/wp-json\/wp\/v2\/product_tag?post=1877"}],"curies":[{"name":"wp","href":"https:\/\/api.w.org\/{rel}","templated":true}]}}