{"id":1862,"date":"2024-08-07T02:42:39","date_gmt":"2024-08-07T02:42:39","guid":{"rendered":"https:\/\/touchscreenmfg.com\/?post_type=product&#038;p=1862"},"modified":"2024-08-07T02:54:53","modified_gmt":"2024-08-07T02:54:53","slug":"car-center-console-touch-film","status":"publish","type":"product","link":"https:\/\/touchscreenmfg.com\/lv\/car-center-console-touch-film\/","title":{"rendered":"Auto centr\u0101l\u0101s konsoles sk\u0101rienpl\u0113ve"},"content":{"rendered":"<h3><strong>Sk\u0101rienpl\u0113ves lietojumprogrammas<\/strong><\/h3>\n<p id=\"tw-target-text\" class=\"tw-data-text tw-text-large tw-ta\" dir=\"ltr\" data-placeholder=\"Translation\" aria-label=\"Tulkotais teksts\" data-ved=\"2ahUKEwie_Z3B7OGHAxW_bfUHHYxgEGkQ3ewLegQIERAU\"><span class=\"Y2IQFc\" lang=\"en\">Pa\u0161kapacit\u0101te nosaka, vai pirksts pieskaras elektrodam, konstat\u0113jot elektrostatisk\u0101s kapacit\u0101tes izmai\u0146as. Kapacit\u0101te tiek sken\u0113ta un konstat\u0113ta saska\u0146\u0101 ar noteiktu ciklu. P\u0113c izm\u0113r\u012bt\u0101s v\u0113rt\u012bbas izmai\u0146\u0101m var noteikt, vai pirksts pieskaras elektrodam. MCU veic ciklus saska\u0146\u0101 ar noteiktu ciklu. Elektroda kapacit\u0101te tiek sken\u0113ta un konstat\u0113ta. Kad pirksts atrodas prom no elektroda, kapacit\u0101tes v\u0113rt\u012bba saglab\u0101jas stabila skait\u012b\u0161anas v\u0113rt\u012bba. Kad pirksts pietuvojas kapacit\u0101tes v\u0113rt\u012bbai vai pieskaras tai, kapacit\u0101tes v\u0113rt\u012bba palielin\u0101s un skait\u012b\u0161anas v\u0113rt\u012bba palielin\u0101s. Kad pirksts att\u0101lin\u0101s no elektroda, kapacit\u0101tes v\u0113rt\u012bba samazin\u0101s par skait\u012b\u0161anas v\u0113rt\u012bbu. Skait\u012b\u0161anas v\u0113rt\u012bbu, kas samazin\u0101s un saglab\u0101jas stabila, kad pirksts atrodas prom no elektroda, sauc par b\u0101zes v\u0113rt\u012bbu. \u0160ai b\u0101zes v\u0113rt\u012bbai uzliek robe\u017ev\u0113rt\u012bbu k\u0101 kritisko v\u0113rt\u012bbu. Ja skait\u012b\u0161anas v\u0113rt\u012bba ir liel\u0101ka par \u0161o kritisko v\u0113rt\u012bbu, ir iesl\u0113gts sprie\u0161anas sl\u0113dzis. Ja skait\u012b\u0161anas v\u0113rt\u012bba ir zem\u0101ka par \u0161o kritisko v\u0113rt\u012bbu, sl\u0113dzis tiek uzskat\u012bts par izsl\u0113gtu.<\/span><\/p>","protected":false},"excerpt":{"rendered":"<h3 id=\"tw-target-text\" class=\"tw-data-text tw-text-large tw-ta\" dir=\"ltr\" data-placeholder=\"Translation\" aria-label=\"Tulkotais teksts\" data-ved=\"2ahUKEwie_Z3B7OGHAxW_bfUHHYxgEGkQ3ewLegQIERAU\"><strong><span class=\"Y2IQFc\" lang=\"en\">Sk\u0101rienpl\u0113ves ievie\u0161anas princips<\/span><\/strong><\/h3>\n<p>L\u0101di\u0146a kust\u012bbas \u0101trums ir konstants, t\u0101p\u0113c, jo liel\u0101ka ir kapacit\u0101te, jo ilg\u0101ks ir uzl\u0101des un izl\u0101des laiks un liel\u0101ks str\u0101vas daudzums. T\u0101p\u0113c, lai spriestu par kondensatora lielumu, varam izmantot uzl\u0101des un izl\u0101des laika ilgumu un uzl\u0101des un izl\u0101des str\u0101vas lielumu. , Kam\u0113r ir st\u0101voklis, ko m\u0113s varam sasniegt un sav\u0101kt stabilas st\u0101vok\u013ca izmai\u0146as, m\u0113s varam izmantot \u0161\u012bs izmai\u0146as, lai \u012bstenotu p\u0101rsl\u0113g\u0161anas sign\u0101lu.<\/p>","protected":false},"featured_media":1863,"template":"","meta":[],"product_cat":[42],"product_tag":[],"_links":{"self":[{"href":"https:\/\/touchscreenmfg.com\/lv\/wp-json\/wp\/v2\/product\/1862"}],"collection":[{"href":"https:\/\/touchscreenmfg.com\/lv\/wp-json\/wp\/v2\/product"}],"about":[{"href":"https:\/\/touchscreenmfg.com\/lv\/wp-json\/wp\/v2\/types\/product"}],"wp:featuredmedia":[{"embeddable":true,"href":"https:\/\/touchscreenmfg.com\/lv\/wp-json\/wp\/v2\/media\/1863"}],"wp:attachment":[{"href":"https:\/\/touchscreenmfg.com\/lv\/wp-json\/wp\/v2\/media?parent=1862"}],"wp:term":[{"taxonomy":"product_cat","embeddable":true,"href":"https:\/\/touchscreenmfg.com\/lv\/wp-json\/wp\/v2\/product_cat?post=1862"},{"taxonomy":"product_tag","embeddable":true,"href":"https:\/\/touchscreenmfg.com\/lv\/wp-json\/wp\/v2\/product_tag?post=1862"}],"curies":[{"name":"wp","href":"https:\/\/api.w.org\/{rel}","templated":true}]}}