{"id":1627,"date":"2024-06-29T01:18:12","date_gmt":"2024-06-29T01:18:12","guid":{"rendered":"https:\/\/touchscreenmfg.com\/?post_type=product&#038;p=1627"},"modified":"2024-06-29T01:50:18","modified_gmt":"2024-06-29T01:50:18","slug":"planar-resistive-touch-screen","status":"publish","type":"product","link":"https:\/\/touchscreenmfg.com\/lv\/planar-resistive-touch-screen\/","title":{"rendered":"Plan\u0101rais rezist\u012bvais sk\u0101rienekr\u0101ns"},"content":{"rendered":"<p data-sourcepos=\"3:1-3:111\">Plan\u0101rie rezist\u012bvie sk\u0101rienekr\u0101ni ir p\u0101rbaud\u012bts un rentabls risin\u0101jums sk\u0101rienjut\u012bgiem lietojumiem. \u0160ajos iztur\u012bgajos sk\u0101rienekr\u0101nos ir izmantots spiedienjut\u012bgs sl\u0101nis, kas rea\u0123\u0113 uz fizisku kontaktu, nodro\u0161inot uzticamu un intuit\u012bvu sk\u0101rienu pieredzi.<\/p>\n<p data-sourcepos=\"5:1-5:51\"><strong>Galven\u0101s funkcijas:<\/strong><\/p>\n<ul data-sourcepos=\"7:1-9:11\">\n<li data-sourcepos=\"7:1-8:0\">\n<p data-sourcepos=\"7:3-7:185\"><strong>Prec\u012bza un atsauc\u012bga sk\u0101rienu atpaz\u012b\u0161ana:<\/strong> Plan\u0101rie rezist\u012bvie sk\u0101rienekr\u0101ni nodro\u0161ina prec\u012bzu sk\u0101rienu noteik\u0161anu, nodro\u0161inot prec\u012bzu un atsauc\u012bgu mijiedarb\u012bbu ar sk\u0101rienekr\u0101na displejiem.<\/p>\n<\/li>\n<li data-sourcepos=\"9:1-9:11\">\n<p data-sourcepos=\"9:3-9:11\"><strong>Iztur\u012bga konstrukcija:<\/strong> Rezist\u012bvo sk\u0101rienekr\u0101nu iztur\u012bgais dizains ir iztur\u012bgs pret intens\u012bvu lieto\u0161anu un skarb\u0101m vides apst\u0101k\u013ciem, t\u0101p\u0113c tie ir ide\u0101li piem\u0113roti komerci\u0101liem un r\u016bpnieciskiem lietojumiem.<\/p>\n<\/li>\n<li data-sourcepos=\"11:1-11:27\">\n<p data-sourcepos=\"11:3-11:27\"><strong>Rentabls risin\u0101jums:<\/strong> Sal\u012bdzinot ar kapacitat\u012bvajiem sk\u0101rienekr\u0101niem, uz spiedienu balst\u012btie sk\u0101rienekr\u0101ni ir pieejam\u0101ks risin\u0101jums, jo \u012bpa\u0161i liel\u0101ka izm\u0113ra displejiem.<\/p>\n<\/li>\n<\/ul>\n<p data-sourcepos=\"13:1-13:51\"><strong>Pieteikumi:<\/strong><\/p>\n<ul data-sourcepos=\"15:1-18:0\">\n<li data-sourcepos=\"15:1-16:0\">\n<p data-sourcepos=\"15:3-15:180\"><strong>P\u0101rdo\u0161anas punktu (POS) sist\u0113mas:<\/strong> Rezist\u012bvie sk\u0101rienekr\u0101ni tiek pla\u0161i izmantoti POS sist\u0113m\u0101s, jo tie ir uzticami, pieejami un sp\u0113j iztur\u0113t bie\u017eus piesk\u0101rienus.<\/p>\n<\/li>\n<li data-sourcepos=\"17:1-18:0\">\n<p data-sourcepos=\"17:3-17:177\"><strong>R\u016bpnieciskie vad\u012bbas pane\u013ci:<\/strong> R\u016bpnieciskos apst\u0101k\u013cos rezist\u012bvie sk\u0101rienekr\u0101ni ir iztur\u012bgs un ilgsto\u0161s risin\u0101jums iek\u0101rtu vad\u012bbai un procesu uzraudz\u012bbai.<\/p>\n<\/li>\n<li data-sourcepos=\"19:1-20:0\">\n<p data-sourcepos=\"19:3-19:161\"><strong>Sabiedrisk\u0101s inform\u0101cijas kioski:<\/strong> Plan\u0101rie rezist\u012bvie sk\u0101rienekr\u0101ni nodro\u0161ina interakt\u012bvus publisk\u0101s inform\u0101cijas kioskus, pied\u0101v\u0101jot \u0113rtu navig\u0101ciju un piek\u013cuvi inform\u0101cijai.<\/p>\n<\/li>\n<li data-sourcepos=\"21:1-22:0\">\n<p data-sourcepos=\"21:3-21:176\"><strong>Izgl\u012btojo\u0161i stendi:<\/strong> Izgl\u012bt\u012bbas iest\u0101d\u0113s uz spiedienu balst\u012bti sk\u0101rienekr\u0101ni atvieglo interakt\u012bvu m\u0101c\u012bbu pieredzi un iesaista skol\u0113nus ar sk\u0101rieniem saist\u012bt\u0101s aktivit\u0101t\u0113s.<\/p>\n<\/li>\n<\/ul>","protected":false},"excerpt":{"rendered":"<p>Plan\u0101rie rezist\u012bvie sk\u0101rienekr\u0101ni joproj\u0101m ir popul\u0101ra izv\u0113le visda\u017e\u0101d\u0101kaj\u0101m lietojumprogramm\u0101m, jo tie ir uzticami, pieejami un iztur\u012bgi. Tie pied\u0101v\u0101 p\u0101rbaud\u012btu un rentablu risin\u0101jumu sk\u0101rienj\u016bt\u012bgiem displejiem, padarot tos par v\u0113rt\u012bgu l\u012bdzekli da\u017e\u0101d\u0101s nozar\u0113s un vid\u0113s.<\/p>","protected":false},"featured_media":1569,"template":"","meta":[],"product_cat":[41],"product_tag":[],"_links":{"self":[{"href":"https:\/\/touchscreenmfg.com\/lv\/wp-json\/wp\/v2\/product\/1627"}],"collection":[{"href":"https:\/\/touchscreenmfg.com\/lv\/wp-json\/wp\/v2\/product"}],"about":[{"href":"https:\/\/touchscreenmfg.com\/lv\/wp-json\/wp\/v2\/types\/product"}],"wp:featuredmedia":[{"embeddable":true,"href":"https:\/\/touchscreenmfg.com\/lv\/wp-json\/wp\/v2\/media\/1569"}],"wp:attachment":[{"href":"https:\/\/touchscreenmfg.com\/lv\/wp-json\/wp\/v2\/media?parent=1627"}],"wp:term":[{"taxonomy":"product_cat","embeddable":true,"href":"https:\/\/touchscreenmfg.com\/lv\/wp-json\/wp\/v2\/product_cat?post=1627"},{"taxonomy":"product_tag","embeddable":true,"href":"https:\/\/touchscreenmfg.com\/lv\/wp-json\/wp\/v2\/product_tag?post=1627"}],"curies":[{"name":"wp","href":"https:\/\/api.w.org\/{rel}","templated":true}]}}