{"id":1626,"date":"2024-06-29T01:13:20","date_gmt":"2024-06-29T01:13:20","guid":{"rendered":"https:\/\/touchscreenmfg.com\/?post_type=product&#038;p=1626"},"modified":"2024-06-29T02:10:54","modified_gmt":"2024-06-29T02:10:54","slug":"4-wire-resistive-touch-screens","status":"publish","type":"product","link":"https:\/\/touchscreenmfg.com\/lv\/4-wire-resistive-touch-screens\/","title":{"rendered":"4 vadu rezist\u012bvie sk\u0101rienekr\u0101ni"},"content":{"rendered":"<h2 class=\"\" data-sourcepos=\"4:1-4:104\">4 vadu rezist\u012bvie sk\u0101rienekr\u0101ni: Uzticama un rentabla interakt\u012bvo z\u012bmju interakt\u012bv\u0101 sk\u0101rienjut\u012bg\u0101 mijiedarb\u012bba ar sk\u0101rienjut\u012bgo ekr\u0101nu<\/h2>\n<p data-sourcepos=\"6:1-6:51\">4 vadu rezist\u012bvie sk\u0101rienekr\u0101ni ir p\u0101rbaud\u012bts un pieejams risin\u0101jums, lai rad\u012btu saisto\u0161us un interakt\u012bvus izk\u0101rt\u0146u risin\u0101jumus. \u0160ajos iztur\u012bgajos sk\u0101rienekr\u0101nos ir izmantots spiedienjut\u012bgs sl\u0101nis, kas rea\u0123\u0113 uz fizisku kontaktu, nodro\u0161inot intuit\u012bvu mijiedarb\u012bbu ar interakt\u012bvajiem displejiem.<\/p>\n<p data-sourcepos=\"8:1-8:51\"><strong>4 vadu rezist\u012bvo sk\u0101rienekr\u0101nu galven\u0101s funkcijas:<\/strong><\/p>\n<ul data-sourcepos=\"10:1-10:95\">\n<li data-sourcepos=\"10:1-10:95\">\n<p class=\"\" data-sourcepos=\"10:3-10:183\"><strong class=\"\">Prec\u012bza un atsauc\u012bga sk\u0101rienu atpaz\u012b\u0161ana:<\/strong> 4 vadu rezist\u012bvie sk\u0101rienekr\u0101ni nodro\u0161ina prec\u012bzu sk\u0101rienu noteik\u0161anu, nodro\u0161inot prec\u012bzu un \u0101tru mijiedarb\u012bbu ar interakt\u012bvaj\u0101m nor\u0101d\u0113m.<\/p>\n<\/li>\n<li data-sourcepos=\"12:1-13:0\">\n<p data-sourcepos=\"12:3-12:175\"><strong>Iztur\u012bga konstrukcija:<\/strong> 4 vadu rezist\u012bvo sk\u0101rienekr\u0101nu iztur\u012bgais dizains ir iztur\u012bgs pret intens\u012bvu lieto\u0161anu un nelabv\u0113l\u012bgu vidi, t\u0101p\u0113c tie ir ide\u0101li piem\u0113roti publisko izk\u0101rt\u0146u lietojumiem.<\/p>\n<\/li>\n<li data-sourcepos=\"14:1-15:0\">\n<p data-sourcepos=\"14:3-14:170\"><strong>Rentabls risin\u0101jums:<\/strong> Sal\u012bdzinot ar kapacitat\u012bvajiem sk\u0101rienekr\u0101niem, 4 vadu rezist\u012bvie sk\u0101rienekr\u0101ni ir pieejam\u0101ks risin\u0101jums, \u012bpa\u0161i liel\u0101ka izm\u0113ra displejiem.<\/p>\n<\/li>\n<\/ul>\n<p data-sourcepos=\"16:1-16:51\"><strong>4 vadu rezist\u012bvo sk\u0101rienekr\u0101nu lietojumprogrammas:<\/strong><\/p>\n<ul data-sourcepos=\"18:1-20:26\">\n<li data-sourcepos=\"18:1-19:0\">\n<p data-sourcepos=\"18:3-18:195\"><strong>Interakt\u012bv\u0101s digit\u0101l\u0101s izk\u0101rtnes:<\/strong> \u010cetru vadu rezist\u012bvie sk\u0101rienekr\u0101ni tiek pla\u0161i izmantoti interakt\u012bvaj\u0101s digit\u0101laj\u0101s izk\u0101rtn\u0113s, \u013caujot skat\u012bt\u0101jiem str\u0101d\u0101t ar saturu, izdar\u012bt izv\u0113li un piek\u013c\u016bt inform\u0101cijai.<\/p>\n<\/li>\n<li data-sourcepos=\"20:1-20:26\">\n<p data-sourcepos=\"20:3-20:26\"><strong>Mazumtirdzniec\u012bbas un viesm\u012bl\u012bbas displeji:<\/strong> Mazumtirdzniec\u012bbas un viesm\u012bl\u012bbas iest\u0101d\u0113s 4 vadu rezist\u012bvie sk\u0101rienekr\u0101ni uzlabo pa\u0161apkalpo\u0161an\u0101s kioskus, \u013caujot klientiem viegli p\u0101rl\u016bkot produktus, veikt pas\u016bt\u012bjumus un maks\u0101jumus.<\/p>\n<\/li>\n<li data-sourcepos=\"22:1-23:0\">\n<p data-sourcepos=\"22:3-22:194\"><strong>Sabiedrisk\u0101s inform\u0101cijas kioski:<\/strong> 4 vadu rezist\u012bvie sk\u0101rienekr\u0101ni atvieglo interakt\u012bvo publisk\u0101s inform\u0101cijas kiosku darb\u012bbu, nodro\u0161inot apmekl\u0113t\u0101jiem \u0113rtu piek\u013cuvi kart\u0113m, katalogiem un citai inform\u0101cijai.<\/p>\n<\/li>\n<li data-sourcepos=\"24:1-25:0\">\n<p data-sourcepos=\"24:3-24:196\"><strong>Muzeju un izst\u0101\u017eu ekspoz\u012bcijas:<\/strong> 4 vadu rezist\u012bvie sk\u0101rienjut\u012bgie ekr\u0101ni uzlabo muzeju un izst\u0101\u017eu ekspoz\u012bcijas, \u013caujot apmekl\u0113t\u0101jiem interakt\u012bvi p\u0113t\u012bt ekspon\u0101tus un uzzin\u0101t vair\u0101k par artefaktiem.<\/p>\n<\/li>\n<\/ul>","protected":false},"excerpt":{"rendered":"<p>4 vadu rezist\u012bvie sk\u0101rienekr\u0101ni joproj\u0101m ir popul\u0101ra izv\u0113le interakt\u012bvaj\u0101m nor\u0101d\u0113m, jo tie ir uzticami, pieejami un iztur\u012bgi. Tie pied\u0101v\u0101 p\u0101rbaud\u012btu un rentablu risin\u0101jumu sk\u0101rienj\u016bt\u012bgiem displejiem, padarot tos par v\u0113rt\u012bgu l\u012bdzekli da\u017e\u0101diem izk\u0101rt\u0146u lietojumiem.<\/p>","protected":false},"featured_media":1546,"template":"","meta":[],"product_cat":[41],"product_tag":[],"_links":{"self":[{"href":"https:\/\/touchscreenmfg.com\/lv\/wp-json\/wp\/v2\/product\/1626"}],"collection":[{"href":"https:\/\/touchscreenmfg.com\/lv\/wp-json\/wp\/v2\/product"}],"about":[{"href":"https:\/\/touchscreenmfg.com\/lv\/wp-json\/wp\/v2\/types\/product"}],"wp:featuredmedia":[{"embeddable":true,"href":"https:\/\/touchscreenmfg.com\/lv\/wp-json\/wp\/v2\/media\/1546"}],"wp:attachment":[{"href":"https:\/\/touchscreenmfg.com\/lv\/wp-json\/wp\/v2\/media?parent=1626"}],"wp:term":[{"taxonomy":"product_cat","embeddable":true,"href":"https:\/\/touchscreenmfg.com\/lv\/wp-json\/wp\/v2\/product_cat?post=1626"},{"taxonomy":"product_tag","embeddable":true,"href":"https:\/\/touchscreenmfg.com\/lv\/wp-json\/wp\/v2\/product_tag?post=1626"}],"curies":[{"name":"wp","href":"https:\/\/api.w.org\/{rel}","templated":true}]}}