{"id":1625,"date":"2024-06-29T01:12:48","date_gmt":"2024-06-29T01:12:48","guid":{"rendered":"https:\/\/touchscreenmfg.com\/?post_type=product&#038;p=1625"},"modified":"2024-06-29T02:14:44","modified_gmt":"2024-06-29T02:14:44","slug":"5-wire-resistive-touch-screens","status":"publish","type":"product","link":"https:\/\/touchscreenmfg.com\/lv\/5-wire-resistive-touch-screens\/","title":{"rendered":"5 vadu rezist\u012bvie sk\u0101rienekr\u0101ni"},"content":{"rendered":"<h2 class=\"\" data-sourcepos=\"1:1-1:95\">5 vadu rezist\u012bvie sk\u0101rienekr\u0101ni: Uzlabota interakt\u012bvo viedo t\u0101fe\u013cu un ekr\u0101nu iztur\u012bba<\/h2>\n<p data-sourcepos=\"3:1-3:87\">5 vadu rezist\u012bvie sk\u0101rienekr\u0101ni uzlabo interakt\u012bvo viedo t\u0101fe\u013cu un ekr\u0101nu interakt\u012bv\u0101s sk\u0101rienkartes mijiedarb\u012bbas pieredzi, pied\u0101v\u0101jot uzlabotu iztur\u012bbu, precizit\u0101ti un pieejam\u012bbu. \u0160ajos modernajos sk\u0101rienekr\u0101nos izmantota unik\u0101la konstrukcija ar papildu sensora vadu, kas nodro\u0161ina vair\u0101kas priek\u0161roc\u012bbas sal\u012bdzin\u0101jum\u0101 ar tradicion\u0101lajiem 4 vadu rezist\u012bvajiem sk\u0101rienekr\u0101niem.<\/p>\n<p data-sourcepos=\"5:1-5:51\"><strong>5 vadu rezist\u012bvo sk\u0101rienekr\u0101nu galven\u0101s funkcijas:<\/strong><\/p>\n<ul data-sourcepos=\"7:1-7:60\">\n<li data-sourcepos=\"7:1-7:60\">\n<p data-sourcepos=\"7:3-7:199\"><strong>Lieliska iztur\u012bba:<\/strong> Papildu sensora vads 5 vadu rezist\u012bvajos sk\u0101rienekr\u0101nos uzlabo iztur\u012bbu, padarot tos iztur\u012bgus pret skr\u0101p\u0113jumiem un pies\u0101r\u0146ojumu, kas ir ide\u0101li piem\u0113rots augstas satiksmes intensit\u0101tes vid\u0113m.<\/p>\n<\/li>\n<li data-sourcepos=\"9:1-9:45\">\n<p data-sourcepos=\"9:3-9:45\"><strong>Samazin\u0101ti malu izkrop\u013cojumi:<\/strong> Papildu vads pal\u012bdz kompens\u0113t malu izkrop\u013cojumus, kas ir bie\u017ei sastopama probl\u0113ma liel\u0101kos interakt\u012bvajos ekr\u0101nos, nodro\u0161inot vienm\u0113r\u012bgu sk\u0101rienu precizit\u0101ti vis\u0101 ekr\u0101n\u0101.<\/p>\n<\/li>\n<li data-sourcepos=\"11:1-12:0\">\n<p data-sourcepos=\"11:3-11:164\"><strong>Stabila veiktsp\u0113ja:<\/strong> 5 vadu rezist\u012bvie sk\u0101rienekr\u0101ni nodro\u0161ina stabilu darb\u012bbu pat sare\u017e\u0123\u012bt\u0101 vid\u0113, piem\u0113ram, vid\u0113 ar augstu apk\u0101rt\u0113j\u0101s gaismas vai putek\u013cu l\u012bmeni.<\/p>\n<\/li>\n<li data-sourcepos=\"13:1-14:0\">\n<p data-sourcepos=\"13:3-13:167\"><strong>Rentabls risin\u0101jums:<\/strong> Sal\u012bdzinot ar kapacitat\u012bvajiem sk\u0101rienekr\u0101niem, 5 vadu rezist\u012bvie sk\u0101rienekr\u0101ni ir rentabl\u0101ks risin\u0101jums lieliem interakt\u012bviem ekr\u0101niem.<\/p>\n<\/li>\n<\/ul>\n<p data-sourcepos=\"15:1-15:51\"><strong>5 vadu rezist\u012bvo sk\u0101rienekr\u0101nu lietojumprogrammas:<\/strong><\/p>\n<ul data-sourcepos=\"17:1-24:0\">\n<li data-sourcepos=\"17:1-18:0\">\n<p data-sourcepos=\"17:3-17:212\"><strong>Interakt\u012bv\u0101s vied\u0101s t\u0101feles:<\/strong> 5 vadu rezist\u012bvie sk\u0101rienekr\u0101ni ir ide\u0101li piem\u0113roti interakt\u012bvaj\u0101m viedaj\u0101m t\u0101fel\u0113m, ko izmanto klas\u0113s, konferen\u010du z\u0101l\u0113s un m\u0101c\u012bbu centros, nodro\u0161inot iesp\u0113ju m\u0101c\u012bties un prezent\u0113t prezent\u0101cijas sadarb\u012bb\u0101.<\/p>\n<\/li>\n<li data-sourcepos=\"19:1-20:0\">\n<p data-sourcepos=\"19:3-19:225\"><strong>Digit\u0101l\u0101s izk\u0101rtnes un kioski:<\/strong> Mazumtirdzniec\u012bbas, viesm\u012bl\u012bbas un sabiedriskaj\u0101s telp\u0101s 5 vadu rezist\u012bvie sk\u0101rienekr\u0101ni uzlabo digit\u0101l\u0101s izk\u0101rtnes un kioskus, \u013caujot lietot\u0101jiem mijiedarboties ar saturu, izdar\u012bt izv\u0113li un piek\u013c\u016bt inform\u0101cijai.<\/p>\n<\/li>\n<li data-sourcepos=\"21:1-22:0\">\n<p data-sourcepos=\"21:3-21:179\"><strong>R\u016bpniecisk\u0101s vad\u012bbas sist\u0113mas:<\/strong> 5 vadu rezist\u012bvie sk\u0101rienekr\u0101ni ir uzticams un iztur\u012bgs risin\u0101jums ma\u0161\u012bnu vad\u012bbai un procesu uzraudz\u012bbai r\u016bpniec\u012bb\u0101.<\/p>\n<\/li>\n<li data-sourcepos=\"23:1-24:0\">\n<p data-sourcepos=\"23:3-23:193\"><strong>Medic\u012bnisk\u0101s att\u0113lveido\u0161anas sist\u0113mas:<\/strong> 5 vadu rezist\u012bvo sk\u0101rienekr\u0101nu iztur\u012bba un precizit\u0101te padara tos piem\u0113rotus medic\u012bnisk\u0101m att\u0113lveido\u0161anas sist\u0113m\u0101m, \u013caujot \u0101rstiem prec\u012bzi mijiedarboties ar att\u0113liem.<\/p>\n<\/li>\n<\/ul>","protected":false},"excerpt":{"rendered":"<p>5 vadu rezist\u012bvie sk\u0101rienekr\u0101ni pied\u0101v\u0101 p\u0101rliecino\u0161u iztur\u012bbas, precizit\u0101tes un pieejam\u012bbas kombin\u0101ciju, padarot tos par ieteicamo izv\u0113li visda\u017e\u0101d\u0101kaj\u0101m interakt\u012bvo viedo t\u0101fe\u013cu un ekr\u0101nu lietojumprogramm\u0101m. Tie nodro\u0161ina uzticamu un rentablu risin\u0101jumu sk\u0101rienj\u016bt\u012bgiem displejiem, uzlabojot lietot\u0101ju iesaisti un produktivit\u0101ti da\u017e\u0101d\u0101s vid\u0113s.<\/p>","protected":false},"featured_media":1548,"template":"","meta":[],"product_cat":[41],"product_tag":[],"_links":{"self":[{"href":"https:\/\/touchscreenmfg.com\/lv\/wp-json\/wp\/v2\/product\/1625"}],"collection":[{"href":"https:\/\/touchscreenmfg.com\/lv\/wp-json\/wp\/v2\/product"}],"about":[{"href":"https:\/\/touchscreenmfg.com\/lv\/wp-json\/wp\/v2\/types\/product"}],"wp:featuredmedia":[{"embeddable":true,"href":"https:\/\/touchscreenmfg.com\/lv\/wp-json\/wp\/v2\/media\/1548"}],"wp:attachment":[{"href":"https:\/\/touchscreenmfg.com\/lv\/wp-json\/wp\/v2\/media?parent=1625"}],"wp:term":[{"taxonomy":"product_cat","embeddable":true,"href":"https:\/\/touchscreenmfg.com\/lv\/wp-json\/wp\/v2\/product_cat?post=1625"},{"taxonomy":"product_tag","embeddable":true,"href":"https:\/\/touchscreenmfg.com\/lv\/wp-json\/wp\/v2\/product_tag?post=1625"}],"curies":[{"name":"wp","href":"https:\/\/api.w.org\/{rel}","templated":true}]}}