{"id":1624,"date":"2024-06-29T01:09:51","date_gmt":"2024-06-29T01:09:51","guid":{"rendered":"https:\/\/touchscreenmfg.com\/?post_type=product&#038;p=1624"},"modified":"2024-06-29T02:07:12","modified_gmt":"2024-06-29T02:07:12","slug":"8-wire-resistive-touch-screens","status":"publish","type":"product","link":"https:\/\/touchscreenmfg.com\/lv\/8-wire-resistive-touch-screens\/","title":{"rendered":"8 vadu rezist\u012bvie sk\u0101rienekr\u0101ni"},"content":{"rendered":"<h2 class=\"\" data-sourcepos=\"1:1-1:78\">8 vadu rezist\u012bvie sk\u0101rienekr\u0101ni: Uzlabota precizit\u0101te sk\u0101rienekr\u0101na monitoriem ar sk\u0101rienj\u016bt\u012bgu ekr\u0101nu.<\/h2>\n<p data-sourcepos=\"3:1-3:106\">8 vadu rezist\u012bvie sk\u0101rienekr\u0101ni uzlabo sk\u0101rienekr\u0101nu monitoru sk\u0101rienjut\u012bg\u0101s mijiedarb\u012bbas pieredzi, pied\u0101v\u0101jot uzlabotu precizit\u0101ti, iztur\u012bbu un pieejam\u012bbu. \u0160ajos modernajos sk\u0101rienekr\u0101nos izmantota unik\u0101la konstrukcija ar papildu sensora vadiem, kas nodro\u0161ina vair\u0101kas priek\u0161roc\u012bbas sal\u012bdzin\u0101jum\u0101 ar tradicion\u0101lajiem 4 vadu rezist\u012bvajiem sk\u0101rienekr\u0101niem.<\/p>\n<p data-sourcepos=\"5:1-5:51\"><strong>8 vadu rezist\u012bvo sk\u0101rienekr\u0101nu galven\u0101s funkcijas:<\/strong><\/p>\n<ul data-sourcepos=\"7:1-7:94\">\n<li data-sourcepos=\"7:1-7:94\">\n<p data-sourcepos=\"7:3-7:186\"><strong>Lieliska precizit\u0101te:<\/strong> 8 vadu rezist\u012bvajos sk\u0101rienekr\u0101nos papildu sensora vadi nodro\u0161ina prec\u012bz\u0101ku piesk\u0101rienu noteik\u0161anu, t\u0101d\u0113j\u0101di nodro\u0161inot prec\u012bz\u0101ku un jut\u012bg\u0101ku piesk\u0101rienu pieredzi.<\/p>\n<\/li>\n<li data-sourcepos=\"9:1-9:103\">\n<p data-sourcepos=\"9:3-9:103\"><strong>Samazin\u0101ti malu izkrop\u013cojumi:<\/strong> Papildu vadi pal\u012bdz kompens\u0113t malu izkrop\u013cojumus, kas ir bie\u017ei sastopama probl\u0113ma liel\u0101kos sk\u0101rienekr\u0101na monitoros, nodro\u0161inot vienm\u0113r\u012bgu sk\u0101rienu precizit\u0101ti vis\u0101 ekr\u0101n\u0101.<\/p>\n<\/li>\n<li data-sourcepos=\"11:1-12:0\">\n<p data-sourcepos=\"11:3-11:164\"><strong>Stabila veiktsp\u0113ja:<\/strong> 8 vadu rezist\u012bvie sk\u0101rienekr\u0101ni nodro\u0161ina stabilu darb\u012bbu pat sare\u017e\u0123\u012bt\u0101 vid\u0113, piem\u0113ram, ar augstu apk\u0101rt\u0113j\u0101s gaismas vai putek\u013cu l\u012bmeni.<\/p>\n<\/li>\n<li data-sourcepos=\"13:1-14:0\">\n<p data-sourcepos=\"13:3-13:168\"><strong>Rentabls risin\u0101jums:<\/strong> Sal\u012bdzinot ar kapacitat\u012bvajiem sk\u0101rienekr\u0101niem, 8 vadu rezist\u012bvie sk\u0101rienekr\u0101ni ir rentabl\u0101ks risin\u0101jums lieliem sk\u0101rienekr\u0101nu monitoriem.<\/p>\n<\/li>\n<\/ul>\n<p data-sourcepos=\"15:1-15:51\"><strong>8 vadu rezist\u012bvo sk\u0101rienekr\u0101nu lietojumprogrammas:<\/strong><\/p>\n<ul data-sourcepos=\"17:1-17:32\">\n<li data-sourcepos=\"17:1-17:32\">\n<p class=\"\" data-sourcepos=\"17:3-17:213\"><strong class=\"\">Interakt\u012bvie plakanie pane\u013ci:<\/strong> 8 vadu rezist\u012bvie sk\u0101rienekr\u0101ni ir ide\u0101li piem\u0113roti interakt\u012bviem plakaniem pane\u013ciem, ko izmanto konferen\u010du z\u0101l\u0113s, klas\u0113s un sabiedrisk\u0101s telp\u0101s, nodro\u0161inot netrauc\u0113tu sadarb\u012bbu un inform\u0101cijas apmai\u0146u.<\/p>\n<\/li>\n<li data-sourcepos=\"19:1-20:0\">\n<p data-sourcepos=\"19:3-19:180\"><strong>R\u016bpniecisk\u0101s vad\u012bbas sist\u0113mas:<\/strong> R\u016bpniec\u012bb\u0101 8 vadu rezist\u012bvie sk\u0101rienekr\u0101ni ir uzticams un iztur\u012bgs risin\u0101jums iek\u0101rtu vad\u012bbai un procesu uzraudz\u012bbai.<\/p>\n<\/li>\n<li data-sourcepos=\"21:1-22:0\">\n<p data-sourcepos=\"21:3-21:217\"><strong>Mazumtirdzniec\u012bbas un viesm\u012bl\u012bbas kioski:<\/strong> 8 vadu rezist\u012bvie sk\u0101rienekr\u0101ni uzlabo pa\u0161apkalpo\u0161an\u0101s kioskus mazumtirdzniec\u012bbas un viesm\u012bl\u012bbas iest\u0101d\u0113s, \u013caujot klientiem viegli piek\u013c\u016bt inform\u0101cijai, veikt pas\u016bt\u012bjumus un maks\u0101jumus.<\/p>\n<\/li>\n<li data-sourcepos=\"23:1-24:0\">\n<p data-sourcepos=\"23:3-23:208\"><strong>Izgl\u012btojo\u0161i stendi:<\/strong> 8 vadu rezist\u012bvie sk\u0101rienekr\u0101ni atvieglo interakt\u012bvu m\u0101c\u012bbu pieredzi izgl\u012bt\u012bbas iest\u0101d\u0113s, iesaistot skol\u0113nus ar sk\u0101rieniem saist\u012bt\u0101s aktivit\u0101t\u0113s un uzlabojot vi\u0146u izpratni.<\/p>\n<\/li>\n<\/ul>","protected":false},"excerpt":{"rendered":"<p>8 vadu rezist\u012bvie sk\u0101rienekr\u0101ni pied\u0101v\u0101 p\u0101rliecino\u0161u precizit\u0101tes, iztur\u012bbas un pieejam\u012bbas kombin\u0101ciju, padarot tos par ieteicamu izv\u0113li visda\u017e\u0101d\u0101kajiem sk\u0101rienekr\u0101nu monitoru lietojumiem. Tie ir uzticams un rentabls interakt\u012bvo displeju risin\u0101jums, kas uzlabo lietot\u0101ju iesaisti un produktivit\u0101ti da\u017e\u0101d\u0101s vid\u0113s.<\/p>","protected":false},"featured_media":1550,"template":"","meta":[],"product_cat":[41],"product_tag":[],"_links":{"self":[{"href":"https:\/\/touchscreenmfg.com\/lv\/wp-json\/wp\/v2\/product\/1624"}],"collection":[{"href":"https:\/\/touchscreenmfg.com\/lv\/wp-json\/wp\/v2\/product"}],"about":[{"href":"https:\/\/touchscreenmfg.com\/lv\/wp-json\/wp\/v2\/types\/product"}],"wp:featuredmedia":[{"embeddable":true,"href":"https:\/\/touchscreenmfg.com\/lv\/wp-json\/wp\/v2\/media\/1550"}],"wp:attachment":[{"href":"https:\/\/touchscreenmfg.com\/lv\/wp-json\/wp\/v2\/media?parent=1624"}],"wp:term":[{"taxonomy":"product_cat","embeddable":true,"href":"https:\/\/touchscreenmfg.com\/lv\/wp-json\/wp\/v2\/product_cat?post=1624"},{"taxonomy":"product_tag","embeddable":true,"href":"https:\/\/touchscreenmfg.com\/lv\/wp-json\/wp\/v2\/product_tag?post=1624"}],"curies":[{"name":"wp","href":"https:\/\/api.w.org\/{rel}","templated":true}]}}