{"id":1621,"date":"2024-06-29T01:06:11","date_gmt":"2024-06-29T01:06:11","guid":{"rendered":"https:\/\/touchscreenmfg.com\/manufacturer\/pdp-display-cover-glass\/"},"modified":"2024-06-29T02:20:27","modified_gmt":"2024-06-29T02:20:27","slug":"pdp-display-cover-glass","status":"publish","type":"product","link":"https:\/\/touchscreenmfg.com\/lv\/pdp-display-cover-glass\/","title":{"rendered":"PDP displeja v\u0101ka stikls"},"content":{"rendered":"<p data-sourcepos=\"3:1-3:86\"><strong>Aizsarg\u0101jiet savu PDP displeju no skr\u0101p\u0113jumiem, atsp\u012bdumiem un boj\u0101jumiem<\/strong><\/p>\n<p data-sourcepos=\"5:1-5:157\">PDP Display Cover Glass ir aizsargsl\u0101nis, kas \u012bpa\u0161i izstr\u0101d\u0101ts PDP sp\u0113\u013cu ier\u012b\u010du displejiem. Tas potenci\u0101li var\u0113tu pied\u0101v\u0101t \u0161\u0101das funkcijas:<\/p>\n<ul data-sourcepos=\"7:1-7:36\">\n<li data-sourcepos=\"7:1-7:36\">\n<p class=\"\" data-sourcepos=\"7:3-7:285\"><strong class=\"\">Iztur\u012bba pret skr\u0101p\u0113jumiem un triecieniem:<\/strong> T\u0101pat k\u0101 r\u016bd\u012bta stikla ekr\u0101na aizsargstikls, PDP displeja aizsargstikls aizsarg\u0101 displeju no skr\u0101p\u0113jumiem, saskr\u0101p\u0113jumiem un nejau\u0161iem triecieniem. Tas ir \u012bpa\u0161i svar\u012bgi rokas sp\u0113\u013cu ier\u012bc\u0113m, kas ir vair\u0101k pak\u013cautas triecieniem un kritieniem.<\/p>\n<\/li>\n<li data-sourcepos=\"9:1-10:0\">\n<p data-sourcepos=\"9:3-9:168\"><strong>Uzlabota skaidr\u012bba:<\/strong> Augstas kvalit\u0101tes PDP displeja v\u0101ka stiklam ir j\u0101saglab\u0101 izcila optisk\u0101 skaidr\u012bba, nodro\u0161inot, ka sp\u0113\u013cu att\u0113li ir asi un neizkrop\u013coti.<\/p>\n<\/li>\n<li data-sourcepos=\"11:1-12:0\">\n<p data-sourcepos=\"11:3-11:242\"><strong>Iztur\u012bba pret atsp\u012bdumu:<\/strong> Ja PDP sp\u0113\u013cu ier\u012bcei ir sp\u012bd\u012bgs displejs, pret atsp\u012bdumiem iztur\u012bgs PDP displeja v\u0101ka stikls var pal\u012bdz\u0113t samazin\u0101t apk\u0101rt\u0113j\u0101s gaismas avotu rad\u012btos atsp\u012bdumus, uzlabojot ekr\u0101na redzam\u012bbu, \u012bpa\u0161i spilgti apgaismot\u0101 vid\u0113.<\/p>\n<\/li>\n<li data-sourcepos=\"13:1-13:44\">\n<p data-sourcepos=\"13:3-13:44\"><strong>Savietojam\u012bba ar sk\u0101rienpunktu:<\/strong> Ja PDP sp\u0113\u013cu ier\u012bcei ir sk\u0101rienj\u016bt\u012bgais displejs, v\u0101ka stiklam j\u0101b\u016bt sader\u012bgam ar sk\u0101rienj\u016bt\u012bgo ekr\u0101nu, lai nodro\u0161in\u0101tu netrauc\u0113tu mijiedarb\u012bbu ar sk\u0101rienj\u016bt\u012bgo ekr\u0101nu.<\/p>\n<\/li>\n<\/ul>","protected":false},"excerpt":{"rendered":"<p>PDP Display Cover Glass var\u0113tu b\u016bt v\u0113rt\u012bgs piederums sp\u0113l\u0113t\u0101jiem, kuri v\u0113las aizsarg\u0101t savas ier\u012bces displeju un saglab\u0101t optim\u0101lu sp\u0113\u013cu pieredzi.<\/p>","protected":false},"featured_media":1582,"template":"","meta":[],"product_cat":[15],"product_tag":[],"_links":{"self":[{"href":"https:\/\/touchscreenmfg.com\/lv\/wp-json\/wp\/v2\/product\/1621"}],"collection":[{"href":"https:\/\/touchscreenmfg.com\/lv\/wp-json\/wp\/v2\/product"}],"about":[{"href":"https:\/\/touchscreenmfg.com\/lv\/wp-json\/wp\/v2\/types\/product"}],"wp:featuredmedia":[{"embeddable":true,"href":"https:\/\/touchscreenmfg.com\/lv\/wp-json\/wp\/v2\/media\/1582"}],"wp:attachment":[{"href":"https:\/\/touchscreenmfg.com\/lv\/wp-json\/wp\/v2\/media?parent=1621"}],"wp:term":[{"taxonomy":"product_cat","embeddable":true,"href":"https:\/\/touchscreenmfg.com\/lv\/wp-json\/wp\/v2\/product_cat?post=1621"},{"taxonomy":"product_tag","embeddable":true,"href":"https:\/\/touchscreenmfg.com\/lv\/wp-json\/wp\/v2\/product_tag?post=1621"}],"curies":[{"name":"wp","href":"https:\/\/api.w.org\/{rel}","templated":true}]}}