{"id":1620,"date":"2024-06-29T01:06:11","date_gmt":"2024-06-29T01:06:11","guid":{"rendered":"https:\/\/touchscreenmfg.com\/manufacturer\/anti-reflective-glass\/"},"modified":"2024-06-29T02:25:34","modified_gmt":"2024-06-29T02:25:34","slug":"anti-reflective-glass","status":"publish","type":"product","link":"https:\/\/touchscreenmfg.com\/lv\/anti-reflective-glass\/","title":{"rendered":"Antireflekt\u012bvs stikls"},"content":{"rendered":"<h2 class=\"\" data-sourcepos=\"1:1-1:93\">Antireflekt\u012bvs stikls: Uzlabota skaidr\u012bba un samazin\u0101ts atsp\u012bdums, lai nodro\u0161in\u0101tu izcilu vizu\u0101lo pieredzi.<\/h2>\n<p data-sourcepos=\"3:1-3:52\">Antirefleksais stikls, kas paz\u012bstams ar\u012b k\u0101 antirefleksais stikls vai antirefleksais stikls, ir stikla veids, kas apstr\u0101d\u0101ts ar \u012bpa\u0161u p\u0101rkl\u0101jumu, lai samazin\u0101tu atsp\u012bdumus un uzlabotu gaismas caurlaid\u012bbu. \u0160is p\u0101rkl\u0101jums izjauc gaismas vi\u013c\u0146u atstaro\u0161anos, samazinot nev\u0113lamu atsp\u012bdumu un atsp\u012bdumu daudzumu, kas var trauc\u0113t skaidru skatu.<\/p>\n<p data-sourcepos=\"5:1-5:42\"><strong>Antireflekt\u012bv\u0101 stikla galven\u0101s funkcijas:<\/strong><\/p>\n<ul data-sourcepos=\"7:1-7:23\">\n<li data-sourcepos=\"7:1-7:23\">\n<p data-sourcepos=\"7:3-7:165\"><strong>Uzlabota skaidr\u012bba:<\/strong> AR stikls iev\u0113rojami samazina virsmas atstaro\u0161anos, \u013caujot skaidr\u0101k un prec\u012bz\u0101k apl\u016bkot aiz stikla eso\u0161os objektus vai att\u0113lus.<\/p>\n<\/li>\n<li data-sourcepos=\"9:1-9:46\">\n<p data-sourcepos=\"9:3-9:46\"><strong>Samazin\u0101ts acu sasprindzin\u0101jums:<\/strong> Samazinot atsp\u012bdumu, AR stikls pal\u012bdz samazin\u0101t acu spriedzi, padarot \u0113rt\u0101ku ilgsto\u0161u ekr\u0101nu, displeju un citu stikla virsmu skat\u012b\u0161anos.<\/p>\n<\/li>\n<li data-sourcepos=\"11:1-12:0\">\n<p data-sourcepos=\"11:3-11:135\"><strong>Uzlabota att\u0113la kvalit\u0101te:<\/strong> AR stikls uzlabo kop\u0113jo att\u0113la kvalit\u0101ti, samazinot atsp\u012bdumus, kas var izkrop\u013cot vai aiz\u0113not skatu.<\/p>\n<\/li>\n<\/ul>\n<p data-sourcepos=\"13:1-13:42\"><strong>Antireflekt\u012bv\u0101 stikla lietojumi:<\/strong><\/p>\n<ul data-sourcepos=\"15:1-17:28\">\n<li data-sourcepos=\"15:1-16:0\">\n<p data-sourcepos=\"15:3-15:165\"><strong>Bri\u013c\u013ci:<\/strong> AR p\u0101rkl\u0101jumus parasti izmanto bri\u013c\u013cu un saulesbrill\u0113s, lai samazin\u0101tu saules gaismas, lukturu un citu avotu rad\u012bto atsp\u012bdumu, t\u0101d\u0113j\u0101di uzlabojot redzam\u012bbu un komfortu.<\/p>\n<\/li>\n<li data-sourcepos=\"17:1-17:28\">\n<p data-sourcepos=\"17:3-17:28\"><strong>Elektronisk\u0101s ier\u012bces:<\/strong> AR stiklu pla\u0161i izmanto viedt\u0101lru\u0146os, plan\u0161etdatoros, kl\u0113pjdatoros un cit\u0101s elektroniskaj\u0101s ier\u012bc\u0113s, lai uzlabotu ekr\u0101na skaidr\u012bbu un mazin\u0101tu acu spriedzi.<\/p>\n<\/li>\n<li data-sourcepos=\"19:1-20:0\">\n<p data-sourcepos=\"19:3-19:163\"><strong>Muzeju un galeriju ekspoz\u012bcijas:<\/strong> AR stiklu izmanto muzeju un galeriju ekspoz\u012bcij\u0101s, lai pasarg\u0101tu m\u0101kslas darbus no atsp\u012bdumiem un nodro\u0161in\u0101tu skaidr\u0101ku skatu apmekl\u0113t\u0101jiem.<\/p>\n<\/li>\n<li data-sourcepos=\"21:1-22:0\">\n<p data-sourcepos=\"21:3-21:157\"><strong>Arhitekt\u016bras lietojumprogrammas:<\/strong> AR stiklu var izmantot logos, jumta logos un citos arhitekt\u016bras elementos, lai samazin\u0101tu atsp\u012bdumu un uzlabotu energoefektivit\u0101ti.<\/p>\n<\/li>\n<\/ul>\n<p data-sourcepos=\"23:1-23:316\"><strong>Pretatstarojo\u0161s r\u016bd\u012bts stikls<\/strong> ir AR stikla veids, kas ir ar\u012b pastiprin\u0101ts r\u016bd\u012b\u0161anas proces\u0101, padarot to iztur\u012bg\u0101ku pret boj\u0101jumiem un skr\u0101p\u0113jumiem. \u0160\u012b pretatstarojo\u0161o un aizsarg\u0101jo\u0161o \u012bpa\u0161\u012bbu kombin\u0101cija padara \u0161o stiklu par ide\u0101lu izv\u0113li lietojumiem, kur ir svar\u012bga gan skaidr\u012bba, gan iztur\u012bba.<\/p>\n<p data-sourcepos=\"25:1-25:141\"><strong>Antirefleksais stikls<\/strong> ir cits termins, kas apz\u012bm\u0113 antirefleks\u012bvo stiklu. To bie\u017ei lieto k\u0101 aizst\u0101jamu terminu ar \"AR stiklu\" un \"neatstarojo\u0161o stiklu\".<\/p>","protected":false},"excerpt":{"rendered":"<p>Antirefleksais stikls ir v\u0113rt\u012bga tehnolo\u0123ija, kas sniedz b\u016btiskas priek\u0161roc\u012bbas da\u017e\u0101diem lietojumiem. T\u0101 palielina skaidr\u012bbu, samazina atsp\u012bdumu un uzlabo est\u0113tiku, t\u0101p\u0113c t\u0101 ir ieteicama izv\u0113le situ\u0101cij\u0101s, kad ir svar\u012bga optim\u0101la redzam\u012bba un lietot\u0101ju \u0113rt\u012bbas.<\/p>","protected":false},"featured_media":1581,"template":"","meta":[],"product_cat":[15],"product_tag":[],"_links":{"self":[{"href":"https:\/\/touchscreenmfg.com\/lv\/wp-json\/wp\/v2\/product\/1620"}],"collection":[{"href":"https:\/\/touchscreenmfg.com\/lv\/wp-json\/wp\/v2\/product"}],"about":[{"href":"https:\/\/touchscreenmfg.com\/lv\/wp-json\/wp\/v2\/types\/product"}],"wp:featuredmedia":[{"embeddable":true,"href":"https:\/\/touchscreenmfg.com\/lv\/wp-json\/wp\/v2\/media\/1581"}],"wp:attachment":[{"href":"https:\/\/touchscreenmfg.com\/lv\/wp-json\/wp\/v2\/media?parent=1620"}],"wp:term":[{"taxonomy":"product_cat","embeddable":true,"href":"https:\/\/touchscreenmfg.com\/lv\/wp-json\/wp\/v2\/product_cat?post=1620"},{"taxonomy":"product_tag","embeddable":true,"href":"https:\/\/touchscreenmfg.com\/lv\/wp-json\/wp\/v2\/product_tag?post=1620"}],"curies":[{"name":"wp","href":"https:\/\/api.w.org\/{rel}","templated":true}]}}