{"id":1619,"date":"2024-06-29T01:06:11","date_gmt":"2024-06-29T01:06:11","guid":{"rendered":"https:\/\/touchscreenmfg.com\/manufacturer\/aio-pc-cover-glass\/"},"modified":"2024-06-29T02:32:50","modified_gmt":"2024-06-29T02:32:50","slug":"aio-pc-cover-glass","status":"publish","type":"product","link":"https:\/\/touchscreenmfg.com\/lv\/aio-pc-cover-glass\/","title":{"rendered":"AIO datora v\u0101ka stikls"},"content":{"rendered":"<h2 class=\"\" data-sourcepos=\"3:1-3:89\">AIO datora v\u0101ka stikls: Uzlabojiet sava AIO datora est\u0113tiku ar elegantu un stil\u012bgu aizsardz\u012bbu.<\/h2>\n<p data-sourcepos=\"5:1-5:54\">AIO datora v\u0101ka stikls, kas paz\u012bstams ar\u012b k\u0101 3D v\u0101ka stikls, ir augst\u0101k\u0101s kvalit\u0101tes stikla panelis, kas paredz\u0113ts, lai uzlabotu j\u016bsu daudzfunkcion\u0101l\u0101 (AIO) datora izskatu un aizsarg\u0101tu to. \u0160ie stil\u012bgie stikla v\u0101ki pied\u0101v\u0101 unik\u0101lu est\u0113tisk\u0101s pievilc\u012bbas un funkcion\u0101lo priek\u0161roc\u012bbu kombin\u0101ciju, p\u0101rv\u0113r\u0161ot j\u016bsu AIO datoru par j\u016bsu darba telpas vai m\u0101jas izklaides iek\u0101rtas centr\u0101lo elementu.<\/p>\n<p data-sourcepos=\"7:1-7:39\"><strong>Galven\u0101s funkcijas :<\/strong><\/p>\n<ul data-sourcepos=\"9:1-9:9\">\n<li data-sourcepos=\"9:1-9:9\">\n<p data-sourcepos=\"9:3-9:199\"><strong>Elegants un moderns dizains:<\/strong> AIO datora v\u0101ka stiklam ir gluds un moderns dizains, kas papildina AIO datoru minim\u0101lisma est\u0113tiku, pie\u0161\u0137irot j\u016bsu konfigur\u0101cijai eleganci un izsmalcin\u0101t\u012bbu.<\/p>\n<\/li>\n<li data-sourcepos=\"11:1-12:0\">\n<p data-sourcepos=\"11:3-11:189\"><strong>Uzlabota vizu\u0101l\u0101 pievilc\u012bba:<\/strong> Caursp\u012bd\u012bgais stikls \u013cauj izgaismot AIO datora iek\u0161\u0113jos komponentus, radot vizu\u0101li satrieco\u0161u efektu, kas demonstr\u0113 taj\u0101 eso\u0161\u0101s tehnolo\u0123ijas.<\/p>\n<\/li>\n<li data-sourcepos=\"13:1-13:125\">\n<p data-sourcepos=\"13:3-13:125\"><strong>3D malu dizains:<\/strong> Daudziem AIO datora v\u0101ka stikla pane\u013ciem ir 3D malu dizains, kas graciozi izliekas ap AIO datora mal\u0101m, nodro\u0161inot vienm\u0113r\u012bgu un izsmalcin\u0101tu izskatu.<\/p>\n<\/li>\n<li data-sourcepos=\"15:1-16:0\">\n<p data-sourcepos=\"15:3-15:211\"><strong>Iztur\u012bba pret skr\u0101p\u0113jumiem un triecieniem:<\/strong> Tas parasti ir izgatavots no r\u016bd\u012bta stikla, kas ir \u013coti iztur\u012bgs pret skr\u0101p\u0113jumiem, triecieniem un pirkstu nospiedumiem, nodro\u0161inot ilgsto\u0161u AIO datora aizsardz\u012bbu.<\/p>\n<\/li>\n<\/ul>\n<p data-sourcepos=\"17:1-17:39\"><strong>Pieteikumi:<\/strong><\/p>\n<ul data-sourcepos=\"19:1-24:0\">\n<li data-sourcepos=\"19:1-20:0\">\n<p data-sourcepos=\"19:3-19:171\"><strong>AIO datori:<\/strong> AIO datora v\u0101ka stikls ir \u012bpa\u0161i izstr\u0101d\u0101ts AIO datoriem, nodro\u0161inot perfektu pieska\u0146ojumu un uzlabojot \u0161o kompakto galddatoru kop\u0113jo izskatu un saj\u016btu.<\/p>\n<\/li>\n<li data-sourcepos=\"21:1-22:0\">\n<p data-sourcepos=\"21:3-21:207\"><strong>M\u0101jas izklaides centri:<\/strong> AIO datorus bie\u017ei izmanto k\u0101 da\u013cu no m\u0101jas izklaides centriem, un tas var uzlabot \u0161o komplektu est\u0113tisko pievilc\u012bbu, padarot tos par telpas centr\u0101lo punktu.<\/p>\n<\/li>\n<li data-sourcepos=\"23:1-24:0\">\n<p data-sourcepos=\"23:3-23:174\"><strong>Darba vietas:<\/strong> AIO datori k\u013c\u016bst arvien popul\u0101r\u0101ki ar\u012b darba telp\u0101s, un AIO datora v\u0101ka stikls var pie\u0161\u0137irt profesion\u0101lisma un stila akcentu jebkura biroja videi.<\/p>\n<\/li>\n<\/ul>","protected":false},"excerpt":{"rendered":"<p>AIO datora v\u0101ka stikls ir v\u0113rt\u012bgs papildin\u0101jums jebkuram AIO datoram, kas nodro\u0161ina est\u0113tisku uzlabojumu un funkcion\u0101lu aizsardz\u012bbu. Ar savu gludo dizainu, 3D malu deta\u013c\u0101m un pret skr\u0101p\u0113jumiem notur\u012bgaj\u0101m \u012bpa\u0161\u012bb\u0101m AIO datora v\u0101ka stikls p\u0101rv\u0113r\u0161 j\u016bsu AIO datoru par stil\u012bgu un aizsarg\u0101tu elementu.<\/p>","protected":false},"featured_media":1580,"template":"","meta":[],"product_cat":[15],"product_tag":[],"_links":{"self":[{"href":"https:\/\/touchscreenmfg.com\/lv\/wp-json\/wp\/v2\/product\/1619"}],"collection":[{"href":"https:\/\/touchscreenmfg.com\/lv\/wp-json\/wp\/v2\/product"}],"about":[{"href":"https:\/\/touchscreenmfg.com\/lv\/wp-json\/wp\/v2\/types\/product"}],"wp:featuredmedia":[{"embeddable":true,"href":"https:\/\/touchscreenmfg.com\/lv\/wp-json\/wp\/v2\/media\/1580"}],"wp:attachment":[{"href":"https:\/\/touchscreenmfg.com\/lv\/wp-json\/wp\/v2\/media?parent=1619"}],"wp:term":[{"taxonomy":"product_cat","embeddable":true,"href":"https:\/\/touchscreenmfg.com\/lv\/wp-json\/wp\/v2\/product_cat?post=1619"},{"taxonomy":"product_tag","embeddable":true,"href":"https:\/\/touchscreenmfg.com\/lv\/wp-json\/wp\/v2\/product_tag?post=1619"}],"curies":[{"name":"wp","href":"https:\/\/api.w.org\/{rel}","templated":true}]}}