{"id":1618,"date":"2024-06-29T01:06:11","date_gmt":"2024-06-29T01:06:11","guid":{"rendered":"https:\/\/touchscreenmfg.com\/manufacturer\/cover-lens\/"},"modified":"2024-06-29T02:42:53","modified_gmt":"2024-06-29T02:42:53","slug":"cover-lens","status":"publish","type":"product","link":"https:\/\/touchscreenmfg.com\/lv\/cover-lens\/","title":{"rendered":"V\u0101ka objekt\u012bvs"},"content":{"rendered":"<h2 class=\"\" data-sourcepos=\"1:1-1:69\">V\u0101ka objekt\u012bvs: Optisko l\u0113cu aizsardz\u012bba un uzlabo\u0161ana ar precizit\u0101ti<\/h2>\n<p data-sourcepos=\"3:1-3:129\">Aizsargl\u0113cas ir optiskie komponenti, kas tiek novietoti virs prim\u0101raj\u0101m l\u0113c\u0101m, lai pasarg\u0101tu t\u0101s no skr\u0101p\u0113jumiem, putek\u013ciem un citiem boj\u0101jo\u0161iem elementiem. T\u0101m ir b\u016btiska noz\u012bme da\u017e\u0101dos lietojumos, nodro\u0161inot optisko sist\u0113mu ilgm\u016b\u017e\u012bbu un optim\u0101lu veiktsp\u0113ju.<\/p>\n<p data-sourcepos=\"5:1-5:30\"><strong>Galven\u0101s funkcijas:<\/strong><\/p>\n<ul data-sourcepos=\"7:1-9:14\">\n<li data-sourcepos=\"7:1-8:0\">\n<p data-sourcepos=\"7:3-7:154\"><strong>Aizsardz\u012bba:<\/strong> V\u0101ka l\u0113cas darbojas k\u0101 barjera, pasarg\u0101jot prim\u0101r\u0101s l\u0113cas no skr\u0101p\u0113jumiem, nobr\u0101zumiem un citiem \u0101r\u0113jo faktoru rad\u012btiem fiziskiem boj\u0101jumiem.<\/p>\n<\/li>\n<li data-sourcepos=\"9:1-9:14\">\n<p data-sourcepos=\"9:3-9:14\"><strong>Iztur\u012bba:<\/strong> T\u0101s parasti ir izgatavotas no iztur\u012bgiem materi\u0101liem, piem\u0113ram, stikla vai plastmasas, kas nodro\u0161ina to iztur\u012bbu pret regul\u0101ru lieto\u0161anu un skarbiem vides apst\u0101k\u013ciem.<\/p>\n<\/li>\n<li data-sourcepos=\"11:1-11:41\">\n<p data-sourcepos=\"11:3-11:41\"><strong>Optisk\u0101 skaidr\u012bba:<\/strong> Augstas kvalit\u0101tes aizsargl\u0113cas saglab\u0101 izcilu optisko skaidr\u012bbu, \u013caujot gaismai izpl\u016bst cauri bez izkrop\u013cojumiem, saglab\u0101jot galven\u0101 objekt\u012bva att\u0113la kvalit\u0101ti.<\/p>\n<\/li>\n<li data-sourcepos=\"13:1-14:0\">\n<p data-sourcepos=\"13:3-13:133\"><strong>Daudzpus\u012bba:<\/strong> Tie ir pieejami da\u017e\u0101d\u0101s form\u0101s, izm\u0113ros un biezumos, lai atbilstu visda\u017e\u0101d\u0101kajiem optiskajiem lietojumiem.<\/p>\n<\/li>\n<\/ul>\n<p data-sourcepos=\"15:1-15:33\"><strong>Pieteikumi:<\/strong><\/p>\n<ul data-sourcepos=\"17:1-21:47\">\n<li data-sourcepos=\"17:1-18:0\">\n<p data-sourcepos=\"17:3-17:177\"><strong>Fotoapar\u0101tu un videokameru objekt\u012bvi:<\/strong> Aizsargapvalki ir svar\u012bgi, lai pasarg\u0101tu kameras un videokameras objekt\u012bvus no skr\u0101p\u0113jumiem, putek\u013ciem un pirkstu nospiedumiem, nodro\u0161inot asus un skaidrus att\u0113lus.<\/p>\n<\/li>\n<li data-sourcepos=\"19:1-20:0\">\n<p data-sourcepos=\"19:3-19:169\"><strong>Binok\u013ci un teleskopi:<\/strong> V\u0101ku l\u0113cas aizsarg\u0101 binok\u013ca un teleskopa objekt\u012bva un okul\u0101ra l\u0113cas, nov\u0113r\u0161ot putek\u013cu, mitruma un triecienu rad\u012btos boj\u0101jumus.<\/p>\n<\/li>\n<li data-sourcepos=\"21:1-21:47\">\n<p data-sourcepos=\"21:3-21:47\"><strong>Medic\u012bnisk\u0101s ier\u012bces:<\/strong> Tos izmanto medic\u012bnas ier\u012bc\u0113s, piem\u0113ram, mikroskopos un endoskopos, lai pasarg\u0101tu jut\u012bgos optiskos komponentus no pies\u0101r\u0146ojuma un boj\u0101jumiem.<\/p>\n<\/li>\n<li data-sourcepos=\"23:1-24:0\">\n<p data-sourcepos=\"23:3-23:161\"><strong>R\u016bpnieciskie lietojumi:<\/strong> Tos izmanto r\u016bpnieciskos apst\u0101k\u013cos, lai aizsarg\u0101tu sensorus, l\u0101zerus un citus optiskos komponentus no skarbas vides.<\/p>\n<\/li>\n<\/ul>\n<p data-sourcepos=\"25:1-25:269\">Optisko l\u0113cu pul\u0113\u0161ana ir \u013coti svar\u012bgs process, kas nodro\u0161ina, ka p\u0101rkl\u0101juma l\u0113cas saglab\u0101 savu optisko skaidr\u012bbu un p\u0101rvada gaismu bez izkrop\u013cojumiem. Pul\u0113\u0161ana nov\u0113r\u0161 mikroskopiskas nepiln\u012bbas un nel\u012bdzenumus l\u0113cas virsm\u0101, t\u0101d\u0113j\u0101di ieg\u016bstot gludu un dzidru virsmu.<\/p>","protected":false},"excerpt":{"rendered":"<p>Aizkl\u0101juma objekt\u012bvs ir v\u0113rt\u012bgs ieguld\u012bjums jebkur\u0101 ier\u012bc\u0113 ar sk\u0101rienj\u016bt\u012bgo ekr\u0101nu vai jut\u012bgu displeju. Tas nodro\u0161ina b\u016btisku aizsardz\u012bbu, vienlaikus potenci\u0101li uzlabojot lietot\u0101ja pieredzi.<\/p>","protected":false},"featured_media":1579,"template":"","meta":[],"product_cat":[15],"product_tag":[],"_links":{"self":[{"href":"https:\/\/touchscreenmfg.com\/lv\/wp-json\/wp\/v2\/product\/1618"}],"collection":[{"href":"https:\/\/touchscreenmfg.com\/lv\/wp-json\/wp\/v2\/product"}],"about":[{"href":"https:\/\/touchscreenmfg.com\/lv\/wp-json\/wp\/v2\/types\/product"}],"wp:featuredmedia":[{"embeddable":true,"href":"https:\/\/touchscreenmfg.com\/lv\/wp-json\/wp\/v2\/media\/1579"}],"wp:attachment":[{"href":"https:\/\/touchscreenmfg.com\/lv\/wp-json\/wp\/v2\/media?parent=1618"}],"wp:term":[{"taxonomy":"product_cat","embeddable":true,"href":"https:\/\/touchscreenmfg.com\/lv\/wp-json\/wp\/v2\/product_cat?post=1618"},{"taxonomy":"product_tag","embeddable":true,"href":"https:\/\/touchscreenmfg.com\/lv\/wp-json\/wp\/v2\/product_tag?post=1618"}],"curies":[{"name":"wp","href":"https:\/\/api.w.org\/{rel}","templated":true}]}}