{"id":1617,"date":"2024-06-29T01:06:11","date_gmt":"2024-06-29T01:06:11","guid":{"rendered":"https:\/\/touchscreenmfg.com\/manufacturer\/gaming-glass\/"},"modified":"2024-06-29T02:51:17","modified_gmt":"2024-06-29T02:51:17","slug":"gaming-glass","status":"publish","type":"product","link":"https:\/\/touchscreenmfg.com\/lv\/gaming-glass\/","title":{"rendered":"Sp\u0113\u013cu stikls"},"content":{"rendered":"<h2 class=\"\" data-sourcepos=\"1:1-1:81\">Sp\u0113\u013cu stikls: Uzlabojiet savu sp\u0113\u013cu pieredzi ar acu aizsardz\u012bbu un komfortu.<\/h2>\n<p data-sourcepos=\"3:1-3:118\">Sp\u0113\u013cu brilles, kas paz\u012bstamas ar\u012b k\u0101 sp\u0113\u013cu brilles, ir specializ\u0113tas brilles, kas paredz\u0113tas, lai uzlabotu komfortu un samazin\u0101tu acu sasprindzin\u0101jumu ilgsto\u0161u sp\u0113\u013cu sesiju laik\u0101. \u0160iem stikliem parasti ir vair\u0101kas galven\u0101s funkcijas, kas atbilst \u012bpa\u0161\u0101m sp\u0113l\u0113t\u0101ju vajadz\u012bb\u0101m.<\/p>\n<p data-sourcepos=\"5:1-5:35\"><strong>Galven\u0101s funkcijas:<\/strong><\/p>\n<ul data-sourcepos=\"7:1-9:66\">\n<li data-sourcepos=\"7:1-8:0\">\n<p data-sourcepos=\"7:3-7:300\"><strong>Zil\u0101s gaismas blo\u0137\u0113\u0161anas l\u0113cas:<\/strong> Tajos bie\u017ei vien ir ieb\u016bv\u0113tas zilo gaismu blo\u0137\u0113jo\u0161as l\u0113cas, kas filtr\u0113 da\u013cu zil\u0101s gaismas, ko izstaro digit\u0101lie ekr\u0101ni. Zil\u0101 gaisma var trauc\u0113t miegu un veicin\u0101t acu nogurumu, t\u0101p\u0113c, samazinot t\u0101s iedarb\u012bbu, var uzlabot komfortu un visp\u0101r\u0113jo labsaj\u016btu.<\/p>\n<\/li>\n<li data-sourcepos=\"9:1-9:66\">\n<p data-sourcepos=\"9:3-9:66\"><strong>Pretap\u017eilbino\u0161s p\u0101rkl\u0101jums:<\/strong> Tam parasti ir pretatstaro\u0161anas p\u0101rkl\u0101jums, kas samazina apk\u0101rt\u0113j\u0101s gaismas avotu rad\u012btos atsp\u012bdumus, mazinot acu nogurumu un uzlabojot ekr\u0101na redzam\u012bbu, \u012bpa\u0161i v\u0101ji apgaismot\u0101 vid\u0113.<\/p>\n<\/li>\n<li data-sourcepos=\"11:1-12:0\">\n<p data-sourcepos=\"11:3-11:176\"><strong>\u0112rti r\u0101mji:<\/strong> T\u0101s parasti ir veidotas ar viegliem un \u0113rtiem r\u0101mjiem, lai samazin\u0101tu svaru un spiedienu uz seju ilgsto\u0161u sp\u0113\u013cu sesiju laik\u0101.<\/p>\n<\/li>\n<li data-sourcepos=\"13:1-14:0\">\n<p data-sourcepos=\"13:3-13:159\"><strong>Stilu da\u017e\u0101d\u012bba:<\/strong> Tie ir pieejami da\u017e\u0101dos stilos, lai atbilstu da\u017e\u0101d\u0101m v\u0113lm\u0113m, s\u0101kot no gludiem un moderniem mode\u013ciem l\u012bdz tradicion\u0101l\u0101kiem r\u0101mjiem.<\/p>\n<\/li>\n<\/ul>\n<p data-sourcepos=\"15:1-15:35\"><strong>Pieteikumi:<\/strong><\/p>\n<ul data-sourcepos=\"17:1-19:78\">\n<li data-sourcepos=\"17:1-18:0\">\n<p data-sourcepos=\"17:3-17:119\"><strong>Person\u0101lo datoru sp\u0113les:<\/strong> Tos galvenok\u0101rt izmanto datorsp\u0113l\u0113t\u0101ji, kuri ilgsto\u0161i skat\u0101s uz datora ekr\u0101nu.<\/p>\n<\/li>\n<li data-sourcepos=\"19:1-19:78\">\n<p data-sourcepos=\"19:3-19:78\"><strong>Sp\u0113\u013cu konsoles:<\/strong> Sp\u0113\u013cu brilles var noder\u0113t ar\u012b tiem sp\u0113l\u0113t\u0101jiem, kuri sp\u0113l\u0113 ar sp\u0113\u013cu konsol\u0113m, jo \u012bpa\u0161i, ja vi\u0146i sp\u0113l\u0113 tum\u0161\u0101s telp\u0101s vai ilgas stundas.<\/p>\n<\/li>\n<li data-sourcepos=\"21:1-22:0\">\n<p data-sourcepos=\"21:3-21:166\"><strong>Konkur\u0113tsp\u0113j\u012bgas sp\u0113les:<\/strong> Profesion\u0101li un konkur\u0113tsp\u0113j\u012bgi sp\u0113l\u0113t\u0101ji bie\u017ei izmanto sp\u0113\u013cu brilles, lai saglab\u0101tu optim\u0101lu fokusu un samazin\u0101tu acu sasprindzin\u0101jumu intens\u012bvu sp\u0113\u013cu sesiju laik\u0101.<\/p>\n<\/li>\n<\/ul>","protected":false},"excerpt":{"rendered":"<p>Sp\u0113\u013cu stikli ir r\u016bd\u012bta stikla aizsargi, kas paredz\u0113ti tie\u0161i sp\u0113\u013cu ier\u012bc\u0113m.T\u0101pat k\u0101 parasto r\u016bd\u012bt\u0101 stikla aizsargu m\u0113r\u0137is ir aizsarg\u0101t sp\u0113\u013cu ier\u012bces jut\u012bgo displeju no skr\u0101p\u0113jumiem un triecieniem.<\/p>","protected":false},"featured_media":1578,"template":"","meta":[],"product_cat":[15],"product_tag":[],"_links":{"self":[{"href":"https:\/\/touchscreenmfg.com\/lv\/wp-json\/wp\/v2\/product\/1617"}],"collection":[{"href":"https:\/\/touchscreenmfg.com\/lv\/wp-json\/wp\/v2\/product"}],"about":[{"href":"https:\/\/touchscreenmfg.com\/lv\/wp-json\/wp\/v2\/types\/product"}],"wp:featuredmedia":[{"embeddable":true,"href":"https:\/\/touchscreenmfg.com\/lv\/wp-json\/wp\/v2\/media\/1578"}],"wp:attachment":[{"href":"https:\/\/touchscreenmfg.com\/lv\/wp-json\/wp\/v2\/media?parent=1617"}],"wp:term":[{"taxonomy":"product_cat","embeddable":true,"href":"https:\/\/touchscreenmfg.com\/lv\/wp-json\/wp\/v2\/product_cat?post=1617"},{"taxonomy":"product_tag","embeddable":true,"href":"https:\/\/touchscreenmfg.com\/lv\/wp-json\/wp\/v2\/product_tag?post=1617"}],"curies":[{"name":"wp","href":"https:\/\/api.w.org\/{rel}","templated":true}]}}