{"id":1616,"date":"2024-06-29T01:06:11","date_gmt":"2024-06-29T01:06:11","guid":{"rendered":"https:\/\/touchscreenmfg.com\/manufacturer\/3d-cover-glass\/"},"modified":"2024-06-29T03:02:20","modified_gmt":"2024-06-29T03:02:20","slug":"3d-cover-glass","status":"publish","type":"product","link":"https:\/\/touchscreenmfg.com\/lv\/3d-cover-glass\/","title":{"rendered":"3D v\u0101ka stikls"},"content":{"rendered":"<h2 class=\"\" data-sourcepos=\"1:1-1:67\">3D v\u0101ka stikls: Veidojot gludu un iztur\u012bgu displeju n\u0101kotni<\/h2>\n<p data-sourcepos=\"3:1-3:68\">3D v\u0101ka stikls, kas paz\u012bstams ar\u012b k\u0101 izliekts v\u0101ka stikls, ir revolucion\u0101rs stikla veids, kas maina elektronisko ier\u012b\u010du dizainu un funkcionalit\u0101ti. At\u0161\u0137ir\u012bb\u0101 no tradicion\u0101l\u0101 plakan\u0101 v\u0101ka stikla tam ir izliekta forma, kas nevainojami atbilst m\u016bsdienu izliekto displeju kont\u016br\u0101m. \u0160is inovat\u012bvais dizains pied\u0101v\u0101 virkni priek\u0161roc\u012bbu sal\u012bdzin\u0101jum\u0101 ar plakano v\u0101ka stiklu, padarot to par v\u0113lamo izv\u0113li gan ra\u017eot\u0101jiem, gan pat\u0113r\u0113t\u0101jiem.<\/p>\n<p data-sourcepos=\"5:1-5:2\"><strong>Galven\u0101s funkcijas:<\/strong><\/p>\n<ul data-sourcepos=\"7:1-7:103\">\n<li data-sourcepos=\"7:1-7:103\">\n<p class=\"\" data-sourcepos=\"7:3-7:170\"><strong class=\"\">Gluds un elegants dizains:<\/strong> Tas uzlabo ier\u012b\u010du est\u0113tiku, radot gludu, nep\u0101rtrauktu virsmu, kas vienm\u0113r\u012bgi sapl\u016bst ar izliekto displeju.<\/p>\n<\/li>\n<li data-sourcepos=\"9:1-10:0\">\n<p data-sourcepos=\"9:3-9:177\"><strong>Uzlabota iztur\u012bba:<\/strong> 3D v\u0101ka stikla izliekt\u0101 forma nodro\u0161ina lab\u0101ku struktur\u0101lo atbalstu, padarot to iztur\u012bg\u0101ku pret triecieniem un skr\u0101p\u0113jumiem sal\u012bdzin\u0101jum\u0101 ar plakano v\u0101ka stiklu.<\/p>\n<\/li>\n<li data-sourcepos=\"11:1-12:0\">\n<p data-sourcepos=\"11:3-11:160\"><strong>Uzlabots displejs no malas l\u012bdz malai:<\/strong> Tas \u013cauj izmantot displejus no malas l\u012bdz malai, maksim\u0101li palielinot skata laukumu un radot pla\u0161\u0101ku lietot\u0101ja pieredzi.<\/p>\n<\/li>\n<li data-sourcepos=\"13:1-13:105\">\n<p data-sourcepos=\"13:3-13:105\"><strong>Savietojam\u012bba ar sk\u0101rienekr\u0101nu:<\/strong> Tas ir piln\u012bb\u0101 sader\u012bgs ar sk\u0101rienekr\u0101na tehnolo\u0123iju, nodro\u0161inot netrauc\u0113tu sk\u0101rienj\u016bt\u012bgu mijiedarb\u012bbu.<\/p>\n<\/li>\n<\/ul>\n<p data-sourcepos=\"15:1-15:35\"><strong>Pieteikumi:<\/strong><\/p>\n<ul data-sourcepos=\"17:1-24:0\">\n<li data-sourcepos=\"17:1-18:0\">\n<p data-sourcepos=\"17:3-17:135\"><strong>Viedt\u0101lru\u0146i:<\/strong> Tas tiek pla\u0161i izmantots augstas klases viedt\u0101lru\u0146os, veicinot to gludo dizainu un iztur\u012bgo konstrukciju.<\/p>\n<\/li>\n<li data-sourcepos=\"19:1-20:0\">\n<p data-sourcepos=\"19:3-19:118\"><strong>Tabletes:<\/strong> Liel\u0101kiem displejiem un uzlabotai lieto\u0161anas pieredzei plan\u0161etdatoros arvien bie\u017e\u0101k tiek izmantots 3D p\u0101rkl\u0101juma stikls.<\/p>\n<\/li>\n<li data-sourcepos=\"21:1-22:0\">\n<p data-sourcepos=\"21:3-21:113\"><strong>Portat\u012bvie datori:<\/strong> Da\u017eiem augst\u0101k\u0101s klases kl\u0113pjdatoriem ir 3D p\u0101rkl\u0101juma stikls, kas nodro\u0161ina sk\u0101rienjut\u012bgu displeju un elegantu est\u0113tiku.<\/p>\n<\/li>\n<li data-sourcepos=\"23:1-24:0\">\n<p data-sourcepos=\"23:3-23:146\"><strong>Viedie pulkste\u0146i:<\/strong>Tas tiek izmantots viedpulkste\u0146os, nodro\u0161inot iztur\u012bg\u0101ku un vizu\u0101li pievilc\u012bg\u0101ku p\u0101rkl\u0101jumu to displejiem.<\/p>\n<\/li>\n<\/ul>","protected":false},"excerpt":{"rendered":"<p>3D v\u0101ka stikls ir p\u0101rmai\u0146as elektronisko ier\u012b\u010du pasaul\u0113, pied\u0101v\u0101jot elegantu dizainu, uzlabotu iztur\u012bbu un uzlabotas displeja iesp\u0113jas. Tehnolo\u0123ijai att\u012bstoties, tas k\u013c\u016bs v\u0113l izplat\u012bt\u0101ks, veidojot viedt\u0101lru\u0146u, plan\u0161etdatoru, kl\u0113pjdatoru un citu ier\u012b\u010du n\u0101kotni.<\/p>","protected":false},"featured_media":1577,"template":"","meta":[],"product_cat":[15],"product_tag":[],"_links":{"self":[{"href":"https:\/\/touchscreenmfg.com\/lv\/wp-json\/wp\/v2\/product\/1616"}],"collection":[{"href":"https:\/\/touchscreenmfg.com\/lv\/wp-json\/wp\/v2\/product"}],"about":[{"href":"https:\/\/touchscreenmfg.com\/lv\/wp-json\/wp\/v2\/types\/product"}],"wp:featuredmedia":[{"embeddable":true,"href":"https:\/\/touchscreenmfg.com\/lv\/wp-json\/wp\/v2\/media\/1577"}],"wp:attachment":[{"href":"https:\/\/touchscreenmfg.com\/lv\/wp-json\/wp\/v2\/media?parent=1616"}],"wp:term":[{"taxonomy":"product_cat","embeddable":true,"href":"https:\/\/touchscreenmfg.com\/lv\/wp-json\/wp\/v2\/product_cat?post=1616"},{"taxonomy":"product_tag","embeddable":true,"href":"https:\/\/touchscreenmfg.com\/lv\/wp-json\/wp\/v2\/product_tag?post=1616"}],"curies":[{"name":"wp","href":"https:\/\/api.w.org\/{rel}","templated":true}]}}