{"id":1615,"date":"2024-06-29T01:06:11","date_gmt":"2024-06-29T01:06:11","guid":{"rendered":"https:\/\/touchscreenmfg.com\/manufacturer\/chemically-tempered-cover-glass\/"},"modified":"2024-06-29T03:26:40","modified_gmt":"2024-06-29T03:26:40","slug":"chemically-tempered-cover-glass","status":"publish","type":"product","link":"https:\/\/touchscreenmfg.com\/lv\/chemically-tempered-cover-glass\/","title":{"rendered":"\u0136\u012bmiski r\u016bd\u012bts v\u0101ka stikls"},"content":{"rendered":"<h2 class=\"\" data-sourcepos=\"1:1-1:91\">\u0136\u012bmiski r\u016bd\u012bts v\u0101ka stikls: Elektronisko ier\u012b\u010du iztur\u012bbas un skaidr\u012bbas uzlabo\u0161ana<\/h2>\n<p data-sourcepos=\"3:1-3:72\">\u0136\u012bmiski r\u016bd\u012bts p\u0101rkl\u0101juma stikls, kas paz\u012bstams ar\u012b k\u0101 jonu mai\u0146as stikls, ir stikla veids, kas ir \u0137\u012bmiski apstr\u0101d\u0101ts, lai palielin\u0101tu t\u0101 iztur\u012bbu un iztur\u012bbu. \u0160is process, kas parasti ietver n\u0101trija jonu nomai\u0146u stikla sast\u0101v\u0101 pret k\u0101lija joniem, rada saspie\u0161anas sprieguma sl\u0101ni uz virsmas, padarot stiklu iztur\u012bg\u0101ku pret skr\u0101p\u0113jumiem, triecieniem un termiskiem triecieniem.<\/p>\n<p data-sourcepos=\"5:1-5:49\"><strong>Galven\u0101s funkcijas:<\/strong><\/p>\n<ul data-sourcepos=\"7:1-9:1\">\n<li data-sourcepos=\"7:1-8:0\">\n<p data-sourcepos=\"7:3-7:166\"><strong>Pastiprin\u0101ta iztur\u012bba:<\/strong> Tas parasti ir se\u0161as l\u012bdz asto\u0146as reizes iztur\u012bg\u0101ks par parasto stiklu, t\u0101p\u0113c ir maz\u0101k pak\u013cauts boj\u0101jumiem un skr\u0101p\u0113jumiem.<\/p>\n<\/li>\n<li data-sourcepos=\"9:1-9:1\">\n<p data-sourcepos=\"9:3-9:140\"><strong>Optisk\u0101 skaidr\u012bba:<\/strong> Jonu apmai\u0146as process nemaina stikla optisk\u0101s \u012bpa\u0161\u012bbas, saglab\u0101jot t\u0101 caursp\u012bd\u012bgumu un dzidrumu.<\/p>\n<\/li>\n<li data-sourcepos=\"11:1-12:0\">\n<p data-sourcepos=\"11:3-11:145\"><strong>Daudzpus\u012bba:<\/strong> To var sagriezt un veidot da\u017e\u0101d\u0101s form\u0101s, t\u0101p\u0113c tas ir piem\u0113rots visda\u017e\u0101d\u0101kajiem lietojumiem.<\/p>\n<\/li>\n<li data-sourcepos=\"13:1-14:0\">\n<p data-sourcepos=\"13:3-13:163\"><strong>Pl\u0101nums:<\/strong> Sal\u012bdzinot ar termiski r\u016bd\u012btu stiklu, to var izgatavot pl\u0101n\u0101kos gabalos, kas \u013cauj izgatavot viegl\u0101kas un glud\u0101kas ier\u012bces.<\/p>\n<\/li>\n<\/ul>\n<p data-sourcepos=\"15:1-15:52\"><strong>Pieteikumi:<\/strong><\/p>\n<ul data-sourcepos=\"17:1-19:1\">\n<li data-sourcepos=\"17:1-18:0\">\n<p data-sourcepos=\"17:3-17:184\"><strong>Viedt\u0101lru\u0146i un plan\u0161etdatori:<\/strong>To pla\u0161i izmanto viedt\u0101lru\u0146os un plan\u0161etdatoros, lai pasarg\u0101tu jut\u012bgos displejus no skr\u0101p\u0113jumiem, triecieniem un nejau\u0161iem kritieniem.<\/p>\n<\/li>\n<li data-sourcepos=\"19:1-19:1\">\n<p data-sourcepos=\"19:3-19:159\"><strong>Portat\u012bvie datori un p\u0101rn\u0113s\u0101jam\u0101s ier\u012bces:<\/strong> Portat\u012bvie datori, plan\u0161etdatori un citas p\u0101rn\u0113s\u0101jam\u0101s ier\u012bces bie\u017ei izmanto \u0137\u012bmiski r\u016bd\u012btu v\u0101ka stiklu saviem displejiem un sk\u0101rienjut\u012bgajiem ekr\u0101niem.<\/p>\n<\/li>\n<li data-sourcepos=\"21:1-22:0\">\n<p data-sourcepos=\"21:3-21:151\"><strong>Automobi\u013cu displeji:<\/strong> T\u0101 iztur\u012bbas un optisk\u0101s skaidr\u012bbas d\u0113\u013c to arvien bie\u017e\u0101k izmanto automobi\u013cu displejos.<\/p>\n<\/li>\n<li data-sourcepos=\"23:1-24:0\">\n<p data-sourcepos=\"23:3-23:160\"><strong>Viedie pulkste\u0146i un valk\u0101jam\u0101s ier\u012bces:<\/strong> Viedie pulkste\u0146i un citas valk\u0101jam\u0101s ier\u012bces g\u016bst labumu no \u0137\u012bmiski r\u016bd\u012bta v\u0101ka stikla iztur\u012bbas un iztur\u012bbas pret skr\u0101p\u0113jumiem.<\/p>\n<\/li>\n<\/ul>\n<p data-sourcepos=\"25:1-25:27\"><strong>R\u016bd\u012bta stikla grie\u0161ana:<\/strong><\/p>\n<p data-sourcepos=\"27:1-27:276\">\u0136\u012bmiski r\u016bd\u012bta v\u0101ka stikla grie\u0161anai ir nepiecie\u0161amas specializ\u0113tas metodes un apr\u012bkojums, jo tas ir iztur\u012bg\u0101ks un var sadr\u016bzm\u0113ties, ja ar to r\u012bkojas nepareizi. Prec\u012bzai un dro\u0161ai \u0137\u012bmiski r\u016bd\u012bta v\u0101ka stikla grie\u0161anai ieteicams izmantot profesion\u0101lus stikla grie\u0161anas pakalpojumus.<\/p>","protected":false},"excerpt":{"rendered":"<p>\u0136\u012bmiski r\u016bd\u012bts v\u0101ka stikls ir k\u013cuvis par v\u0113lamo izv\u0113li da\u017e\u0101du elektronisko ier\u012b\u010du displeju aizsardz\u012bbai un uzlabo\u0161anai. T\u0101 iztur\u012bbas, optisk\u0101s skaidr\u012bbas un daudzpus\u012bbas kombin\u0101cija padara to par b\u016btisku m\u016bsdienu tehnolo\u0123iju sast\u0101vda\u013cu.<\/p>","protected":false},"featured_media":1576,"template":"","meta":[],"product_cat":[15],"product_tag":[],"_links":{"self":[{"href":"https:\/\/touchscreenmfg.com\/lv\/wp-json\/wp\/v2\/product\/1615"}],"collection":[{"href":"https:\/\/touchscreenmfg.com\/lv\/wp-json\/wp\/v2\/product"}],"about":[{"href":"https:\/\/touchscreenmfg.com\/lv\/wp-json\/wp\/v2\/types\/product"}],"wp:featuredmedia":[{"embeddable":true,"href":"https:\/\/touchscreenmfg.com\/lv\/wp-json\/wp\/v2\/media\/1576"}],"wp:attachment":[{"href":"https:\/\/touchscreenmfg.com\/lv\/wp-json\/wp\/v2\/media?parent=1615"}],"wp:term":[{"taxonomy":"product_cat","embeddable":true,"href":"https:\/\/touchscreenmfg.com\/lv\/wp-json\/wp\/v2\/product_cat?post=1615"},{"taxonomy":"product_tag","embeddable":true,"href":"https:\/\/touchscreenmfg.com\/lv\/wp-json\/wp\/v2\/product_tag?post=1615"}],"curies":[{"name":"wp","href":"https:\/\/api.w.org\/{rel}","templated":true}]}}