{"id":1614,"date":"2024-06-29T01:06:11","date_gmt":"2024-06-29T01:06:11","guid":{"rendered":"https:\/\/touchscreenmfg.com\/manufacturer\/physically-tempered-cover-glass\/"},"modified":"2024-06-29T03:30:56","modified_gmt":"2024-06-29T03:30:56","slug":"physically-tempered-cover-glass","status":"publish","type":"product","link":"https:\/\/touchscreenmfg.com\/lv\/physically-tempered-cover-glass\/","title":{"rendered":"Fiziski r\u016bd\u012bts v\u0101ka stikls"},"content":{"rendered":"<h2 class=\"\" data-sourcepos=\"1:1-1:100\">Fiziski r\u016bd\u012bts v\u0101ka stikls: Dro\u0161a aizsardz\u012bba un uzlabota iztur\u012bba elektroniskaj\u0101m ier\u012bc\u0113m<\/h2>\n<p data-sourcepos=\"3:1-3:96\">Fiziski r\u016bd\u012bts v\u0101ka stikls, kas paz\u012bstams ar\u012b k\u0101 termiski r\u016bd\u012bts stikls, ir stikla veids, kas ir termiski apstr\u0101d\u0101ts, lai palielin\u0101tu t\u0101 iztur\u012bbu un iztur\u012bbu. \u0160aj\u0101 proces\u0101, kas parasti ietver strauju stikla sasil\u0161anu un atdzi\u0161anu, uz virsmas tiek izveidots saspie\u0161anas sprieguma sl\u0101nis, padarot stiklu iztur\u012bg\u0101ku pret skr\u0101p\u0113jumiem, triecieniem un termiskiem triecieniem.<\/p>\n<p data-sourcepos=\"5:1-5:52\"><strong>Fiziski r\u016bd\u012bta v\u0101ka stikla galven\u0101s funkcijas:<\/strong><\/p>\n<ul data-sourcepos=\"7:1-7:27\">\n<li data-sourcepos=\"7:1-7:27\">\n<p data-sourcepos=\"7:3-7:183\"><strong>Izcila iztur\u012bba:<\/strong> Fiziski r\u016bd\u012btais v\u0101ka stikls parasti ir \u010detras l\u012bdz piecas reizes iztur\u012bg\u0101ks par parasto stiklu, nodro\u0161inot izcilu aizsardz\u012bbu pret boj\u0101jumiem un skr\u0101p\u0113jumiem.<\/p>\n<\/li>\n<li data-sourcepos=\"9:1-9:54\">\n<p data-sourcepos=\"9:3-9:54\"><strong>Optisk\u0101 skaidr\u012bba:<\/strong> Termisk\u0101s apstr\u0101des process nemaina stikla optisk\u0101s \u012bpa\u0161\u012bbas, saglab\u0101jot t\u0101 caursp\u012bd\u012bgumu un dzidrumu.<\/p>\n<\/li>\n<li data-sourcepos=\"11:1-12:0\">\n<p data-sourcepos=\"11:3-11:145\"><strong>Daudzpus\u012bba:<\/strong> Fiziski r\u016bd\u012bto v\u0101ku stiklu var sagriezt un veidot da\u017e\u0101d\u0101s form\u0101s, t\u0101p\u0113c tas ir piem\u0113rots visda\u017e\u0101d\u0101kajiem lietojumiem.<\/p>\n<\/li>\n<li data-sourcepos=\"13:1-14:0\">\n<p data-sourcepos=\"13:3-13:171\"><strong>Pl\u0101n\u0101kas opcijas:<\/strong> Fiziski r\u016bd\u012btu v\u0101ka stiklu var izgatavot pl\u0101n\u0101kos gabalos, sal\u012bdzinot ar \u0137\u012bmiski r\u016bd\u012btu stiklu, kas \u013cauj izgatavot glud\u0101kas un viegl\u0101kas ier\u012bces.<\/p>\n<\/li>\n<\/ul>\n<p data-sourcepos=\"15:1-15:52\"><strong>Fiziski r\u016bd\u012bta v\u0101ka stikla lietojumprogrammas:<\/strong><\/p>\n<ul data-sourcepos=\"17:1-19:98\">\n<li data-sourcepos=\"17:1-18:0\">\n<p data-sourcepos=\"17:3-17:184\"><strong>Viedt\u0101lru\u0146i un plan\u0161etdatori:<\/strong> Fiziski r\u016bd\u012bts v\u0101ka stikls tiek pla\u0161i izmantots viedt\u0101lru\u0146os un plan\u0161etdatoros, lai pasarg\u0101tu jut\u012bgos displejus no skr\u0101p\u0113jumiem, triecieniem un nejau\u0161iem kritieniem.<\/p>\n<\/li>\n<li data-sourcepos=\"19:1-19:98\">\n<p data-sourcepos=\"19:3-19:98\"><strong>Arhitekt\u016bras lietojumprogrammas:<\/strong> Fiziski r\u016bd\u012bts p\u0101rkl\u0101juma stikls tiek izmantots da\u017e\u0101dos arhitekt\u016bras veidos, piem\u0113ram, logos, durv\u012bs un starpsien\u0101s, pateicoties t\u0101 iztur\u012bbas un dro\u0161\u012bbas \u012bpa\u0161\u012bb\u0101m.<\/p>\n<\/li>\n<li data-sourcepos=\"21:1-22:0\">\n<p data-sourcepos=\"21:3-21:151\"><strong>Automobi\u013cu displeji:<\/strong> Fiziski r\u016bd\u012bts v\u0101ka stikls arvien bie\u017e\u0101k tiek izmantots automobi\u013cu displejos, jo tas ir iztur\u012bgs un optiski dzidrs.<\/p>\n<\/li>\n<li data-sourcepos=\"23:1-24:0\">\n<p data-sourcepos=\"23:3-23:154\"><strong>Ier\u012b\u010du pane\u013ci:<\/strong> Sadz\u012bves tehnikai, piem\u0113ram, ledusskapjiem un cepe\u0161kr\u0101sn\u012bm, vad\u012bbas pane\u013ciem un displejiem bie\u017ei tiek izmantots fiziski r\u016bd\u012bts v\u0101ka stikls.<\/p>\n<\/li>\n<\/ul>\n<p data-sourcepos=\"25:1-25:28\"><strong>Stikla r\u016bd\u012b\u0161anas process:<\/strong><\/p>\n<p data-sourcepos=\"27:1-27:309\">Fiziski r\u016bd\u012bt\u0101 v\u0101ka stikla r\u016bd\u012b\u0161anas proces\u0101 stiklu uzkars\u0113 l\u012bdz aptuveni 600-700\u00b0C temperat\u016brai un p\u0113c tam strauji atdzes\u0113 ar auksta gaisa str\u016bklu. \u0160\u012b strauj\u0101 temperat\u016bras mai\u0146a rada saspie\u0161anas sprieguma sl\u0101ni uz virsmas, padarot stiklu iztur\u012bg\u0101ku pret spriegumu un pl\u012bsumiem.<\/p>","protected":false},"excerpt":{"rendered":"<p>Fiziski r\u016bd\u012btais v\u0101ka stikls ir k\u013cuvis par elektronisko ier\u012b\u010du un arhitekt\u016bras lietojumu aizsardz\u012bbas pamatu. T\u0101 \u0101rk\u0101rt\u0113j\u0101 iztur\u012bba, optisk\u0101 skaidr\u012bba un daudzpus\u012bba padara to par b\u016btisku m\u016bsdienu tehnolo\u0123iju un b\u016bvniec\u012bbas sast\u0101vda\u013cu.<\/p>","protected":false},"featured_media":1575,"template":"","meta":[],"product_cat":[15],"product_tag":[],"_links":{"self":[{"href":"https:\/\/touchscreenmfg.com\/lv\/wp-json\/wp\/v2\/product\/1614"}],"collection":[{"href":"https:\/\/touchscreenmfg.com\/lv\/wp-json\/wp\/v2\/product"}],"about":[{"href":"https:\/\/touchscreenmfg.com\/lv\/wp-json\/wp\/v2\/types\/product"}],"wp:featuredmedia":[{"embeddable":true,"href":"https:\/\/touchscreenmfg.com\/lv\/wp-json\/wp\/v2\/media\/1575"}],"wp:attachment":[{"href":"https:\/\/touchscreenmfg.com\/lv\/wp-json\/wp\/v2\/media?parent=1614"}],"wp:term":[{"taxonomy":"product_cat","embeddable":true,"href":"https:\/\/touchscreenmfg.com\/lv\/wp-json\/wp\/v2\/product_cat?post=1614"},{"taxonomy":"product_tag","embeddable":true,"href":"https:\/\/touchscreenmfg.com\/lv\/wp-json\/wp\/v2\/product_tag?post=1614"}],"curies":[{"name":"wp","href":"https:\/\/api.w.org\/{rel}","templated":true}]}}